{"id":889,"date":"2021-01-24T19:27:54","date_gmt":"2021-01-24T17:27:54","guid":{"rendered":"http:\/\/apsaugos.lt\/?page_id=889"},"modified":"2021-01-24T19:32:06","modified_gmt":"2021-01-24T17:32:06","slug":"elementor-889","status":"publish","type":"page","link":"https:\/\/apsaugos.lt\/?page_id=889","title":{"rendered":"Kontaktai"},"content":{"rendered":"\t\t<div data-elementor-type=\"wp-page\" data-elementor-id=\"889\" class=\"elementor elementor-889\" data-elementor-post-type=\"page\">\n\t\t\t\t\t\t<section class=\"elementor-section elementor-top-section elementor-element elementor-element-0454853 elementor-section-boxed elementor-section-height-default elementor-section-height-default\" data-id=\"0454853\" data-element_type=\"section\">\n\t\t\t\t\t\t<div class=\"elementor-container elementor-column-gap-default\">\n\t\t\t\t\t<div class=\"elementor-column elementor-col-100 elementor-top-column elementor-element elementor-element-8df6523\" data-id=\"8df6523\" data-element_type=\"column\">\n\t\t\t<div class=\"elementor-widget-wrap elementor-element-populated\">\n\t\t\t\t\t\t<div class=\"elementor-element elementor-element-c58e609 elementor-widget elementor-widget-text-editor\" data-id=\"c58e609\" data-element_type=\"widget\" data-widget_type=\"text-editor.default\">\n\t\t\t\t<div class=\"elementor-widget-container\">\n\t\t\t\t\t\t\t\t\t<p><strong>Adresas:<\/strong>\u00a0Mindaugo g. 42, LT-03210 Vilnius<strong><br \/>\u012emon\u0117s kodas:\u00a0<\/strong>303163429<br \/><strong>PVM mok\u0117tojo kodas :<\/strong>\u00a0LT100008896811<br \/><strong>Telefonas:\u00a0+37062775772<br \/>El.pa\u0161tas :<\/strong>\u00a0<a href=\"mailto:info@ssgrupe.lt\" target=\"_blank\" rel=\"noopener\">info@ssgrupe.lt<\/a><\/p><p><strong>Buhalterija :<\/strong> buhalterija<a style=\"font-family: var( --e-global-typography-text-font-family ), Sans-serif; font-weight: var( --e-global-typography-text-font-weight ); background-color: #ffffff; color: #ff7d06; outline: 0px;\" href=\"mailto:info@ssgrupe.lt\" target=\"_blank\" rel=\"noopener\">@ssgrupe.lt<\/a><\/p><p>Atsiskaitomoji s\u0105skaita: <strong>LT883500010010125443<\/strong>\u00a0 \u00a0 \u00a0\u201d Paysera LT \u201d UAB\u00a0\u00a0<\/p><p><strong>EVP6910010125443<\/strong> Paysera vidin\u0117 s\u0105skaita<\/p>\t\t\t\t\t\t\t\t<\/div>\n\t\t\t\t<\/div>\n\t\t\t\t\t<\/div>\n\t\t<\/div>\n\t\t\t\t\t<\/div>\n\t\t<\/section>\n\t\t\t\t<section class=\"elementor-section elementor-top-section elementor-element elementor-element-8ca9187 elementor-section-boxed elementor-section-height-default elementor-section-height-default\" data-id=\"8ca9187\" data-element_type=\"section\">\n\t\t\t\t\t\t<div class=\"elementor-container elementor-column-gap-default\">\n\t\t\t\t\t<div class=\"elementor-column elementor-col-100 elementor-top-column elementor-element elementor-element-cf411f3\" data-id=\"cf411f3\" data-element_type=\"column\">\n\t\t\t<div class=\"elementor-widget-wrap elementor-element-populated\">\n\t\t\t\t\t\t<div class=\"elementor-element elementor-element-3e77b6f elementor-widget elementor-widget-google_maps\" data-id=\"3e77b6f\" data-element_type=\"widget\" data-widget_type=\"google_maps.default\">\n\t\t\t\t<div class=\"elementor-widget-container\">\n\t\t\t\t\t\t\t<div class=\"elementor-custom-embed\">\n\t\t\t<iframe loading=\"lazy\"\n\t\t\t\t\tsrc=\"https:\/\/maps.google.com\/maps?q=54%C2%B040%2717.7%22N%2025%C2%B016%2734.3%22E&#038;t=m&#038;z=18&#038;output=embed&#038;iwloc=near\"\n\t\t\t\t\ttitle=\"54\u00b040&#039;17.7&quot;N 25\u00b016&#039;34.3&quot;E\"\n\t\t\t\t\taria-label=\"54\u00b040&#039;17.7&quot;N 25\u00b016&#039;34.3&quot;E\"\n\t\t\t><\/iframe>\n\t\t<\/div>\n\t\t\t\t\t\t<\/div>\n\t\t\t\t<\/div>\n\t\t\t\t\t<\/div>\n\t\t<\/div>\n\t\t\t\t\t<\/div>\n\t\t<\/section>\n\t\t\t\t<\/div>\n\t\t","protected":false},"excerpt":{"rendered":"<p>Adresas:&nbsp;Mindaugo g. 42, LT-03210 Vilnius \u012emon\u0117s kodas:&nbsp;303163429 PVM mok\u0117tojo kodas :&nbsp;LT100008896811 Telefonas:&nbsp;+37062775772 El.pa\u0161tas :&nbsp;info@ssgrupe.lt Buhalterija : buhalterija@ssgrupe.lt Atsiskaitomoji s\u0105skaita: LT883500010010125443&nbsp; &nbsp; &nbsp;\u201d Paysera LT \u201d UAB&nbsp;&nbsp; EVP6910010125443 Paysera vidin\u0117 s\u0105skaita<\/p>\n","protected":false},"author":1,"featured_media":0,"parent":0,"menu_order":0,"comment_status":"closed","ping_status":"closed","template":"","meta":{"footnotes":""},"class_list":["post-889","page","type-page","status-publish","hentry"],"jetpack_sharing_enabled":true,"_links":{"self":[{"href":"https:\/\/apsaugos.lt\/index.php?rest_route=\/wp\/v2\/pages\/889","targetHints":{"allow":["GET"]}}],"collection":[{"href":"https:\/\/apsaugos.lt\/index.php?rest_route=\/wp\/v2\/pages"}],"about":[{"href":"https:\/\/apsaugos.lt\/index.php?rest_route=\/wp\/v2\/types\/page"}],"author":[{"embeddable":true,"href":"https:\/\/apsaugos.lt\/index.php?rest_route=\/wp\/v2\/users\/1"}],"replies":[{"embeddable":true,"href":"https:\/\/apsaugos.lt\/index.php?rest_route=%2Fwp%2Fv2%2Fcomments&post=889"}],"version-history":[{"count":8,"href":"https:\/\/apsaugos.lt\/index.php?rest_route=\/wp\/v2\/pages\/889\/revisions"}],"predecessor-version":[{"id":898,"href":"https:\/\/apsaugos.lt\/index.php?rest_route=\/wp\/v2\/pages\/889\/revisions\/898"}],"wp:attachment":[{"href":"https:\/\/apsaugos.lt\/index.php?rest_route=%2Fwp%2Fv2%2Fmedia&parent=889"}],"curies":[{"name":"wp","href":"https:\/\/api.w.org\/{rel}","templated":true}]}}