{"id":2170,"date":"2021-02-22T12:23:56","date_gmt":"2021-02-22T10:23:56","guid":{"rendered":"http:\/\/apsaugos.lt\/?product=import-placeholder-for-3126"},"modified":"2021-02-22T12:23:59","modified_gmt":"2021-02-22T10:23:59","slug":"de-k2-isejimo-mygtukas-su-pasvietimu","status":"publish","type":"product","link":"https:\/\/apsaugos.lt\/?product=de-k2-isejimo-mygtukas-su-pasvietimu","title":{"rendered":"DE-K2 I\u0161\u0117jimo mygtukas su pa\u0161vietimu"},"content":{"rendered":"<p>I\u0161matavimai 86Lx86Wx25H(mm)\u2014K6<br \/>\n\u012evestis DC12V<br \/>\n\u012etampa 12-28V,3A<br \/>\nStrukt\u016bra Touch to exit<br \/>\nSrov\u0117 3A@36VDC MAX<br \/>\nI\u0161vesties kontaktai NO\/NC\/COM<br \/>\nMechaninis patvarumas 500000 tested<br \/>\nTinkamumas durims Hollow Door<br \/>\nVeikimo temperat\u016bra -20~+55 Degree (14-131F)<br \/>\nSantykinis oro dr\u0117gnumas 0-95% (relative humidity)<br \/>\nVeikimo principas Touch<br \/>\nLED Indikacija<br \/>\nWhite LED indicator: Power OFF<br \/>\nBlue LED indicator: Power ON(standby)<br \/>\nRed LED indicator: Power ON(sensation)<br \/>\nSvoris 0.15kg<\/p>\n","protected":false},"excerpt":{"rendered":"<p>Sensorinis i\u0161\u0117jimo mygtukas su LED pa\u0161vietimu , tinka tik vidaus s\u0105lyg\u0173 patalpoms .<\/p>\n","protected":false},"featured_media":57,"comment_status":"closed","ping_status":"closed","template":"","meta":[],"product_brand":[],"product_cat":[23],"product_tag":[],"class_list":{"0":"post-2170","1":"product","2":"type-product","3":"status-publish","4":"has-post-thumbnail","6":"product_cat-atidarymo-isejimo-mygtukai","8":"first","9":"instock","10":"shipping-taxable","11":"purchasable","12":"product-type-simple"},"jetpack_sharing_enabled":true,"_links":{"self":[{"href":"https:\/\/apsaugos.lt\/index.php?rest_route=\/wp\/v2\/product\/2170","targetHints":{"allow":["GET"]}}],"collection":[{"href":"https:\/\/apsaugos.lt\/index.php?rest_route=\/wp\/v2\/product"}],"about":[{"href":"https:\/\/apsaugos.lt\/index.php?rest_route=\/wp\/v2\/types\/product"}],"replies":[{"embeddable":true,"href":"https:\/\/apsaugos.lt\/index.php?rest_route=%2Fwp%2Fv2%2Fcomments&post=2170"}],"wp:featuredmedia":[{"embeddable":true,"href":"https:\/\/apsaugos.lt\/index.php?rest_route=\/wp\/v2\/media\/57"}],"wp:attachment":[{"href":"https:\/\/apsaugos.lt\/index.php?rest_route=%2Fwp%2Fv2%2Fmedia&parent=2170"}],"wp:term":[{"taxonomy":"product_brand","embeddable":true,"href":"https:\/\/apsaugos.lt\/index.php?rest_route=%2Fwp%2Fv2%2Fproduct_brand&post=2170"},{"taxonomy":"product_cat","embeddable":true,"href":"https:\/\/apsaugos.lt\/index.php?rest_route=%2Fwp%2Fv2%2Fproduct_cat&post=2170"},{"taxonomy":"product_tag","embeddable":true,"href":"https:\/\/apsaugos.lt\/index.php?rest_route=%2Fwp%2Fv2%2Fproduct_tag&post=2170"}],"curies":[{"name":"wp","href":"https:\/\/api.w.org\/{rel}","templated":true}]}}