{"id":2172,"date":"2021-02-22T12:23:57","date_gmt":"2021-02-22T10:23:57","guid":{"rendered":"http:\/\/apsaugos.lt\/?product=import-placeholder-for-3143"},"modified":"2021-02-22T12:23:59","modified_gmt":"2021-02-22T10:23:59","slug":"usb-pirsto-antspaudu-skaitytuvas-zk8500-zkteco","status":"publish","type":"product","link":"https:\/\/apsaugos.lt\/?product=usb-pirsto-antspaudu-skaitytuvas-zk8500-zkteco","title":{"rendered":"USB pir\u0161to antspaudu skaitytuvas ZK8500 Zkteco"},"content":{"rendered":"<p>Pir\u0161t\u0173 atspaud\u0173 jutiklis: optinis ZK jutiklis su sustiprinta pl\u0117vele<br \/>\n\u00b7 Skira: 500DPI<br \/>\n\u00b7 Vaizdo dydis: 15,4 mm * 18,0 mm<br \/>\n\u00b7 S\u0105saja: USB1.1, suderinama su visu grei\u010diu USB1.0, 1.1, 2.0<br \/>\n\u00b7 Registracijos greitis: &amp;lt;0,5 sek<br \/>\n\u00b7 Darbin\u0117 temperat\u016bra: 0\u201340 \u00b0 C<br \/>\n\u00b7 Darbinis dr\u0117gnumas: 20% -80%<br \/>\n\u00b7 Operacin\u0117 sistema: Windows2000,2003,2007, XP, Vista<br \/>\n\u00b7 USB laido ilgis: 150 CM<br \/>\n\u00b7 Matmenys (L * W * H): 124,5 mm * 102 mm * 34 mm<br \/>\n\u00b7 Maitinimas: 5,0 V +\/- 0,25 V (USB s\u0105sajos maitinimas)<br \/>\n\u00b7 Srov\u0117: U\u017efiksuotas pir\u0161t\u0173 atspaudas: ne daugiau kaip 100 mA<br \/>\n\u00b7 Laukimo re\u017eimas: ne daugiau kaip 30 mA<br \/>\n\u00b7 Pakabinimo re\u017eimas: &amp;lt;0,5 mA<\/p>\n","protected":false},"excerpt":{"rendered":"<p>Pir\u0161t\u0173 atspaud\u0173 jutiklis: optinis ZK jutiklis su sustiprinta pl\u0117vele \u00b7 Skira: 500DPI \u00b7 Vaizdo dydis: 15,4 mm * 18,0 mm \u00b7 S\u0105saja: USB1.1, suderinama su visu grei\u010diu USB1.0, 1.1, 2.0 \u00b7 Registracijos greitis: &amp;lt;0,5 sek \u00b7 Darbin\u0117 temperat\u016bra: 0\u201340 \u00b0 C \u00b7 Darbinis dr\u0117gnumas: 20% -80% \u00b7 Operacin\u0117 sistema: Windows2000,2003,2007, XP, Vista \u00b7 USB laido [&hellip;]<\/p>\n","protected":false},"featured_media":59,"comment_status":"closed","ping_status":"closed","template":"","meta":[],"product_brand":[],"product_cat":[25,21],"product_tag":[26,22],"class_list":{"0":"post-2172","1":"product","2":"type-product","3":"status-publish","4":"has-post-thumbnail","6":"product_cat-korteliu-skaitytuvai","7":"product_cat-pirstu-antspaudu-veido-skaitytuvai","8":"product_tag-praejimo-kontrole","9":"product_tag-zkteco","11":"first","12":"instock","13":"shipping-taxable","14":"purchasable","15":"product-type-simple"},"jetpack_sharing_enabled":true,"_links":{"self":[{"href":"https:\/\/apsaugos.lt\/index.php?rest_route=\/wp\/v2\/product\/2172","targetHints":{"allow":["GET"]}}],"collection":[{"href":"https:\/\/apsaugos.lt\/index.php?rest_route=\/wp\/v2\/product"}],"about":[{"href":"https:\/\/apsaugos.lt\/index.php?rest_route=\/wp\/v2\/types\/product"}],"replies":[{"embeddable":true,"href":"https:\/\/apsaugos.lt\/index.php?rest_route=%2Fwp%2Fv2%2Fcomments&post=2172"}],"wp:featuredmedia":[{"embeddable":true,"href":"https:\/\/apsaugos.lt\/index.php?rest_route=\/wp\/v2\/media\/59"}],"wp:attachment":[{"href":"https:\/\/apsaugos.lt\/index.php?rest_route=%2Fwp%2Fv2%2Fmedia&parent=2172"}],"wp:term":[{"taxonomy":"product_brand","embeddable":true,"href":"https:\/\/apsaugos.lt\/index.php?rest_route=%2Fwp%2Fv2%2Fproduct_brand&post=2172"},{"taxonomy":"product_cat","embeddable":true,"href":"https:\/\/apsaugos.lt\/index.php?rest_route=%2Fwp%2Fv2%2Fproduct_cat&post=2172"},{"taxonomy":"product_tag","embeddable":true,"href":"https:\/\/apsaugos.lt\/index.php?rest_route=%2Fwp%2Fv2%2Fproduct_tag&post=2172"}],"curies":[{"name":"wp","href":"https:\/\/api.w.org\/{rel}","templated":true}]}}