{"id":2174,"date":"2021-02-22T12:23:57","date_gmt":"2021-02-22T10:23:57","guid":{"rendered":"http:\/\/apsaugos.lt\/?product=import-placeholder-for-3145"},"modified":"2021-02-22T12:24:00","modified_gmt":"2021-02-22T10:24:00","slug":"biometrinis-terminalas-zkteco-fr-f22","status":"publish","type":"product","link":"https:\/\/apsaugos.lt\/?product=biometrinis-terminalas-zkteco-fr-f22","title":{"rendered":"Biometrinis terminalas ZKTeco FR-F22"},"content":{"rendered":"<p>Monitorius : 2.4-inch TFT LCD Color Screen<br \/>\nPir\u0161tu antspaud\u0173 atmintis : 3,000<br \/>\nKorteli\u0173 atmintis : 5000(Optional) ID or mifare card<br \/>\n\u012evyki\u0173 atmintis : 30,000<br \/>\nSensorius : BioID Sensor\/ SilkID Sensor (optional)<br \/>\nAlgoritmas : ZKFinger VX10.0<br \/>\nS\u0105sajos : RS232\/485, TCP\/IP, USB-host,Wi-Fi<br \/>\nWiegand standarto palaikymas : Input, Output<br \/>\nPapildomos opcijos : DST, Automatic Status Switch, Record query, T9 input, 14 digit user ID, Anti-passback, Scheduled-Bell, Printer (Optional),ADMS(Optional)<br \/>\nMaitinimo \u0161altinis : 12V DC,3A<br \/>\nDarbo temperat\u016br\u0105 : 0\u2103- 45\u2103<br \/>\nDarbinis dr\u0117gnumas : 20%-80%<br \/>\nI\u0161matavimai (LxWxH) 158.5\u00d778.0&#215;19.4mm<br \/>\nProgramin\u0117 \u012franga : Standalone SDK,ZKAccess3.5 software<\/p>\n","protected":false},"excerpt":{"rendered":"<p>Plonas pir\u0161t\u0173 atspaud\u0173 kontrol\u0117s terminalas su \u201eBioID\u201c jutikliu ir \u201eWi-Fi\u201c, kuris suteikia neprilygstam\u0105 na\u0161um\u0105 su pa\u017eangiu algoritmu patikimumui, tikslumui ir puikiam suderinimo grei\u010diui. FR-F22 pasi\u017eymi spar\u010diausiomis komercin\u0117mis pir\u0161t\u0173 atspaud\u0173 atitikimo algoritmais ir ZK auk\u0161tos kokyb\u0117s, auk\u0161tos kokyb\u0117s infraraudon\u0173j\u0173 spinduli\u0173 aptikimo pir\u0161t\u0173 atspaudais<\/p>\n","protected":false},"featured_media":61,"comment_status":"closed","ping_status":"closed","template":"","meta":[],"product_brand":[],"product_cat":[21],"product_tag":[27,26,22],"class_list":{"0":"post-2174","1":"product","2":"type-product","3":"status-publish","4":"has-post-thumbnail","6":"product_cat-pirstu-antspaudu-veido-skaitytuvai","7":"product_tag-ieigos-kontrole","8":"product_tag-praejimo-kontrole","9":"product_tag-zkteco","11":"first","12":"instock","13":"shipping-taxable","14":"purchasable","15":"product-type-simple"},"jetpack_sharing_enabled":true,"_links":{"self":[{"href":"https:\/\/apsaugos.lt\/index.php?rest_route=\/wp\/v2\/product\/2174","targetHints":{"allow":["GET"]}}],"collection":[{"href":"https:\/\/apsaugos.lt\/index.php?rest_route=\/wp\/v2\/product"}],"about":[{"href":"https:\/\/apsaugos.lt\/index.php?rest_route=\/wp\/v2\/types\/product"}],"replies":[{"embeddable":true,"href":"https:\/\/apsaugos.lt\/index.php?rest_route=%2Fwp%2Fv2%2Fcomments&post=2174"}],"wp:featuredmedia":[{"embeddable":true,"href":"https:\/\/apsaugos.lt\/index.php?rest_route=\/wp\/v2\/media\/61"}],"wp:attachment":[{"href":"https:\/\/apsaugos.lt\/index.php?rest_route=%2Fwp%2Fv2%2Fmedia&parent=2174"}],"wp:term":[{"taxonomy":"product_brand","embeddable":true,"href":"https:\/\/apsaugos.lt\/index.php?rest_route=%2Fwp%2Fv2%2Fproduct_brand&post=2174"},{"taxonomy":"product_cat","embeddable":true,"href":"https:\/\/apsaugos.lt\/index.php?rest_route=%2Fwp%2Fv2%2Fproduct_cat&post=2174"},{"taxonomy":"product_tag","embeddable":true,"href":"https:\/\/apsaugos.lt\/index.php?rest_route=%2Fwp%2Fv2%2Fproduct_tag&post=2174"}],"curies":[{"name":"wp","href":"https:\/\/api.w.org\/{rel}","templated":true}]}}