{"id":2175,"date":"2021-02-22T12:23:57","date_gmt":"2021-02-22T10:23:57","guid":{"rendered":"http:\/\/apsaugos.lt\/?product=import-placeholder-for-3147"},"modified":"2021-02-22T12:24:00","modified_gmt":"2021-02-22T10:24:00","slug":"s-600mf-atstuminiu-korteliu-skaitytuvas","status":"publish","type":"product","link":"https:\/\/apsaugos.lt\/?product=s-600mf-atstuminiu-korteliu-skaitytuvas","title":{"rendered":"S-600MF atstumini\u0173 korteli\u0173 skaitytuvas"},"content":{"rendered":"<p><iframe title=\"Pra\u0117jimo kontrol\u0117s kodin\u0117s klaviat\u016bros S-600MF ap\u017evalga\" width=\"640\" height=\"360\" src=\"https:\/\/www.youtube.com\/embed\/Pdjq92tGcT4?feature=oembed\" frameborder=\"0\" allow=\"accelerometer; autoplay; clipboard-write; encrypted-media; gyroscope; picture-in-picture; web-share\" referrerpolicy=\"strict-origin-when-cross-origin\" allowfullscreen><\/iframe><\/p>\n<p>Maitinimas DC-12V<br \/>\nAtmintis 2000 korteli\u0173 \/ kod\u0173<br \/>\nSuveikimo trukm\u0117 (sek) 0-99<br \/>\nI\u0161matavimai 120x 56 x 18 (mm)<br \/>\nKorpuso konstrukcija : Vir\u0161tinkin\u0117<br \/>\nSpalva Sidabrin\u0117<br \/>\nMetaliniai mygtukai<br \/>\nSkambu\u010dio funkcija<br \/>\nWiegand i\u0161\u0117jimas<br \/>\nAplinkos Temperat\u016bra: 25 laipsniai ~ 60 laipsni\u0173<br \/>\nAplinkos Dr\u0117gnumas: 10% ~ 90%<br \/>\nElektronin\u0117s spynos galia: \u2264 3A<br \/>\nAliarminis i\u0161\u0117jimas: \u2264 20A<br \/>\nI\u0161\u0117jimo apsauga nuo trumpojo jungimo laikas: \u2264 100\u03bcS<br \/>\nMIFARE 13.56MHz<\/p>\n","protected":false},"excerpt":{"rendered":"<p>S-600 Atstumini\u0173 korteli\u0173 skaitytuvas su kodin\u0117 klaviat\u016bra korpuse, antivandalinis korpusas, tinka lauko s\u0105lygoms. Metalinis korpusas ir ap\u0161vie\u010diami mygtukai. Montavimas: vir\u0161tinkinis. 13,56MHz MIFARE tipo korteliams .<\/p>\n","protected":false},"featured_media":62,"comment_status":"closed","ping_status":"closed","template":"","meta":[],"product_brand":[],"product_cat":[28],"product_tag":[27,26],"class_list":{"0":"post-2175","1":"product","2":"type-product","3":"status-publish","4":"has-post-thumbnail","6":"product_cat-kodines-klaviaturos","7":"product_tag-ieigos-kontrole","8":"product_tag-praejimo-kontrole","10":"first","11":"instock","12":"shipping-taxable","13":"purchasable","14":"product-type-simple"},"jetpack_sharing_enabled":true,"_links":{"self":[{"href":"https:\/\/apsaugos.lt\/index.php?rest_route=\/wp\/v2\/product\/2175","targetHints":{"allow":["GET"]}}],"collection":[{"href":"https:\/\/apsaugos.lt\/index.php?rest_route=\/wp\/v2\/product"}],"about":[{"href":"https:\/\/apsaugos.lt\/index.php?rest_route=\/wp\/v2\/types\/product"}],"replies":[{"embeddable":true,"href":"https:\/\/apsaugos.lt\/index.php?rest_route=%2Fwp%2Fv2%2Fcomments&post=2175"}],"wp:featuredmedia":[{"embeddable":true,"href":"https:\/\/apsaugos.lt\/index.php?rest_route=\/wp\/v2\/media\/62"}],"wp:attachment":[{"href":"https:\/\/apsaugos.lt\/index.php?rest_route=%2Fwp%2Fv2%2Fmedia&parent=2175"}],"wp:term":[{"taxonomy":"product_brand","embeddable":true,"href":"https:\/\/apsaugos.lt\/index.php?rest_route=%2Fwp%2Fv2%2Fproduct_brand&post=2175"},{"taxonomy":"product_cat","embeddable":true,"href":"https:\/\/apsaugos.lt\/index.php?rest_route=%2Fwp%2Fv2%2Fproduct_cat&post=2175"},{"taxonomy":"product_tag","embeddable":true,"href":"https:\/\/apsaugos.lt\/index.php?rest_route=%2Fwp%2Fv2%2Fproduct_tag&post=2175"}],"curies":[{"name":"wp","href":"https:\/\/api.w.org\/{rel}","templated":true}]}}