{"id":2176,"date":"2021-02-22T12:23:57","date_gmt":"2021-02-22T10:23:57","guid":{"rendered":"http:\/\/apsaugos.lt\/?product=import-placeholder-for-3149"},"modified":"2021-02-22T12:24:00","modified_gmt":"2021-02-22T10:24:00","slug":"pirsto-antspaudu-valdiklis-inbio-160-zkteco","status":"publish","type":"product","link":"https:\/\/apsaugos.lt\/?product=pirsto-antspaudu-valdiklis-inbio-160-zkteco","title":{"rendered":"Pir\u0161to antspaudu valdiklis inBIO 160 ZKTeco"},"content":{"rendered":"<p>Pir\u0161to antspaudu valdiklis inBIO 160 ZKTeco<br \/>\nKorteli\u0173 talpa \u2013 30.000<br \/>\n\u012evykio atmintis \u2013 100.000<br \/>\npir\u0161to antspaudu \u2013 3000<br \/>\nCPU \u2013 32bit MIPS procesorius<br \/>\nRAM \u2013 32m Bitai<br \/>\n\u201eFlash\u201c atminties \u2013 128M Bitai<br \/>\nkorpuso &#8211; PVC<br \/>\nLED indikatorius \u2013 komunikacijos, galia, statusas ir perforuot\u0173<br \/>\nOper. Temp \u2013 0 \u00b0 -55 \u00b0 C<br \/>\nOper. Dr\u0117gm\u0117 \u2013 10% -80%<br \/>\nMaitinimo \u012ftampa \u2013 DC 9.6V-14.4V, Nominali Max.1A<br \/>\nMonta\u017eine plok\u0161te-185(W)*106(H)<br \/>\nKomunikacija \u2013 Ethernet RS485<br \/>\nWiegand skaitytuvu i\u0161\u0117jimo jungtis \u2013 2 ( 26\/34bit Wiegand)<br \/>\n\u012evesties jungtis \u2013 2 (1 \u2013 dur\u0173 mygtukas, 1 \u2013 Dur\u0173 jutiklis )<br \/>\nI\u0161vesties prievadas 1EA (1 relinis i\u0161\u0117jimas dur\u0173 spynai, SPDT 5A @ 36VDC \/ 8A @ 30VAC)<br \/>\n1EA (1 AUX relinis i\u0161\u0117jimas, SPDT 2A @ 30VDC)<br \/>\nDuomen\u0173 perdavimo greitis \u2013 rekomenduojama: 38,400bps<br \/>\npasirenkama: 9600bps\/19.200bps\/57.600bps<br \/>\nSertifikotas \u2013 CE, FCC, RoHS<\/p>\n","protected":false},"excerpt":{"rendered":"<p>Pir\u0161to antspaudu valdiklis inBIO 160 ZKTeco pra\u0117jimo kontroles valdiklis naujos koncepcijos remiantis biometrini\u0173 tapatyb\u0117s nustatymo, kuria siekiama gerinti gyvenimo ir vartotoj\u0173 informacijos saugum\u0105.<\/p>\n","protected":false},"featured_media":58,"comment_status":"closed","ping_status":"closed","template":"","meta":[],"product_brand":[],"product_cat":[24,21],"product_tag":[22],"class_list":{"0":"post-2176","1":"product","2":"type-product","3":"status-publish","4":"has-post-thumbnail","6":"product_cat-kontroleriai","7":"product_cat-pirstu-antspaudu-veido-skaitytuvai","8":"product_tag-zkteco","10":"first","11":"instock","12":"shipping-taxable","13":"purchasable","14":"product-type-simple"},"jetpack_sharing_enabled":true,"_links":{"self":[{"href":"https:\/\/apsaugos.lt\/index.php?rest_route=\/wp\/v2\/product\/2176","targetHints":{"allow":["GET"]}}],"collection":[{"href":"https:\/\/apsaugos.lt\/index.php?rest_route=\/wp\/v2\/product"}],"about":[{"href":"https:\/\/apsaugos.lt\/index.php?rest_route=\/wp\/v2\/types\/product"}],"replies":[{"embeddable":true,"href":"https:\/\/apsaugos.lt\/index.php?rest_route=%2Fwp%2Fv2%2Fcomments&post=2176"}],"wp:featuredmedia":[{"embeddable":true,"href":"https:\/\/apsaugos.lt\/index.php?rest_route=\/wp\/v2\/media\/58"}],"wp:attachment":[{"href":"https:\/\/apsaugos.lt\/index.php?rest_route=%2Fwp%2Fv2%2Fmedia&parent=2176"}],"wp:term":[{"taxonomy":"product_brand","embeddable":true,"href":"https:\/\/apsaugos.lt\/index.php?rest_route=%2Fwp%2Fv2%2Fproduct_brand&post=2176"},{"taxonomy":"product_cat","embeddable":true,"href":"https:\/\/apsaugos.lt\/index.php?rest_route=%2Fwp%2Fv2%2Fproduct_cat&post=2176"},{"taxonomy":"product_tag","embeddable":true,"href":"https:\/\/apsaugos.lt\/index.php?rest_route=%2Fwp%2Fv2%2Fproduct_tag&post=2176"}],"curies":[{"name":"wp","href":"https:\/\/api.w.org\/{rel}","templated":true}]}}