{"id":2182,"date":"2021-02-22T12:23:57","date_gmt":"2021-02-22T10:23:57","guid":{"rendered":"http:\/\/apsaugos.lt\/?product=import-placeholder-for-3290"},"modified":"2021-02-22T12:24:01","modified_gmt":"2021-02-22T10:24:01","slug":"hikvision-ds-2cd2083g0-i-f2-8-juoda","status":"publish","type":"product","link":"https:\/\/apsaugos.lt\/?product=hikvision-ds-2cd2083g0-i-f2-8-juoda","title":{"rendered":"Hikvision DS-2CD2083G0-I F2.8 (juoda)"},"content":{"rendered":"<table border=\"1\">\n<tbody>\n<tr>\n<td>Sensorius:<\/td>\n<td>1\/2.5&#8243; Progressive Scan CMOS<\/td>\n<\/tr>\n<tr>\n<td>Signalas:<\/td>\n<td>PAL\/NTSC<\/td>\n<\/tr>\n<tr>\n<td>Min. ap\u0161vietimas:<\/td>\n<td>Color: 0.01 Lux @ (F1.2, AGC ON), 0.028 Lux @ (F2.0, AGC ON), 0 Lux with IR<\/td>\n<\/tr>\n<tr>\n<td>U\u017erakto laikas:<\/td>\n<td>1\/3 s to 1\/100,000 s<\/td>\n<\/tr>\n<tr>\n<td>U\u017elaikymas:<\/td>\n<td>Support<\/td>\n<\/tr>\n<tr>\n<td>Objektyvas:<\/td>\n<td>2.8 mm, horizontal FOV: 102\u00b0, vertical FOV: 53\u00b0, diagonal FOV: 124\u00b0<br \/>\n4 mm, horizontal FOV: 79\u00b0, vertical FOV: 42\u00b0, diagonal FOV: 95\u00b0<br \/>\n6 mm, horizontal FOV: 50\u00b0, vertical FOV: 28\u00b0, diagonal FOV: 59\u00b0<br \/>\n8 mm, horizontal FOV: 40\u00b0, vertical FOV: 25\u00b0, diagonal FOV: 53\u00b0<\/td>\n<\/tr>\n<tr>\n<td>Montavimas:<\/td>\n<td>M12<\/td>\n<\/tr>\n<tr>\n<td>Reguliavimas:<\/td>\n<td>Pan: 0\u00b0 to 360\u00b0, tilt: 0\u00b0 to 90\u00b0, rotate: 0\u00b0 to 360\u00b0<\/td>\n<\/tr>\n<tr>\n<td>Diena\/Naktis:<\/td>\n<td>IR cut filter with auto switch<\/td>\n<\/tr>\n<tr>\n<td>WDR:<\/td>\n<td>120 dB<\/td>\n<\/tr>\n<tr>\n<td>DNR:<\/td>\n<td>3D DNR<\/td>\n<\/tr>\n<tr>\n<td>Fokusavimas:<\/td>\n<td>Fixed<\/td>\n<\/tr>\n<tr>\n<th colspan=\"3\">Suspaudimas<\/th>\n<\/tr>\n<tr>\n<td>Vaizdo suspaudimas:<\/td>\n<td>H.265+\/H.265\/H.264+\/H.264\/MJPEG<\/td>\n<\/tr>\n<tr>\n<td>Vaizdo sparta:<\/td>\n<td>32Kbps~16Mbps<\/td>\n<\/tr>\n<tr>\n<td>Trys srautai:<\/td>\n<td>Yes<\/td>\n<\/tr>\n<tr>\n<th colspan=\"3\">Vaizdas<\/th>\n<\/tr>\n<tr>\n<td>Maks. rai\u0161ka:<\/td>\n<td>3840 \u00d7 2160<\/td>\n<\/tr>\n<tr>\n<td>Antrinis srautas:<\/td>\n<td>50Hz: 25fps (640 \u00d7 480, 640 \u00d7 360, 320 \u00d7 240)<br \/>\n60Hz: 30fps (640 \u00d7 480, 640 \u00d7 360, 320 \u00d7 240)<\/td>\n<\/tr>\n<tr>\n<td>Kadrai per sek.:<\/td>\n<td>50Hz: 12.5 fps (3840 \u00d7 2160), 20fps (3072 \u00d7 1728), 25 fps (2560 \u00d7 1440, 1920 \u00d7 1080, 1280 \u00d7 720)<br \/>\n60Hz: 15 fps (3840 \u00d7 2160), 20fps (3072 \u00d7 1728), 30 fps (2560 \u00d7 1440, 1920 \u00d7 1080, 1280 \u00d7 720)<\/td>\n<\/tr>\n<tr>\n<td>Tre\u010dias srautas:<\/td>\n<td>50Hz: 25fps (1280 \u00d7 720, 640 \u00d7 360, 352 \u00d7 288)<br \/>\n60Hz: 30fps (1280 \u00d7 720, 640 \u00d7 360, 352 \u00d7 240)<\/td>\n<\/tr>\n<tr>\n<td>Foninio ap\u0161vietimo kompensavimas:<\/td>\n<td>BLC\/3D DNR\/ROI\/HLC<\/td>\n<\/tr>\n<tr>\n<td>Vaizdo nustatymai:<\/td>\n<td>Saturation, brightness, contrast, sharpness and white balance adjustable by client software or web browser<\/td>\n<\/tr>\n<tr>\n<td>Apdorojimas:<\/td>\n<td>No<\/td>\n<\/tr>\n<tr>\n<td>ROI:<\/td>\n<td>1 fixed region for main stream and sub-stream<\/td>\n<\/tr>\n<tr>\n<td>Diena\/naktis jungiklis:<\/td>\n<td>Day\/Night\/Auto\/Schedule<\/td>\n<\/tr>\n<tr>\n<th colspan=\"3\">Tinklas<\/th>\n<\/tr>\n<tr>\n<td>Saugykla:<\/td>\n<td>microSD\/SDHC\/SDXC card (128G), local storage and NAS (NFS,SMB\/CIFS), ANR<\/td>\n<\/tr>\n<tr>\n<td>Pavojaus detekcija:<\/td>\n<td>Motion detection, video tampering alarm, network disconnected, IP address conflict, illegal login, HDD full, HDD error<\/td>\n<\/tr>\n<tr>\n<td>Protokolai:<\/td>\n<td>TCP\/IP, ICMP, HTTP, HTTPS, FTP, DHCP, DNS, DDNS, RTP, RTSP, RTCP, PPPoE, NTP, UPnP, SMTP, SNMP, IGMP, 802.1X, QoS, IPv6, Bonjour<\/td>\n<\/tr>\n<tr>\n<td>Pagrindin\u0117 funkcija:<\/td>\n<td>One-key reset, Anti-Flicker, heartbeat, mirror, password protection, privacy<br \/>\nmask, Watermark, IP address filtering<\/td>\n<\/tr>\n<tr>\n<td>Sistemos suderinamumas:<\/td>\n<td>ONVIF (Profile S, Profile G),ISAPI<\/td>\n<\/tr>\n<tr>\n<th colspan=\"3\">S\u0105saja<\/th>\n<\/tr>\n<tr>\n<td>Ry\u0161io s\u0105saja:<\/td>\n<td>1 RJ45 10M \/ 100M Ethernet interface<\/td>\n<\/tr>\n<tr>\n<td>Vidin\u0117 atmintis:<\/td>\n<td>Built-in Micro SD\/SDHC\/SDXC slot, up to 128 GB<\/td>\n<\/tr>\n<tr>\n<td>Perkrovimo mygtukas:<\/td>\n<td>Yes<\/td>\n<\/tr>\n<tr>\n<th colspan=\"3\">I\u0161manios funkcijos<\/th>\n<\/tr>\n<tr>\n<td>Elgesio analiz\u0117:<\/td>\n<td>Line crossing detection, intrusion detection<\/td>\n<\/tr>\n<tr>\n<td>Linijos kirtimo nustatymas:<\/td>\n<td>Cross a pre-defined virtual line<\/td>\n<\/tr>\n<tr>\n<td>\u012esilau\u017eimo nustatymas :<\/td>\n<td>Enter and loiter in a pre-defined virtual region<\/td>\n<\/tr>\n<tr>\n<td>Atpa\u017einimas:<\/td>\n<td>Face Detection<\/td>\n<\/tr>\n<tr>\n<th colspan=\"3\">Pagrindin\u0117s<\/th>\n<\/tr>\n<tr>\n<td>Veikimo s\u0105lygos:<\/td>\n<td>-30 \u00b0C ~ 60 \u00b0C (-22 \u00b0F ~ 140 \u00b0F)<br \/>\nHumidity 95% or less (non-condensing)<\/td>\n<\/tr>\n<tr>\n<td>Maitinimas:<\/td>\n<td>12 VDC \u00b1 25%, PoE (802.3af Class3)<\/td>\n<\/tr>\n<tr>\n<td>Suvartojimas:<\/td>\n<td>12 VDC, 0.5 A, max. 6 W<br \/>\nPoE: (802.3af, 36V to 57V), 0.2 A to 0.1 A, max. 7.5W<\/td>\n<\/tr>\n<tr>\n<td>Apsaugos lygis:<\/td>\n<td>IP67<\/td>\n<\/tr>\n<tr>\n<td>IR atstumas:<\/td>\n<td>Up to 30m<\/td>\n<\/tr>\n<tr>\n<td>I\u0161matavimai:<\/td>\n<td>Camera: \u03a6 70 mm \u00d7 155 mm (\u03a6 2.8&#8243; \u00d7 6.1&#8243;)<br \/>\nPackage: 216 \u00d7 121 \u00d7 118 mm (8.5&#8243; \u00d7 4.8&#8243; \u00d7 4.7&#8243;)<\/td>\n<\/tr>\n<tr>\n<td>Svoris:<\/td>\n<td>Camera: approx. 410 g (0.9 lb.)<\/td>\n<\/tr>\n<\/tbody>\n<\/table>\n","protected":false},"excerpt":{"rendered":"<p>4K (8MP) IP Bullet kamera, 1\/2.5&#8243; Progressive Scan CMOS, 3840 \u00d72160@15fps , 2.8 mm objektyvas , Spalvos: 0.01 Lux @ (F1.2, AGC ON), 0.028 Lux @ (F2.0, AGC ON), 0 Lux with IR , H.265+, H.265, H.264+, H.264 , Elgesio analiz\u0117s algoritmai 2 , 120dB WDR , BLC\/3D DNR\/ROI\/HLC , IP67 , Galimyb\u0117 prapl\u0117sti atmint\u012f micro SD\/SDHC\/SDXC kortele iki 128 GB<\/p>\n","protected":false},"featured_media":66,"comment_status":"closed","ping_status":"closed","template":"","meta":[],"product_brand":[],"product_cat":[31],"product_tag":[32,33],"class_list":{"0":"post-2182","1":"product","2":"type-product","3":"status-publish","4":"has-post-thumbnail","6":"product_cat-8-mpx-ip-kameros-hikvision","7":"product_tag-hikvision","8":"product_tag-vaizdo-stebejimo-kameros","10":"first","11":"instock","12":"shipping-taxable","13":"purchasable","14":"product-type-simple"},"jetpack_sharing_enabled":true,"_links":{"self":[{"href":"https:\/\/apsaugos.lt\/index.php?rest_route=\/wp\/v2\/product\/2182","targetHints":{"allow":["GET"]}}],"collection":[{"href":"https:\/\/apsaugos.lt\/index.php?rest_route=\/wp\/v2\/product"}],"about":[{"href":"https:\/\/apsaugos.lt\/index.php?rest_route=\/wp\/v2\/types\/product"}],"replies":[{"embeddable":true,"href":"https:\/\/apsaugos.lt\/index.php?rest_route=%2Fwp%2Fv2%2Fcomments&post=2182"}],"wp:featuredmedia":[{"embeddable":true,"href":"https:\/\/apsaugos.lt\/index.php?rest_route=\/wp\/v2\/media\/66"}],"wp:attachment":[{"href":"https:\/\/apsaugos.lt\/index.php?rest_route=%2Fwp%2Fv2%2Fmedia&parent=2182"}],"wp:term":[{"taxonomy":"product_brand","embeddable":true,"href":"https:\/\/apsaugos.lt\/index.php?rest_route=%2Fwp%2Fv2%2Fproduct_brand&post=2182"},{"taxonomy":"product_cat","embeddable":true,"href":"https:\/\/apsaugos.lt\/index.php?rest_route=%2Fwp%2Fv2%2Fproduct_cat&post=2182"},{"taxonomy":"product_tag","embeddable":true,"href":"https:\/\/apsaugos.lt\/index.php?rest_route=%2Fwp%2Fv2%2Fproduct_tag&post=2182"}],"curies":[{"name":"wp","href":"https:\/\/api.w.org\/{rel}","templated":true}]}}