{"id":2184,"date":"2021-02-22T12:23:57","date_gmt":"2021-02-22T10:23:57","guid":{"rendered":"http:\/\/apsaugos.lt\/?product=import-placeholder-for-3294"},"modified":"2021-02-22T12:24:01","modified_gmt":"2021-02-22T10:24:01","slug":"hikvision-ds-2cd2083g0-i-f4","status":"publish","type":"product","link":"https:\/\/apsaugos.lt\/?product=hikvision-ds-2cd2083g0-i-f4","title":{"rendered":"Hikvision DS-2CD2083G0-I F4"},"content":{"rendered":"<table border=\"1\">\n<tbody>\n<tr>\n<td>Image Sensor:<\/td>\n<td>1\/2.5&#8243; Progressive Scan CMOS<\/td>\n<\/tr>\n<tr>\n<td>Signal System:<\/td>\n<td>PAL\/NTSC<\/td>\n<\/tr>\n<tr>\n<td>Min. Illumination:<\/td>\n<td>Color: 0.01 Lux @ (F1.2, AGC ON), 0.028 Lux @ (F2.0, AGC ON), 0 Lux with IR<\/td>\n<\/tr>\n<tr>\n<td>Shutter time:<\/td>\n<td>1\/3 s to 1\/100,000 s<\/td>\n<\/tr>\n<tr>\n<td>Slow shutter:<\/td>\n<td>Support<\/td>\n<\/tr>\n<tr>\n<td>Lens:<\/td>\n<td>2.8 mm, horizontal FOV: 102\u00b0, vertical FOV: 53\u00b0, diagonal FOV: 124\u00b0<br \/>\n4 mm, horizontal FOV: 79\u00b0, vertical FOV: 42\u00b0, diagonal FOV: 95\u00b0<br \/>\n6 mm, horizontal FOV: 50\u00b0, vertical FOV: 28\u00b0, diagonal FOV: 59\u00b0<br \/>\n8 mm, horizontal FOV: 40\u00b0, vertical FOV: 25\u00b0, diagonal FOV: 53\u00b0<\/td>\n<\/tr>\n<tr>\n<td>Lens Mount:<\/td>\n<td>M12<\/td>\n<\/tr>\n<tr>\n<td>Adjustment Range:<\/td>\n<td>Pan: 0\u00b0 to 360\u00b0, tilt: 0\u00b0 to 90\u00b0, rotate: 0\u00b0 to 360\u00b0<\/td>\n<\/tr>\n<tr>\n<td>Day&amp; Night:<\/td>\n<td>IR cut filter with auto switch<\/td>\n<\/tr>\n<tr>\n<td>Wide Dynamic Range:<\/td>\n<td>120 dB<\/td>\n<\/tr>\n<tr>\n<td>Digital noise reduction:<\/td>\n<td>3D DNR<\/td>\n<\/tr>\n<tr>\n<td>Focus:<\/td>\n<td>Fixed<\/td>\n<\/tr>\n<tr>\n<th colspan=\"3\">Compression Standard<\/th>\n<\/tr>\n<tr>\n<td>Video Compression:<\/td>\n<td>H.265+\/H.265\/H.264+\/H.264\/MJPEG<\/td>\n<\/tr>\n<tr>\n<td>Video bit rate:<\/td>\n<td>32Kbps~16Mbps<\/td>\n<\/tr>\n<tr>\n<td>Triple Streams:<\/td>\n<td>Yes<\/td>\n<\/tr>\n<tr>\n<th colspan=\"3\">Image<\/th>\n<\/tr>\n<tr>\n<td>Max. Image Resolution:<\/td>\n<td>3840 \u00d7 2160<\/td>\n<\/tr>\n<tr>\n<td>Sub Stream:<\/td>\n<td>50Hz: 25fps (640 \u00d7 480, 640 \u00d7 360, 320 \u00d7 240)<br \/>\n60Hz: 30fps (640 \u00d7 480, 640 \u00d7 360, 320 \u00d7 240)<\/td>\n<\/tr>\n<tr>\n<td>Frame Rate:<\/td>\n<td>50Hz: 12.5 fps (3840 \u00d7 2160), 20fps (3072 \u00d7 1728), 25 fps (2560 \u00d7 1440, 1920 \u00d7 1080, 1280 \u00d7 720)<br \/>\n60Hz: 15 fps (3840 \u00d7 2160), 20fps (3072 \u00d7 1728), 30 fps (2560 \u00d7 1440, 1920 \u00d7 1080, 1280 \u00d7 720)<\/td>\n<\/tr>\n<tr>\n<td>Third Stream:<\/td>\n<td>50Hz: 25fps (1280 \u00d7 720, 640 \u00d7 360, 352 \u00d7 288)<br \/>\n60Hz: 30fps (1280 \u00d7 720, 640 \u00d7 360, 352 \u00d7 240)<\/td>\n<\/tr>\n<tr>\n<td>Image Enhancement:<\/td>\n<td>BLC\/3D DNR\/ROI\/HLC<\/td>\n<\/tr>\n<tr>\n<td>Image Settings:<\/td>\n<td>Saturation, brightness, contrast, sharpness and white balance adjustable by client software or web browser<\/td>\n<\/tr>\n<tr>\n<td>Target Cropping:<\/td>\n<td>No<\/td>\n<\/tr>\n<tr>\n<td>ROI:<\/td>\n<td>1 fixed region for main stream and sub-stream<\/td>\n<\/tr>\n<tr>\n<td>Day\/Night Switch:<\/td>\n<td>Day\/Night\/Auto\/Schedule<\/td>\n<\/tr>\n<tr>\n<th colspan=\"3\">Network<\/th>\n<\/tr>\n<tr>\n<td>Network Storage:<\/td>\n<td>microSD\/SDHC\/SDXC card (128G), local storage and NAS (NFS,SMB\/CIFS), ANR<\/td>\n<\/tr>\n<tr>\n<td>Alarm Trigger:<\/td>\n<td>Motion detection, video tampering alarm, network disconnected, IP address conflict, illegal login, HDD full, HDD error<\/td>\n<\/tr>\n<tr>\n<td>Protocols:<\/td>\n<td>TCP\/IP, ICMP, HTTP, HTTPS, FTP, DHCP, DNS, DDNS, RTP, RTSP, RTCP, PPPoE, NTP, UPnP, SMTP, SNMP, IGMP, 802.1X, QoS, IPv6, Bonjour<\/td>\n<\/tr>\n<tr>\n<td>General Function:<\/td>\n<td>One-key reset, Anti-Flicker, heartbeat, mirror, password protection, privacy<br \/>\nmask, Watermark, IP address filtering<\/td>\n<\/tr>\n<tr>\n<td>System Compatibility:<\/td>\n<td>ONVIF (Profile S, Profile G),ISAPI<\/td>\n<\/tr>\n<tr>\n<th colspan=\"3\">Interface<\/th>\n<\/tr>\n<tr>\n<td>Communication Interface:<\/td>\n<td>1 RJ45 10M \/ 100M Ethernet interface<\/td>\n<\/tr>\n<tr>\n<td>On-board storage:<\/td>\n<td>Built-in Micro SD\/SDHC\/SDXC slot, up to 128 GB<\/td>\n<\/tr>\n<tr>\n<td>Reset Button:<\/td>\n<td>Yes<\/td>\n<\/tr>\n<tr>\n<th colspan=\"3\">Smart Feature-set<\/th>\n<\/tr>\n<tr>\n<td>Behavior Analysis:<\/td>\n<td>Line crossing detection, intrusion detection<\/td>\n<\/tr>\n<tr>\n<td>Line Crossing Detection:<\/td>\n<td>Cross a pre-defined virtual line<\/td>\n<\/tr>\n<tr>\n<td>Intrusion Detection:<\/td>\n<td>Enter and loiter in a pre-defined virtual region<\/td>\n<\/tr>\n<tr>\n<td>Recognition:<\/td>\n<td>Face Detection<\/td>\n<\/tr>\n<tr>\n<th colspan=\"3\">General<\/th>\n<\/tr>\n<tr>\n<td>Operating Conditions:<\/td>\n<td>-30 \u00b0C ~ 60 \u00b0C (-22 \u00b0F ~ 140 \u00b0F)<br \/>\nHumidity 95% or less (non-condensing)<\/td>\n<\/tr>\n<tr>\n<td>Power Supply:<\/td>\n<td>12 VDC \u00b1 25%, PoE (802.3af Class3)<\/td>\n<\/tr>\n<tr>\n<td>Power Consumption:<\/td>\n<td>12 VDC, 0.5 A, max. 6 W<br \/>\nPoE: (802.3af, 36V to 57V), 0.2 A to 0.1 A, max. 7.5W<\/td>\n<\/tr>\n<tr>\n<td>Weather Proof:<\/td>\n<td>IP67<\/td>\n<\/tr>\n<tr>\n<td>IR Range:<\/td>\n<td>Up to 30m<\/td>\n<\/tr>\n<tr>\n<td>Dimensions:<\/td>\n<td>Camera: \u03a6 70 mm \u00d7 155 mm (\u03a6 2.8&#8243; \u00d7 6.1&#8243;)<br \/>\nPackage: 216 \u00d7 121 \u00d7 118 mm (8.5&#8243; \u00d7 4.8&#8243; \u00d7 4.7&#8243;)<\/td>\n<\/tr>\n<tr>\n<td>Weight:<\/td>\n<td>Camera: approx. 410 g (0.9 lb.)<\/td>\n<\/tr>\n<\/tbody>\n<\/table>\n","protected":false},"excerpt":{"rendered":"<p>4K (8MP) IP Bullet kamera, 1\/2.5&#8243; Progressive Scan CMOS, 3840 \u00d72160@15fps , 4 mm objektyvas , Spalvos: 0.01 Lux @ (F1.2, AGC ON), 0.028 Lux @ (F2.0, AGC ON), 0 Lux with IR , H.265+, H.265, H.264+, H.264 , Elgesio analiz\u0117s algoritmai 2 , 120dB WDR , BLC\/3D DNR\/ROI\/HLC , IP67 , Galimyb\u0117 prapl\u0117sti atmint\u012f micro SD\/SDHC\/SDXC kortele iki 128 GB<\/p>\n","protected":false},"featured_media":67,"comment_status":"closed","ping_status":"closed","template":"","meta":[],"product_brand":[],"product_cat":[31],"product_tag":[32,33],"class_list":{"0":"post-2184","1":"product","2":"type-product","3":"status-publish","4":"has-post-thumbnail","6":"product_cat-8-mpx-ip-kameros-hikvision","7":"product_tag-hikvision","8":"product_tag-vaizdo-stebejimo-kameros","10":"first","11":"instock","12":"shipping-taxable","13":"purchasable","14":"product-type-simple"},"jetpack_sharing_enabled":true,"_links":{"self":[{"href":"https:\/\/apsaugos.lt\/index.php?rest_route=\/wp\/v2\/product\/2184","targetHints":{"allow":["GET"]}}],"collection":[{"href":"https:\/\/apsaugos.lt\/index.php?rest_route=\/wp\/v2\/product"}],"about":[{"href":"https:\/\/apsaugos.lt\/index.php?rest_route=\/wp\/v2\/types\/product"}],"replies":[{"embeddable":true,"href":"https:\/\/apsaugos.lt\/index.php?rest_route=%2Fwp%2Fv2%2Fcomments&post=2184"}],"wp:featuredmedia":[{"embeddable":true,"href":"https:\/\/apsaugos.lt\/index.php?rest_route=\/wp\/v2\/media\/67"}],"wp:attachment":[{"href":"https:\/\/apsaugos.lt\/index.php?rest_route=%2Fwp%2Fv2%2Fmedia&parent=2184"}],"wp:term":[{"taxonomy":"product_brand","embeddable":true,"href":"https:\/\/apsaugos.lt\/index.php?rest_route=%2Fwp%2Fv2%2Fproduct_brand&post=2184"},{"taxonomy":"product_cat","embeddable":true,"href":"https:\/\/apsaugos.lt\/index.php?rest_route=%2Fwp%2Fv2%2Fproduct_cat&post=2184"},{"taxonomy":"product_tag","embeddable":true,"href":"https:\/\/apsaugos.lt\/index.php?rest_route=%2Fwp%2Fv2%2Fproduct_tag&post=2184"}],"curies":[{"name":"wp","href":"https:\/\/api.w.org\/{rel}","templated":true}]}}