{"id":2193,"date":"2021-02-22T12:23:58","date_gmt":"2021-02-22T10:23:58","guid":{"rendered":"http:\/\/apsaugos.lt\/?product=import-placeholder-for-3310"},"modified":"2021-02-22T12:24:03","modified_gmt":"2021-02-22T10:24:03","slug":"hikvision-ds-2cd2063g0-i-f2-8","status":"publish","type":"product","link":"https:\/\/apsaugos.lt\/?product=hikvision-ds-2cd2063g0-i-f2-8","title":{"rendered":"Hikvision DS-2CD2063G0-I F2.8"},"content":{"rendered":"<table border=\"1\">\n<tbody>\n<tr>\n<td>Sensorius<\/td>\n<td>1\/2.9&#8243;\u00a0Progressive\u00a0Scan\u00a0CMOS<\/td>\n<\/tr>\n<tr>\n<td>Signalo sistema<\/td>\n<td>PAL\/NTSC<\/td>\n<\/tr>\n<tr>\n<td>Min. ap\u0161vietimas<\/td>\n<td>Color:\u00a00.01\u00a0Lux\u00a0@\u00a0(F1.2,\u00a0AGC\u00a0ON),\u00a0 0.028\u00a0Lux\u00a0@\u00a0(F2.0,\u00a0AGC\u00a0ON),\u00a00\u00a0Lux\u00a0with\u00a0IR<\/td>\n<\/tr>\n<tr>\n<td>U\u017erakto laikas<\/td>\n<td>1\/3 s to 1\/100,000 s<\/td>\n<\/tr>\n<tr>\n<td>L\u0117tas u\u017eraktas<\/td>\n<td>Support<\/td>\n<\/tr>\n<tr>\n<td>Objektyvas<\/td>\n<td>2.8\u00a0mm,\u00a0horizontal\u00a0FOV:\u00a097\u00b0,\u00a0vertical\u00a0FOV:\u00a063\u00b0,\u00a0 diagonal\u00a0FOV:\u00a0120\u00b0<\/td>\n<\/tr>\n<tr>\n<td>Objektyvo montavimas<\/td>\n<td>M12<\/td>\n<\/tr>\n<tr>\n<td>Reguliavimas<\/td>\n<td>Pan: 0\u00b0 to 360\u00b0, tilt: 0\u00b0 to 90\u00b0, rotate: 0\u00b0 to 360\u00b0<\/td>\n<\/tr>\n<tr>\n<td>Diena \/ naktis<\/td>\n<td>IR cut filter with auto switch<\/td>\n<\/tr>\n<tr>\n<td>Platus dinaminis diapazonas<\/td>\n<td>120 dB<\/td>\n<\/tr>\n<tr>\n<td>Skaitmeninis triuk\u0161mo slopinimas<\/td>\n<td>3D DNR<\/td>\n<\/tr>\n<tr>\n<th colspan=\"2\" scope=\"col\">Suspaudimo standartai<\/th>\n<\/tr>\n<tr>\n<td>Vaizdo suspaudimas<\/td>\n<td>H.265+\/H.265\/H.264+\/H.264\/MJPEG<\/td>\n<\/tr>\n<tr>\n<td>Vaizdo sparta<\/td>\n<td>32Kbps~16Mbps<\/td>\n<\/tr>\n<tr>\n<td>Trigubas srautas<\/td>\n<td>Yes<\/td>\n<\/tr>\n<tr>\n<th colspan=\"2\" scope=\"col\">Vaizdas<\/th>\n<\/tr>\n<tr>\n<td>Maks. vaizdo rai\u0161ka<\/td>\n<td>3072\u00a0x\u00a02048<\/td>\n<\/tr>\n<tr>\n<td>Kadrai per sek.<\/td>\n<td>50Hz:\u00a020\u00a0fps\u00a0(3072\u00a0\u00d7\u00a02048,\u00a03072\u00a0\u00d7\u00a01728,\u00a02944\u00a0\u00d7\u00a01656),\u00a0 25\u00a0fps\u00a0(2560\u00a0\u00d7\u00a01440,\u00a01920\u00a0\u00d7\u00a01080,\u00a01280\u00a0\u00d7\u00a0720)<br \/>\n60Hz:\u00a020\u00a0fps\u00a0(3072\u00a0\u00d7\u00a02048,\u00a03072\u00a0\u00d7\u00a01728,\u00a02944\u00a0\u00d7\u00a01656),\u00a0 30fps\u00a0(2560\u00a0\u00d7\u00a01440,\u00a01920\u00a0\u00d7\u00a01080,\u00a01280\u00a0\u00d7\u00a0720)<\/td>\n<\/tr>\n<tr>\n<td>Antrinis srautas<\/td>\n<td>50Hz: 25fps (640 \u00d7 480, 640 \u00d7 360, 320 \u00d7 240)<br \/>\n60Hz: 30fps (640 \u00d7 480, 640 \u00d7 360, 320 \u00d7 240)<\/td>\n<\/tr>\n<tr>\n<td>Tre\u010dias srautas<\/td>\n<td>50Hz: 25fps (1280 \u00d7 720, 640 \u00d7 360, 352 \u00d7 288)<br \/>\n60Hz: 30fps (1280 \u00d7 720, 640 \u00d7 360, 352 \u00d7 240)<\/td>\n<\/tr>\n<tr>\n<td>Vaizdo ry\u0161kinimas<\/td>\n<td>BLC\/3D DNR<\/td>\n<\/tr>\n<tr>\n<td>Vaizdo nustatymai<\/td>\n<td>Rotate Mode, Saturation, Brightness, Contrast,\u00a0 Sharpness adjustable by client software or web browser<\/td>\n<\/tr>\n<tr>\n<td>ROI<\/td>\n<td>1 fixed region for main stream and sub-stream<\/td>\n<\/tr>\n<tr>\n<td>Dienos \/ naktie perjungimas<\/td>\n<td>Auto\/Schedule<\/td>\n<\/tr>\n<tr>\n<th colspan=\"2\" scope=\"col\">Tinklas<\/th>\n<\/tr>\n<tr>\n<td>Protokolai<\/td>\n<td>TCP\/IP, ICMP, HTTP, HTTPS, FTP,\u00a0 DHCP, DNS, DDNS, RTP, RTSP, RTCP, PPPoE, NTP, UPnP\u2122, SMTP, SNMP, IGMP, 802.1X, QoS, IPv6, Bonjour<\/td>\n<\/tr>\n<tr>\n<td>Funkcijos<\/td>\n<td>One-key reset, Anti-Flicker, heartbeat, mirror, password protection, privacy<br \/>\nmask, Watermark, IP address filtering<\/td>\n<\/tr>\n<tr>\n<td>Sistemos suderinamumas<\/td>\n<td>ONVIF (Profile S, Profile G),ISAPI<\/td>\n<\/tr>\n<tr>\n<th colspan=\"2\" scope=\"col\">S\u0105saja<\/th>\n<\/tr>\n<tr>\n<td>Ry\u0161io s\u0105saja<\/td>\n<td>1 RJ45 10M \/ 100M Ethernet interface<\/td>\n<\/tr>\n<tr>\n<td>Vidin\u0117 atmintis<\/td>\n<td>Built-in Micro SD\/SDHC\/SDXC slot, up to 128 GB<\/td>\n<\/tr>\n<tr>\n<th colspan=\"2\" scope=\"col\">I\u0161manios funkcijos<\/th>\n<\/tr>\n<tr>\n<td>Elgesio analiz\u0117<\/td>\n<td>Line crossing detection, intrusion detection<\/td>\n<\/tr>\n<tr>\n<td>Linijos kirtimo aptikimas<\/td>\n<td>Cross a pre-defined virtual line<\/td>\n<\/tr>\n<tr>\n<td>\u012esibrovimo aptikimas<\/td>\n<td>Enter and loiter in a pre-defined virtual region<\/td>\n<\/tr>\n<tr>\n<td>Atpa\u017einimas<\/td>\n<td>Face Detection<\/td>\n<\/tr>\n<tr>\n<th colspan=\"2\" scope=\"col\">Pagrindin\u0117s savyb\u0117s<\/th>\n<\/tr>\n<tr>\n<td>Darbo s\u0105lygos<\/td>\n<td>-30 \u00b0C ~ 60 \u00b0C (-22 \u00b0F ~ 140 \u00b0F)<br \/>\nHumidity 95% or less (non-condensing)<\/td>\n<\/tr>\n<tr>\n<td>Maitinimas<\/td>\n<td>12 VDC \u00b1 25%, PoE (802.3af Class3)<\/td>\n<\/tr>\n<tr>\n<td>Energijos suvartojimas<\/td>\n<td>12\u00a0VDC,\u00a00.4\u00a0A,\u00a0max.\u00a06W<br \/>\nPoE:\u00a0(802.3af,\u00a036V\u00a0to\u00a057V),\u00a00.2\u00a0A\u00a0to\u00a00.1\u00a0A,\u00a0max.\u00a07.5W<\/td>\n<\/tr>\n<tr>\n<td>IP apsaugos klas\u0117<\/td>\n<td>IP67<\/td>\n<\/tr>\n<tr>\n<td>IR ap\u0161vietimas<\/td>\n<td>Up to 30m<\/td>\n<\/tr>\n<tr>\n<td>I\u0161matavimai<\/td>\n<td>Camera: \u03a6 70 \u00d7 155.03 mm (\u03a6 2.8&#8243; \u00d7 6.1&#8243;)<br \/>\nPackage: 216 \u00d7 121 \u00d7 118 mm (8.5&#8243; \u00d7 4.8&#8243; \u00d7 4.7&#8243;)<\/td>\n<\/tr>\n<tr>\n<td>Svoris<\/td>\n<td>Camera:\u00a0approx.\u00a0410\u00a0g\u00a0(0.9\u00a0lb.)<\/td>\n<\/tr>\n<\/tbody>\n<\/table>\n","protected":false},"excerpt":{"rendered":"<p>6MP Bullet IP kamera, 120 dB WDR, EasyIP 2.0+, H.265+, H.265, H.264+, H.264, IR ap\u0161vietimas iki 30m, IP67, SD kortel\u0117s lizdas iki 128GB<\/p>\n","protected":false},"featured_media":67,"comment_status":"closed","ping_status":"closed","template":"","meta":[],"product_brand":[],"product_cat":[35],"product_tag":[32,34,33],"class_list":{"0":"post-2193","1":"product","2":"type-product","3":"status-publish","4":"has-post-thumbnail","6":"product_cat-6-mpx-ip-kameros-hikvision","7":"product_tag-hikvision","8":"product_tag-stebejimo-kameros","9":"product_tag-vaizdo-stebejimo-kameros","11":"first","12":"instock","13":"shipping-taxable","14":"purchasable","15":"product-type-simple"},"jetpack_sharing_enabled":true,"_links":{"self":[{"href":"https:\/\/apsaugos.lt\/index.php?rest_route=\/wp\/v2\/product\/2193","targetHints":{"allow":["GET"]}}],"collection":[{"href":"https:\/\/apsaugos.lt\/index.php?rest_route=\/wp\/v2\/product"}],"about":[{"href":"https:\/\/apsaugos.lt\/index.php?rest_route=\/wp\/v2\/types\/product"}],"replies":[{"embeddable":true,"href":"https:\/\/apsaugos.lt\/index.php?rest_route=%2Fwp%2Fv2%2Fcomments&post=2193"}],"wp:featuredmedia":[{"embeddable":true,"href":"https:\/\/apsaugos.lt\/index.php?rest_route=\/wp\/v2\/media\/67"}],"wp:attachment":[{"href":"https:\/\/apsaugos.lt\/index.php?rest_route=%2Fwp%2Fv2%2Fmedia&parent=2193"}],"wp:term":[{"taxonomy":"product_brand","embeddable":true,"href":"https:\/\/apsaugos.lt\/index.php?rest_route=%2Fwp%2Fv2%2Fproduct_brand&post=2193"},{"taxonomy":"product_cat","embeddable":true,"href":"https:\/\/apsaugos.lt\/index.php?rest_route=%2Fwp%2Fv2%2Fproduct_cat&post=2193"},{"taxonomy":"product_tag","embeddable":true,"href":"https:\/\/apsaugos.lt\/index.php?rest_route=%2Fwp%2Fv2%2Fproduct_tag&post=2193"}],"curies":[{"name":"wp","href":"https:\/\/api.w.org\/{rel}","templated":true}]}}