{"id":2195,"date":"2021-02-22T12:24:04","date_gmt":"2021-02-22T10:24:04","guid":{"rendered":"http:\/\/apsaugos.lt\/?product=import-placeholder-for-3313"},"modified":"2021-02-22T12:24:07","modified_gmt":"2021-02-22T10:24:07","slug":"hikvision-ds-7604ni-k1-4p","status":"publish","type":"product","link":"https:\/\/apsaugos.lt\/?product=hikvision-ds-7604ni-k1-4p","title":{"rendered":"Hikvision DS-7604NI-K1\/4P"},"content":{"rendered":"<table border=\"1\">\n<tbody>\n<tr>\n<td>IP Vaizdo \u012fvestys<\/td>\n<td>4-ch<\/td>\n<\/tr>\n<tr>\n<td>Dvipusio garso \u012fvestis<\/td>\n<td>1-ch,\u00a0RCA\u00a0(2.0\u00a0Vp-p,\u00a01k\u03a9)<\/td>\n<\/tr>\n<tr>\n<td>\u012eeinantis srautas<\/td>\n<td>40Mbps<\/td>\n<\/tr>\n<tr>\n<td>I\u0161einantis srautas<\/td>\n<td>80Mbps<\/td>\n<\/tr>\n<tr>\n<td>VGA i\u0161vestis<\/td>\n<td>1-ch,\u00a0resolution:\u00a01920*1080P\/60Hz,\u00a0 1280*1024\/60Hz,\u00a01280*720\/60Hz,\u00a0 1024*768\/60Hz<\/td>\n<\/tr>\n<tr>\n<td>HDMI i\u0161vestis<\/td>\n<td>1-ch,\u00a0resolution:\u00a04K(3840*2160)\/60Hz, \u00a04K(3840*2160)\/30Hz, \u00a01920*1080P\/60Hz,\u00a0 1600*1200\/60Hz, \u00a01280*1024\/60Hz,\u00a0 1280*720\/60Hz,\u00a01024*768\/60Hz<\/td>\n<\/tr>\n<tr>\n<td>Ra\u0161ymo rai\u0161ka<\/td>\n<td>8MP\/6MP\/5MP\/4MP\/3MP\/1080p\/UXGA\/ 720p\/VGA\/4CIF\/DCIF\/2CIF\/CIF\/QCIF<\/td>\n<\/tr>\n<tr>\n<td>Garso i\u0161vestis<\/td>\n<td>1-ch,\u00a0RCA\u00a0(Linear,\u00a01k\u03a9)<\/td>\n<\/tr>\n<tr>\n<td>Gyva per\u017ei\u016bra \/ atk\u016brimas<\/td>\n<td>8MP\/6MP\/5MP\/3MP\/1080p\/UXGA\/7 20p\/VGA\/4CIF\/DCIF\/2CIF\/CIF\/QCIF<\/td>\n<\/tr>\n<tr>\n<td>Dekodavimo galimyb\u0117s<\/td>\n<td>4-ch@1080P<\/td>\n<\/tr>\n<tr>\n<td>SATA<\/td>\n<td>1\u00a0SATA\u00a0interface\u00a0for\u00a01\u00a0HDD<\/td>\n<\/tr>\n<tr>\n<td>Talpa<\/td>\n<td>Up to 6TB capacity for each disk<\/td>\n<\/tr>\n<tr>\n<td>Interneto ssaja<\/td>\n<td>1\u00a0RJ-45\u00a010\u00a0\/\u00a0100\u00a0Mbps\u00a0selfadaptive<br \/>\nEthernet\u00a0interface<\/td>\n<\/tr>\n<tr>\n<td>USB s\u0105saja<\/td>\n<td>2 USB 2.0 Interfaces<\/td>\n<\/tr>\n<tr>\n<td>PoE s\u0105saja<\/td>\n<td>4\u00a0independent\u00a010\u00a0\/100\u00a0Mbps\u00a0PoE<br \/>\nEthernet\u00a0interfaces<\/td>\n<\/tr>\n<tr>\n<td>Maitinimas<\/td>\n<td>48\u00a0VDC<\/td>\n<\/tr>\n<tr>\n<td>Energijos suvartojimas<br \/>\n(be HDD)<\/td>\n<td>\u2264\u00a010\u00a0W<\/td>\n<\/tr>\n<tr>\n<td>Darbo temperat\u016bra<\/td>\n<td>0\u00a0\u00baC\u00a0~\u00a0+40\u00a0\u00baC\u00a0(+32\u00a0\u00baF\u00a0~\u00a0+104\u00a0\u00baF)<\/td>\n<\/tr>\n<tr>\n<td>Santykinis oro dr\u0117gnumas<\/td>\n<td>10%~90%<\/td>\n<\/tr>\n<tr>\n<td>Korpusas<\/td>\n<td>315\u00a0mm\u00a0chassis<\/td>\n<\/tr>\n<tr>\n<td>I\u0161matavimai<br \/>\n(W x D x H)<\/td>\n<td>315\u00a0\u00d7\u00a0240\u00a0\u00d7\u00a048\u00a0mm\u00a0(12.4&#8243;\u00a0\u00d7\u00a09.4&#8243;\u00a0\u00d7\u00a01.9&#8243;)<\/td>\n<\/tr>\n<tr>\n<td>Svoris<br \/>\n(be HDD)<\/td>\n<td>\u2264 1 Kg<\/td>\n<\/tr>\n<\/tbody>\n<\/table>\n","protected":false},"excerpt":{"rendered":"<p>Tre\u010di\u0173 \u0161ali\u0173 kamer\u0173 palaikymas, iki 8 Mpx ra\u0161ymo rai\u0161ka, 1 x HDMI, 1 x VGA, HMDI iki 4K(3840&#215;2160) rai\u0161kos, 4 tinklo kameros gali b\u016bti sujungtos su 40M \u012feinan\u010diu srautu, dviguba operacin\u0117 sistema, 4 PoE s\u0105sajos, palaikomi H.265\/H.265+\/H.264\/H.264+\/MPEG4 vaizdo formatai.<\/p>\n","protected":false},"featured_media":104,"comment_status":"closed","ping_status":"closed","template":"","meta":[],"product_brand":[],"product_cat":[37],"product_tag":[32,34],"class_list":{"0":"post-2195","1":"product","2":"type-product","3":"status-publish","4":"has-post-thumbnail","6":"product_cat-nvr-4-kanalu","7":"product_tag-hikvision","8":"product_tag-stebejimo-kameros","10":"first","11":"instock","12":"shipping-taxable","13":"purchasable","14":"product-type-simple"},"jetpack_sharing_enabled":true,"_links":{"self":[{"href":"https:\/\/apsaugos.lt\/index.php?rest_route=\/wp\/v2\/product\/2195","targetHints":{"allow":["GET"]}}],"collection":[{"href":"https:\/\/apsaugos.lt\/index.php?rest_route=\/wp\/v2\/product"}],"about":[{"href":"https:\/\/apsaugos.lt\/index.php?rest_route=\/wp\/v2\/types\/product"}],"replies":[{"embeddable":true,"href":"https:\/\/apsaugos.lt\/index.php?rest_route=%2Fwp%2Fv2%2Fcomments&post=2195"}],"wp:featuredmedia":[{"embeddable":true,"href":"https:\/\/apsaugos.lt\/index.php?rest_route=\/wp\/v2\/media\/104"}],"wp:attachment":[{"href":"https:\/\/apsaugos.lt\/index.php?rest_route=%2Fwp%2Fv2%2Fmedia&parent=2195"}],"wp:term":[{"taxonomy":"product_brand","embeddable":true,"href":"https:\/\/apsaugos.lt\/index.php?rest_route=%2Fwp%2Fv2%2Fproduct_brand&post=2195"},{"taxonomy":"product_cat","embeddable":true,"href":"https:\/\/apsaugos.lt\/index.php?rest_route=%2Fwp%2Fv2%2Fproduct_cat&post=2195"},{"taxonomy":"product_tag","embeddable":true,"href":"https:\/\/apsaugos.lt\/index.php?rest_route=%2Fwp%2Fv2%2Fproduct_tag&post=2195"}],"curies":[{"name":"wp","href":"https:\/\/api.w.org\/{rel}","templated":true}]}}