{"id":2196,"date":"2021-02-22T12:24:04","date_gmt":"2021-02-22T10:24:04","guid":{"rendered":"http:\/\/apsaugos.lt\/?product=import-placeholder-for-3315"},"modified":"2021-02-22T12:24:07","modified_gmt":"2021-02-22T10:24:07","slug":"hikvision-nvr-ds-7104ni-k1-w-m","status":"publish","type":"product","link":"https:\/\/apsaugos.lt\/?product=hikvision-nvr-ds-7104ni-k1-w-m","title":{"rendered":"Hikvision NVR DS-7104NI-K1\/W\/M"},"content":{"rendered":"<table border=\"1\">\n<tbody>\n<tr>\n<th colspan=\"2\">Vaizdo\/garso \u012fvestis<\/th>\n<\/tr>\n<tr>\n<td class=\"td1\">Garso \u012fvestis<\/td>\n<td>1-ch, RCA (2.0 Vp-p, 1k\u03a9)<\/td>\n<\/tr>\n<tr>\n<td class=\"td1\">IP vaizdo \u012fvestis<\/td>\n<td>4-ch<\/td>\n<\/tr>\n<tr>\n<td class=\"td1\">Garso i\u0161vestis<\/td>\n<td>1-ch, RCA (2.0Vp-p, 1k\u03a9)<\/td>\n<\/tr>\n<tr>\n<th colspan=\"2\">Tinklas<\/th>\n<\/tr>\n<tr>\n<td class=\"td1\">\u012eeinantis srautas<\/td>\n<td>50Mbps<\/td>\n<\/tr>\n<tr>\n<td class=\"td1\">I\u0161einantis srautas<\/td>\n<td>40Mbps<\/td>\n<\/tr>\n<tr>\n<th colspan=\"2\">Vaizdo\/garso i\u0161vestis<\/th>\n<\/tr>\n<tr>\n<td class=\"td1\">HDMI\/VGA i\u0161vestis<\/td>\n<td>1-ch, resolution:<br \/>\n1920 \u00d7 1080P \/60Hz, 1280 \u00d7 1024 \/60Hz, 1280 \u00d7 720 \/60Hz, 1024 \u00d7 768 \/60Hz<\/td>\n<\/tr>\n<tr>\n<td class=\"td1\">Garso i\u0161vestis<\/td>\n<td>1-ch, RCA (Linear, 1k\u03a9)<\/td>\n<\/tr>\n<tr>\n<th colspan=\"2\">Kodavimas<\/th>\n<\/tr>\n<tr>\n<td class=\"td1\">Paj\u0117gumas<\/td>\n<td>1-ch @ 4 MP \/ 2-ch @ 1080p<\/td>\n<\/tr>\n<tr>\n<th colspan=\"2\">Kietasis diskas<\/th>\n<\/tr>\n<tr>\n<td class=\"td1\">S\u0105sajos tipas<\/td>\n<td>1 SATA interface<\/td>\n<\/tr>\n<tr>\n<td class=\"td1\">SATA<\/td>\n<td>1 SATA interface for 1 HDD<\/td>\n<\/tr>\n<tr>\n<td class=\"td1\">Paj\u0117gumas<\/td>\n<td>Up to 6TB capacity for each HDD<\/td>\n<\/tr>\n<tr>\n<th colspan=\"2\">I\u0161orin\u0117 s\u0105saja<\/th>\n<\/tr>\n<tr>\n<td class=\"td1\">USB s\u0105saja<\/td>\n<td>2, USB2.0<\/td>\n<\/tr>\n<tr>\n<th colspan=\"2\">Pagrindin\u0117s savyb\u0117s<\/th>\n<\/tr>\n<tr>\n<td class=\"td1\">Maitinimas<\/td>\n<td>12 VDC<\/td>\n<\/tr>\n<tr>\n<td class=\"td1\">Veikimo temperat\u016bra<\/td>\n<td>-10 oC ~ +55 oC (+14 oF~ + 131 oF)<\/td>\n<\/tr>\n<tr>\n<td class=\"td1\">Santykinis oro dr\u0117gnumas<\/td>\n<td>10 % ~ 90 %<\/td>\n<\/tr>\n<tr>\n<td class=\"td1\">I\u0161matavimai<\/td>\n<td>260 \u00d7 246 \u00d7 48 mm (10.2&#8243; \u00d7 9.7&#8243; \u00d7 1.9&#8243;)<\/td>\n<\/tr>\n<tr>\n<td class=\"td1\">Svoris(be HDD):<\/td>\n<td>\u2264 1 kg (2.2 lb)<\/td>\n<\/tr>\n<\/tbody>\n<\/table>\n","protected":false},"excerpt":{"rendered":"<p>4 kanal\u0173 NVR , Wi-Fi funkcija, 1 SATA s\u0105saja (iki 6TB kiekvienam HDD), \u012eeinantis srautas iki 50Mbps, Iki 4 Mpx ra\u0161ymo rai\u0161ka, HDMI\/VGA i\u0161vestis<\/p>\n","protected":false},"featured_media":105,"comment_status":"closed","ping_status":"closed","template":"","meta":[],"product_brand":[],"product_cat":[37],"product_tag":[32,38,39],"class_list":{"0":"post-2196","1":"product","2":"type-product","3":"status-publish","4":"has-post-thumbnail","6":"product_cat-nvr-4-kanalu","7":"product_tag-hikvision","8":"product_tag-nvr","9":"product_tag-stebejimo-sistemos","11":"first","12":"instock","13":"sale","14":"shipping-taxable","15":"purchasable","16":"product-type-simple"},"jetpack_sharing_enabled":true,"_links":{"self":[{"href":"https:\/\/apsaugos.lt\/index.php?rest_route=\/wp\/v2\/product\/2196","targetHints":{"allow":["GET"]}}],"collection":[{"href":"https:\/\/apsaugos.lt\/index.php?rest_route=\/wp\/v2\/product"}],"about":[{"href":"https:\/\/apsaugos.lt\/index.php?rest_route=\/wp\/v2\/types\/product"}],"replies":[{"embeddable":true,"href":"https:\/\/apsaugos.lt\/index.php?rest_route=%2Fwp%2Fv2%2Fcomments&post=2196"}],"wp:featuredmedia":[{"embeddable":true,"href":"https:\/\/apsaugos.lt\/index.php?rest_route=\/wp\/v2\/media\/105"}],"wp:attachment":[{"href":"https:\/\/apsaugos.lt\/index.php?rest_route=%2Fwp%2Fv2%2Fmedia&parent=2196"}],"wp:term":[{"taxonomy":"product_brand","embeddable":true,"href":"https:\/\/apsaugos.lt\/index.php?rest_route=%2Fwp%2Fv2%2Fproduct_brand&post=2196"},{"taxonomy":"product_cat","embeddable":true,"href":"https:\/\/apsaugos.lt\/index.php?rest_route=%2Fwp%2Fv2%2Fproduct_cat&post=2196"},{"taxonomy":"product_tag","embeddable":true,"href":"https:\/\/apsaugos.lt\/index.php?rest_route=%2Fwp%2Fv2%2Fproduct_tag&post=2196"}],"curies":[{"name":"wp","href":"https:\/\/api.w.org\/{rel}","templated":true}]}}