{"id":2198,"date":"2021-02-22T12:24:04","date_gmt":"2021-02-22T10:24:04","guid":{"rendered":"http:\/\/apsaugos.lt\/?product=import-placeholder-for-3319"},"modified":"2021-02-22T12:24:07","modified_gmt":"2021-02-22T10:24:07","slug":"hikvision-ds-7608ni-i2","status":"publish","type":"product","link":"https:\/\/apsaugos.lt\/?product=hikvision-ds-7608ni-i2","title":{"rendered":"Hikvision DS-7608NI-I2"},"content":{"rendered":"<table class=\"cke_show_border\" border=\"0\" width=\"290\" cellspacing=\"0\" cellpadding=\"0\">\n<tbody>\n<tr>\n<td class=\"td\" align=\"left\" width=\"135\">IP video \u012f\u0117jimai:<\/td>\n<td class=\"td2\" align=\"left\">8-ch<\/td>\n<\/tr>\n<tr>\n<td class=\"td\" align=\"left\" width=\"135\">Dvipusis audio:<\/td>\n<td class=\"td2\" align=\"left\">1-ch,\u00a0RCA\u00a0(2.0\u00a0Vp-p,\u00a01k\u03a9)<\/td>\n<\/tr>\n<tr>\n<td class=\"td\" align=\"left\" width=\"135\">\u012eeinantis srautas:<\/td>\n<td class=\"td2\" align=\"left\">80Mbps<\/td>\n<\/tr>\n<tr>\n<td class=\"td\" align=\"left\" width=\"135\">I\u0161\u0117inantis srautas:<\/td>\n<td class=\"td2\" align=\"left\">256Mpbs<\/td>\n<\/tr>\n<tr>\n<td class=\"td\" align=\"left\" width=\"135\">Nuotolini\u0173 prisijungim\u0173 skai\u010dius:<\/td>\n<td class=\"td2\" align=\"left\">128<\/td>\n<\/tr>\n<tr>\n<td class=\"td\" align=\"left\" width=\"135\">HDMI i\u0161\u0117jimas:<\/td>\n<td class=\"td2\" align=\"left\">1-ch,\u00a0resolution:\u00a04K(3840*2160)\/60Hz,\u00a04K(3840*2160)\/30Hz,\u00a01920*1080P\/60Hz,\u00a01600*1200\/60Hz,\u00a01280*1024\/60Hz,\u00a01280*720\/60Hz,\u00a01024*768\/60Hz<\/td>\n<\/tr>\n<tr>\n<td class=\"td\" align=\"left\" width=\"135\">Ra\u0161ymo rezoliucijos:<\/td>\n<td class=\"td2\" align=\"left\">12MP\/8MP\/6MP\/5MP\/4MP\/3MP\/1080p\/UXGA\/720p\/VGA\/4CIF\/DCIF\/2CIF\/CIF\/QCIF<\/td>\n<\/tr>\n<tr>\n<td class=\"td\" align=\"left\" width=\"135\">Audio i\u0161\u0117jimas:<\/td>\n<td class=\"td2\" align=\"left\">1-ch,\u00a0RCA\u00a0(Linear,\u00a01k\u03a9)<\/td>\n<\/tr>\n<tr>\n<td class=\"td\" align=\"left\" width=\"135\">Sinchroninis atk\u016brimas:<\/td>\n<td class=\"td2\" align=\"left\">8-ch<\/td>\n<\/tr>\n<tr>\n<td class=\"td\" align=\"left\" width=\"135\">VGA i\u0161\u0117jimas:<\/td>\n<td class=\"td2\" align=\"left\">1-ch,\u00a0resolution:\u00a01920*1080P\/60Hz,\u00a01280*1024\/60Hz,\u00a01280*720\/60Hz,\u00a01024*768\/60Hz<\/td>\n<\/tr>\n<tr>\n<td class=\"td\" align=\"left\" width=\"135\">Gyva per\u017ei\u016bra\/atk\u016brimas:<\/td>\n<td class=\"td2\" align=\"left\">12MP\/8MP\/6MP\/5MP\/4MP\/3MP\/1080p\/UXGA\/720p\/VGA\/4CIF\/DCIF\/2CIF\/CIF\/QCIF<\/td>\n<\/tr>\n<tr>\n<td class=\"td\" align=\"left\" width=\"135\">Dekodavimo galimyb\u0117s:<\/td>\n<td class=\"td2\" align=\"left\">4-ch@8MP,16-ch@1080P<\/td>\n<\/tr>\n<tr>\n<td class=\"td\" align=\"left\" width=\"135\">SATA:<\/td>\n<td class=\"td2\" align=\"left\">2\u00a0SATA\u00a0interfaces\u00a0for\u00a02\u00a0HDDs<\/td>\n<\/tr>\n<tr>\n<td class=\"td\" align=\"left\" width=\"135\">Talpa:<\/td>\n<td class=\"td2\" align=\"left\">Up\u00a0to\u00a06TB\u00a0capacity\u00a0for\u00a0each\u00a0HDD<\/td>\n<\/tr>\n<tr>\n<td class=\"td\" align=\"left\" width=\"135\">Tinklo s\u0105saja:<\/td>\n<td class=\"td2\" align=\"left\">1RJ-45\u00a010\/100\/1000Mbps\u00a0self-adaptive\u00a0Ethernet\u00a0interface<\/td>\n<\/tr>\n<tr>\n<td class=\"td\" align=\"left\" width=\"135\">Serial s\u0105saja:<\/td>\n<td class=\"td2\" align=\"left\">RS-232<\/td>\n<\/tr>\n<tr>\n<td class=\"td\" align=\"left\" width=\"135\">USB s\u0105saja:<\/td>\n<td class=\"td2\" align=\"left\">Front\u00a0panel:\u00a01\u00a0\u00d7\u00a0USB\u00a02.0<br \/>\nRear\u00a0panel:\u00a01\u00a0\u00d7\u00a0USB\u00a03.0<\/td>\n<\/tr>\n<tr>\n<td class=\"td\" align=\"left\" width=\"135\">Aliarminiai \u012f\u0117jimai:<\/td>\n<td class=\"td2\" align=\"left\">4-ch<\/td>\n<\/tr>\n<tr>\n<td class=\"td\" align=\"left\" width=\"135\">Aliarminiai i\u0161\u0117jimai:<\/td>\n<td class=\"td2\" align=\"left\">1-ch<\/td>\n<\/tr>\n<tr>\n<td class=\"td\" align=\"left\" width=\"135\">Maitinimas:<\/td>\n<td class=\"td2\" align=\"left\">12\u00a0VDC<\/td>\n<\/tr>\n<tr>\n<td class=\"td\" align=\"left\" width=\"135\">Energijos suvartojimas (be HDD):<\/td>\n<td class=\"td2\" align=\"left\">\u226415\u00a0W<\/td>\n<\/tr>\n<tr>\n<td class=\"td\" align=\"left\" width=\"135\">Darbin\u0117 temperat\u016bra:<\/td>\n<td class=\"td2\" align=\"left\">-10\u00a0\u00baC\u00a0~\u00a0+55\u00a0\u00baC\u00a0(+14\u00a0\u00baF~\u00a0+\u00a0131\u00a0\u00baF)<\/td>\n<\/tr>\n<tr>\n<td class=\"td\" align=\"left\" width=\"135\">Santykinis oro dr\u0117gnumas:<\/td>\n<td class=\"td2\" align=\"left\">10\u00a0%\u00a0~\u00a090\u00a0%<\/td>\n<\/tr>\n<tr>\n<td class=\"td\" align=\"left\" width=\"135\">Korpusas:<\/td>\n<td class=\"td2\" align=\"left\">380\u00a0chassis<\/td>\n<\/tr>\n<tr>\n<td class=\"td\" align=\"left\" width=\"135\">I\u0161matavimai:<\/td>\n<td class=\"td2\" align=\"left\">380\u00a0\u00d7\u00a0290\u00a0\u00d745\u00a0mm\u00a0(15.0&#8243;\u00d7\u00a011.4&#8243;\u00a0\u00d7\u00a01.8&#8243;)<\/td>\n<\/tr>\n<\/tbody>\n<\/table>\n","protected":false},"excerpt":{"rendered":"<p>Tre\u010di\u0173 \u0161ali\u0173 kamer\u0173 palaikymas, iki 12Mpx ra\u0161ymo rezoliucija, 1 x HDMI, 1 x VGA, HMDI iki\u00a04K(3840&#215;2160)rezoliucijos, 8 kanalai, 80Mb \u012feinantis srautas,\u00a02 SATA jungtys, dviguba operacin\u0117 sistema,\u00a0palaikomi H.265\/H.265+\/H.264\/H.264+\/MPEG4 video formatai.<\/p>\n","protected":false},"featured_media":106,"comment_status":"closed","ping_status":"closed","template":"","meta":[],"product_brand":[],"product_cat":[40],"product_tag":[32,38,33],"class_list":{"0":"post-2198","1":"product","2":"type-product","3":"status-publish","4":"has-post-thumbnail","6":"product_cat-nvr-8-kanalu","7":"product_tag-hikvision","8":"product_tag-nvr","9":"product_tag-vaizdo-stebejimo-kameros","11":"first","12":"instock","13":"shipping-taxable","14":"purchasable","15":"product-type-simple"},"jetpack_sharing_enabled":true,"_links":{"self":[{"href":"https:\/\/apsaugos.lt\/index.php?rest_route=\/wp\/v2\/product\/2198","targetHints":{"allow":["GET"]}}],"collection":[{"href":"https:\/\/apsaugos.lt\/index.php?rest_route=\/wp\/v2\/product"}],"about":[{"href":"https:\/\/apsaugos.lt\/index.php?rest_route=\/wp\/v2\/types\/product"}],"replies":[{"embeddable":true,"href":"https:\/\/apsaugos.lt\/index.php?rest_route=%2Fwp%2Fv2%2Fcomments&post=2198"}],"wp:featuredmedia":[{"embeddable":true,"href":"https:\/\/apsaugos.lt\/index.php?rest_route=\/wp\/v2\/media\/106"}],"wp:attachment":[{"href":"https:\/\/apsaugos.lt\/index.php?rest_route=%2Fwp%2Fv2%2Fmedia&parent=2198"}],"wp:term":[{"taxonomy":"product_brand","embeddable":true,"href":"https:\/\/apsaugos.lt\/index.php?rest_route=%2Fwp%2Fv2%2Fproduct_brand&post=2198"},{"taxonomy":"product_cat","embeddable":true,"href":"https:\/\/apsaugos.lt\/index.php?rest_route=%2Fwp%2Fv2%2Fproduct_cat&post=2198"},{"taxonomy":"product_tag","embeddable":true,"href":"https:\/\/apsaugos.lt\/index.php?rest_route=%2Fwp%2Fv2%2Fproduct_tag&post=2198"}],"curies":[{"name":"wp","href":"https:\/\/api.w.org\/{rel}","templated":true}]}}