{"id":2199,"date":"2021-02-22T12:24:05","date_gmt":"2021-02-22T10:24:05","guid":{"rendered":"http:\/\/apsaugos.lt\/?product=import-placeholder-for-3321"},"modified":"2021-02-22T12:24:07","modified_gmt":"2021-02-22T10:24:07","slug":"hikvision-ds-7608ni-k2","status":"publish","type":"product","link":"https:\/\/apsaugos.lt\/?product=hikvision-ds-7608ni-k2","title":{"rendered":"Hikvision DS-7608NI-K2"},"content":{"rendered":"<table border=\"1\">\n<tbody>\n<tr>\n<td>IP vaizdo kanalai<\/td>\n<td>8-ch<\/td>\n<\/tr>\n<tr>\n<td>Dvipusis garso ry\u0161ys<\/td>\n<td>1-ch, RCA (2.0 Vp-p, 1k\u03a9)<\/td>\n<\/tr>\n<tr>\n<td>\u012eeinantis srautas<\/td>\n<td>80Mbps<\/td>\n<\/tr>\n<tr>\n<td>I\u0161einantis srautas<\/td>\n<td>160Mbps<\/td>\n<\/tr>\n<tr>\n<td>Nuotolini\u0173 prisijungim\u0173 skai\u010dius<\/td>\n<td>128<\/td>\n<\/tr>\n<tr>\n<td>HDMI i\u0161vestis<\/td>\n<td>1-ch,\u00a0resolution:\u00a04K(3840*2160)\/60Hz,\u00a0 4K(3840*2160)\/30Hz,\u00a0 1920*1080P\/60Hz, \u00a01600*1200\/60Hz,\u00a0 1280*1024\/60Hz,\u00a0 1280*720\/60Hz,\u00a0 1024*768\/60Hz<\/td>\n<\/tr>\n<tr>\n<td>\u012era\u0161ymo rai\u0161ka<\/td>\n<td>8MP\/6MP\/5MP\/4MP\/ 3MP\/1080p\/UXGA\/ 720p\/VGA\/4CIF\/ DCIF\/2CIF\/CIF\/QCIF<\/td>\n<\/tr>\n<tr>\n<td>Sinchroninis atk\u016brimas<\/td>\n<td>8-ch<\/td>\n<\/tr>\n<tr>\n<td>VGA i\u0161vestis<\/td>\n<td>1-ch,\u00a0resolution:\u00a0 1920*1080P\/60Hz,\u00a0 1280*1024\/60Hz,\u00a0 1280*720\/60Hz, \u00a01024*768\/60Hz<\/td>\n<\/tr>\n<tr>\n<td>Audio i\u0161vestis<\/td>\n<td>1-ch,\u00a0RCA\u00a0(Linear,\u00a01k\u03a9)<\/td>\n<\/tr>\n<tr>\n<td>Gyva per\u017ei\u016bra \/ atk\u016brimas<\/td>\n<td>8MP\/6MP\/5MP\/3MP\/1080p\/ UXGA\/720p\/VGA\/4CIF\/ DCIF\/2CIF\/CIF\/QCIF<\/td>\n<\/tr>\n<tr>\n<td>Paj\u0117gumas<\/td>\n<td>8-ch@1080P<\/td>\n<\/tr>\n<tr>\n<td>SATA<\/td>\n<td>2\u00a0SATA\u00a0interfaces\u00a0for\u00a02\u00a0HDDs<\/td>\n<\/tr>\n<tr>\n<td>Talpa<\/td>\n<td>Up\u00a0to\u00a06TB\u00a0capacity\u00a0for\u00a0each\u00a0HDD<\/td>\n<\/tr>\n<tr>\n<td>Tinklo s\u0105saja<\/td>\n<td>1RJ-45\u00a010\/100\/1000Mbps\u00a0self-adaptive\u00a0Ethernet\u00a0interface<\/td>\n<\/tr>\n<tr>\n<td>USB s\u0105saja<\/td>\n<td>Front\u00a0panel:\u00a01\u00a0\u00d7\u00a0USB\u00a02.0<br \/>\nRear\u00a0panel:\u00a01\u00a0\u00d7\u00a0USB\u00a03.0<\/td>\n<\/tr>\n<tr>\n<td>Pavojaus \u012fvestis\/i\u0161vestis<\/td>\n<td>4\/1<\/td>\n<\/tr>\n<tr>\n<td>Maitinimas<\/td>\n<td>100\u00a0to\u00a0240VAC<\/td>\n<\/tr>\n<tr>\n<td>Energijos suvartojimas<\/td>\n<td>\u2264 15 W<\/td>\n<\/tr>\n<tr>\n<td>Darbo temperat\u016bra<\/td>\n<td>-10 \u00baC ~ +55 \u00baC<\/td>\n<\/tr>\n<tr>\n<td>Santykinis oro dr\u0117gnumas<\/td>\n<td>10 % ~ 90 %<\/td>\n<\/tr>\n<tr>\n<td>Korpusas<\/td>\n<td>385\u00a0mm\u00a0chassis<\/td>\n<\/tr>\n<tr>\n<td>I\u0161matavimai<br \/>\n(W \u00d7 D \u00d7 H)<\/td>\n<td>385\u00a0\u00d7\u00a0315\u00d7\u00a052\u00a0mm<\/td>\n<\/tr>\n<tr>\n<td>Svoris<\/td>\n<td>\u2264 3 Kg ( without hard disk)<\/td>\n<\/tr>\n<\/tbody>\n<\/table>\n","protected":false},"excerpt":{"rendered":"<p>Tre\u010di\u0173 \u0161ali\u0173 kamer\u0173 palaikymas, iki 8Mpx ra\u0161ymo rezoliucija, 1 x HDMI, 1 x VGA, HMDI iki 4K(3840&#215;2160) rezoliucija, 80Mb \u012feinantis srautas, 2 SATA jungtys, palaikomi H.265\/H.265+\/H.264\/H.264+\/MPEG4 video formatai.<\/p>\n","protected":false},"featured_media":106,"comment_status":"closed","ping_status":"closed","template":"","meta":[],"product_brand":[],"product_cat":[40],"product_tag":[32,38,34],"class_list":{"0":"post-2199","1":"product","2":"type-product","3":"status-publish","4":"has-post-thumbnail","6":"product_cat-nvr-8-kanalu","7":"product_tag-hikvision","8":"product_tag-nvr","9":"product_tag-stebejimo-kameros","11":"first","12":"instock","13":"shipping-taxable","14":"purchasable","15":"product-type-simple"},"jetpack_sharing_enabled":true,"_links":{"self":[{"href":"https:\/\/apsaugos.lt\/index.php?rest_route=\/wp\/v2\/product\/2199","targetHints":{"allow":["GET"]}}],"collection":[{"href":"https:\/\/apsaugos.lt\/index.php?rest_route=\/wp\/v2\/product"}],"about":[{"href":"https:\/\/apsaugos.lt\/index.php?rest_route=\/wp\/v2\/types\/product"}],"replies":[{"embeddable":true,"href":"https:\/\/apsaugos.lt\/index.php?rest_route=%2Fwp%2Fv2%2Fcomments&post=2199"}],"wp:featuredmedia":[{"embeddable":true,"href":"https:\/\/apsaugos.lt\/index.php?rest_route=\/wp\/v2\/media\/106"}],"wp:attachment":[{"href":"https:\/\/apsaugos.lt\/index.php?rest_route=%2Fwp%2Fv2%2Fmedia&parent=2199"}],"wp:term":[{"taxonomy":"product_brand","embeddable":true,"href":"https:\/\/apsaugos.lt\/index.php?rest_route=%2Fwp%2Fv2%2Fproduct_brand&post=2199"},{"taxonomy":"product_cat","embeddable":true,"href":"https:\/\/apsaugos.lt\/index.php?rest_route=%2Fwp%2Fv2%2Fproduct_cat&post=2199"},{"taxonomy":"product_tag","embeddable":true,"href":"https:\/\/apsaugos.lt\/index.php?rest_route=%2Fwp%2Fv2%2Fproduct_tag&post=2199"}],"curies":[{"name":"wp","href":"https:\/\/api.w.org\/{rel}","templated":true}]}}