{"id":2202,"date":"2021-02-22T12:24:05","date_gmt":"2021-02-22T10:24:05","guid":{"rendered":"http:\/\/apsaugos.lt\/?product=import-placeholder-for-3324"},"modified":"2021-02-22T12:24:08","modified_gmt":"2021-02-22T10:24:08","slug":"hikvision-ds-7616nxi-i2-4s","status":"publish","type":"product","link":"https:\/\/apsaugos.lt\/?product=hikvision-ds-7616nxi-i2-4s","title":{"rendered":"Hikvision DS-7616NXI-I2\/4S"},"content":{"rendered":"<table border=\"1\">\n<tbody>\n<tr>\n<td>P Video \u012f\u0117jimai:<\/td>\n<td>16-ch<\/td>\n<\/tr>\n<tr>\n<td>Audio i\u0161vestis:<\/td>\n<td>1-ch,\u00a0RCA\u00a0(2.0\u00a0Vp-p,\u00a0 1k\u03a9)<\/p>\n<p>Resolution: 704\u00d7576(PAL); 704\u00d7480(NTSC)<\/td>\n<\/tr>\n<tr>\n<td>\u012eeinantis srautas<\/td>\n<td>160Mbps<\/td>\n<\/tr>\n<tr>\n<td>Dekodavimo galimyb\u0117s:<\/td>\n<td>12 x 1080p<\/td>\n<\/tr>\n<tr>\n<td>Garso i\u0161vestis:<\/td>\n<td>1-ch,\u00a0resolution:\u00a0 1920*1080P\/60Hz,\u00a0 1280*1024\/60Hz, \u00a01280*720\/60Hz, \u00a01024*768\/60Hz<\/td>\n<\/tr>\n<tr>\n<td>Dekodavimo formatas<\/td>\n<td>H.265\/H.265+\/H.264\/H.264+\/MPEG4<\/td>\n<\/tr>\n<tr>\n<td>Ra\u0161ymo rezoliucija:<\/td>\n<td>12MP\/8MP\/6MP\/5MP\/4MP\/3MP\/ 1080p\/ UXGA\/720p\/VGA\/4CIF\/ DCIF\/2CIF\/CIF\/QCIF<\/td>\n<\/tr>\n<tr>\n<td>Gyvo vaizdo ir atk\u016brimo rezoliucijos:<\/td>\n<td>12MP\/8MP\/6MP\/5MP\/3MP\/ 1080p\/UXGA\/ 720p\/VGA\/4CIF\/ DCIF\/2CIF\/CIF\/QCIF<\/td>\n<\/tr>\n<tr>\n<td>Dekodavimo galimyb\u0117s:<\/td>\n<td>4-ch@1080P<\/td>\n<\/tr>\n<tr>\n<td>SATA:<\/td>\n<td>2\u00a0SATA\u00a0interfaces<\/td>\n<\/tr>\n<tr>\n<td>Talpa:<\/td>\n<td>Up to 8TB capacity for \u00a0each disk<\/td>\n<\/tr>\n<tr>\n<td>Tinklo s\u0105saja:<\/td>\n<td>1 RJ-45 10\/100\/1000 Mbps self adaptive Ethernet interface<\/td>\n<\/tr>\n<tr>\n<td>USB s\u0105saja:<\/td>\n<td>Front: 2 USB 2.0 Interfaces,<\/p>\n<p>Rear: 1 USB 3.0<\/td>\n<\/tr>\n<tr>\n<td>Aliarmo \u012f\u0117jimai:<\/td>\n<td>4-ch<\/td>\n<\/tr>\n<tr>\n<td>Aliarmo i\u0161\u0117jimai:<\/td>\n<td>1-ch<\/td>\n<\/tr>\n<tr>\n<td>Maitinimas:<\/td>\n<td>12 VDC<\/td>\n<\/tr>\n<tr>\n<td>Energijos suvartojimas:<\/td>\n<td>\u2264 40 W (\u2264 15 W without HDD and PoE)<\/td>\n<\/tr>\n<tr>\n<td>Darbin\u0117 temperat\u016bra:<\/td>\n<td>-10 \u00b0C ~ +55 \u00b0C<\/td>\n<\/tr>\n<tr>\n<td>Dr\u0117gnumas:<\/td>\n<td>10%~90%<\/td>\n<\/tr>\n<tr>\n<td>Korpusas:<\/td>\n<td>1U chassis<\/td>\n<\/tr>\n<tr>\n<td>I\u0161matavimai:<\/td>\n<td>380\u00a0\u00d7\u00a0315\u00d7\u00a052\u00a0mm<\/td>\n<\/tr>\n<tr>\n<td>Svoris:<\/td>\n<td>\u2264 3 Kg (without hard disk)<\/td>\n<\/tr>\n<\/tbody>\n<\/table>\n","protected":false},"excerpt":{"rendered":"<p>16 kanal\u0173 NVR, iki 12Mpx ra\u0161ymo rezoliucija, 1 x HDMI, 1 x VGA, HMDI iki 4K(3840&#215;2160) rezoliucijos, 16 kanalai, 80Mb \u012feinantis srautas, 2 SATA jungtys, 8 nepriklausomos Poe s\u0105sajos, palaiko H.265\/H.265+\/H.264\/H.264+\/MPEG4 video formatus<\/p>\n","protected":false},"featured_media":107,"comment_status":"closed","ping_status":"closed","template":"","meta":[],"product_brand":[],"product_cat":[41],"product_tag":[42,38,39],"class_list":{"0":"post-2202","1":"product","2":"type-product","3":"status-publish","4":"has-post-thumbnail","6":"product_cat-nvr-16-kanalu","7":"product_tag-hikvsion","8":"product_tag-nvr","9":"product_tag-stebejimo-sistemos","11":"first","12":"instock","13":"shipping-taxable","14":"purchasable","15":"product-type-simple"},"jetpack_sharing_enabled":true,"_links":{"self":[{"href":"https:\/\/apsaugos.lt\/index.php?rest_route=\/wp\/v2\/product\/2202","targetHints":{"allow":["GET"]}}],"collection":[{"href":"https:\/\/apsaugos.lt\/index.php?rest_route=\/wp\/v2\/product"}],"about":[{"href":"https:\/\/apsaugos.lt\/index.php?rest_route=\/wp\/v2\/types\/product"}],"replies":[{"embeddable":true,"href":"https:\/\/apsaugos.lt\/index.php?rest_route=%2Fwp%2Fv2%2Fcomments&post=2202"}],"wp:featuredmedia":[{"embeddable":true,"href":"https:\/\/apsaugos.lt\/index.php?rest_route=\/wp\/v2\/media\/107"}],"wp:attachment":[{"href":"https:\/\/apsaugos.lt\/index.php?rest_route=%2Fwp%2Fv2%2Fmedia&parent=2202"}],"wp:term":[{"taxonomy":"product_brand","embeddable":true,"href":"https:\/\/apsaugos.lt\/index.php?rest_route=%2Fwp%2Fv2%2Fproduct_brand&post=2202"},{"taxonomy":"product_cat","embeddable":true,"href":"https:\/\/apsaugos.lt\/index.php?rest_route=%2Fwp%2Fv2%2Fproduct_cat&post=2202"},{"taxonomy":"product_tag","embeddable":true,"href":"https:\/\/apsaugos.lt\/index.php?rest_route=%2Fwp%2Fv2%2Fproduct_tag&post=2202"}],"curies":[{"name":"wp","href":"https:\/\/api.w.org\/{rel}","templated":true}]}}