{"id":2204,"date":"2021-02-22T12:24:05","date_gmt":"2021-02-22T10:24:05","guid":{"rendered":"http:\/\/apsaugos.lt\/?product=import-placeholder-for-3327"},"modified":"2021-02-22T12:24:08","modified_gmt":"2021-02-22T10:24:08","slug":"hikvision-ds-7732nxi-i4-16p-4s","status":"publish","type":"product","link":"https:\/\/apsaugos.lt\/?product=hikvision-ds-7732nxi-i4-16p-4s","title":{"rendered":"Hikvision DS-7732NXI-I4\/16P\/4S"},"content":{"rendered":"<table border=\"1\">\n<tbody>\n<tr>\n<th colspan=\"2\">Vaizdo\/garso \u012fvestis<\/th>\n<\/tr>\n<tr>\n<td class=\"td1\">Dvipusio garso \u012fvestis<\/td>\n<td>1-ch, RCA (2.0 Vp-p, 1k\u03a9)<\/td>\n<\/tr>\n<tr>\n<td class=\"td1\">IP vaizdo \u012fvestis<\/td>\n<td>32-ch<\/td>\n<\/tr>\n<tr>\n<th colspan=\"2\">Tinklas<\/th>\n<\/tr>\n<tr>\n<td class=\"td1\">\u012eeinantis srautas<\/td>\n<td>256Mbps<\/td>\n<\/tr>\n<tr>\n<td class=\"td1\">I\u0161einantis srautas<\/td>\n<td>200Mbps<\/td>\n<\/tr>\n<tr>\n<th colspan=\"2\">Vaizdo\/garso i\u0161vestis<\/th>\n<\/tr>\n<tr>\n<td class=\"td1\">HDMI\/VGA i\u0161vestis<\/td>\n<td>4K (3840 \u00d7 2160)\/60Hz, 4K (3840 \u00d7 2160)\/30Hz, 2K (2560 \u00d71440)\/60Hz, 1920 \u00d7 1080\/60Hz, 1600 \u00d7 1200\/60Hz, 1280 \u00d71024\/60Hz, 1280 \u00d7 720\/60Hz, 1024 \u00d7 768\/60Hz. 4K resolution is only available for HDMI.<\/td>\n<\/tr>\n<tr>\n<td class=\"td1\">CVBS i\u0161vestis<\/td>\n<td>1-ch, BNC(1.0Vp-p, 75\u03a9)<br \/>\nResolution: 704\u00d7576(PAL); 704\u00d7480(NTSC)<\/td>\n<\/tr>\n<tr>\n<td class=\"td1\">Sinchroninis atk\u016brimas<\/td>\n<td>16-ch<\/td>\n<\/tr>\n<tr>\n<th colspan=\"2\">Kodavimas<\/th>\n<\/tr>\n<tr>\n<td class=\"td1\">Paj\u0117gumas<\/td>\n<td>12-ch @ 1080p<\/td>\n<\/tr>\n<tr>\n<td class=\"td1\">Gyva per\u017ei\u016bra\/atk\u016brimas<\/td>\n<td>12MP\/8MP\/6MP\/5MP\/4MP\/3MP\/1080p\/UXGA\/ 720p\/VGA\/4CIF\/DCIF\/2CIF\/CIF\/QCIF<\/td>\n<\/tr>\n<tr>\n<th colspan=\"2\">Kietasis diskas<\/th>\n<\/tr>\n<tr>\n<td class=\"td1\">eSATA<\/td>\n<td>1 eSATA interface<\/td>\n<\/tr>\n<tr>\n<td class=\"td1\">SATA<\/td>\n<td>4 SATA interfaces for 4HDDs<\/td>\n<\/tr>\n<tr>\n<td class=\"td1\">Talpa<\/td>\n<td>Up to 8TB capacity for each HDD<\/td>\n<\/tr>\n<tr>\n<th colspan=\"2\">I\u0161orin\u0117 s\u0105saja<\/th>\n<\/tr>\n<tr>\n<td class=\"td1\">Tinklo s\u0105saja<\/td>\n<td>2 RJ-45 10\/100\/1000Mbps self-adaptive Ethernet interfaces<\/td>\n<\/tr>\n<tr>\n<td class=\"td1\">Serial s\u0105saja<\/td>\n<td>RS-232, RS-485, Keyboard<\/td>\n<\/tr>\n<tr>\n<td class=\"td1\">USB s\u0105saja<\/td>\n<td>Front panel: 2 \u00d7 USB 2.0<br \/>\nRear panel: 1 \u00d7 USB 3.0<\/td>\n<\/tr>\n<tr>\n<td class=\"td1\">Pavojaus signalo \u012fvestis<\/td>\n<td>16-ch<\/td>\n<\/tr>\n<tr>\n<td class=\"td1\">Pavojaus signalo i\u0161vestis<\/td>\n<td>4-ch<\/td>\n<\/tr>\n<tr>\n<th colspan=\"2\">Pagrindin\u0117s savyb\u0117s<\/th>\n<\/tr>\n<tr>\n<td class=\"td1\">Maitinimas<\/td>\n<td>100 to 240 VAC<\/td>\n<\/tr>\n<tr>\n<td class=\"td1\">Galia<\/td>\n<td>\u2264 300 W<\/td>\n<\/tr>\n<tr>\n<td class=\"td1\">Energijos suvartojimas<\/td>\n<td>\u2264 80 W\u00a0(without hard disk and POE)<\/td>\n<\/tr>\n<tr>\n<td class=\"td1\">Veikimo temperat\u016bra<\/td>\n<td>-10 oC ~ +55 oC (+14 oF~ + 131 oF)<\/td>\n<\/tr>\n<tr>\n<td class=\"td1\">Santykinis oro dr\u0117gnumas<\/td>\n<td>10 % ~ 90 %<\/td>\n<\/tr>\n<tr>\n<td class=\"td1\">I\u0161matavimai<\/td>\n<td>445 \u00d7 400 \u00d771 mm ( 17.5&#8243;\u00d7 15.7&#8243; \u00d7 2.8&#8243;)<\/td>\n<\/tr>\n<tr>\n<td class=\"td1\">Svoris<\/td>\n<td>\u2264 5 kg (11 lb)\u00a0(without HDD)<\/td>\n<\/tr>\n<\/tbody>\n<\/table>\n","protected":false},"excerpt":{"rendered":"<p>Klaiding\u0173 signal\u0173 filtravimas, 4 elgesio variant\u0173 aptikimas, 256\/200 Mbps \u012feinantis\/i\u0161einantis srautas iki 32 kanal\u0173 IP kameroms, iki 12 Mpx rai\u0161kos \u012fra\u0161ymas\/atk\u016brimas, sumaniai parenkami H.265+\/H.265\/H.264+\/H.264 kodavimo standartai, 12 kanal\u0173 dekodavimo 1080p galimyb\u0117s, iki 4 SATA s\u0105saj\u0173, iki 8 TB kiekvienam HDD, HDMI i\u0161vestis iki 4K rai\u0161kos<\/p>\n","protected":false},"featured_media":107,"comment_status":"closed","ping_status":"closed","template":"","meta":[],"product_brand":[],"product_cat":[43],"product_tag":[32],"class_list":{"0":"post-2204","1":"product","2":"type-product","3":"status-publish","4":"has-post-thumbnail","6":"product_cat-nvr-32-kanalu","7":"product_tag-hikvision","9":"first","10":"instock","11":"sale","12":"shipping-taxable","13":"purchasable","14":"product-type-simple"},"jetpack_sharing_enabled":true,"_links":{"self":[{"href":"https:\/\/apsaugos.lt\/index.php?rest_route=\/wp\/v2\/product\/2204","targetHints":{"allow":["GET"]}}],"collection":[{"href":"https:\/\/apsaugos.lt\/index.php?rest_route=\/wp\/v2\/product"}],"about":[{"href":"https:\/\/apsaugos.lt\/index.php?rest_route=\/wp\/v2\/types\/product"}],"replies":[{"embeddable":true,"href":"https:\/\/apsaugos.lt\/index.php?rest_route=%2Fwp%2Fv2%2Fcomments&post=2204"}],"wp:featuredmedia":[{"embeddable":true,"href":"https:\/\/apsaugos.lt\/index.php?rest_route=\/wp\/v2\/media\/107"}],"wp:attachment":[{"href":"https:\/\/apsaugos.lt\/index.php?rest_route=%2Fwp%2Fv2%2Fmedia&parent=2204"}],"wp:term":[{"taxonomy":"product_brand","embeddable":true,"href":"https:\/\/apsaugos.lt\/index.php?rest_route=%2Fwp%2Fv2%2Fproduct_brand&post=2204"},{"taxonomy":"product_cat","embeddable":true,"href":"https:\/\/apsaugos.lt\/index.php?rest_route=%2Fwp%2Fv2%2Fproduct_cat&post=2204"},{"taxonomy":"product_tag","embeddable":true,"href":"https:\/\/apsaugos.lt\/index.php?rest_route=%2Fwp%2Fv2%2Fproduct_tag&post=2204"}],"curies":[{"name":"wp","href":"https:\/\/api.w.org\/{rel}","templated":true}]}}