{"id":2208,"date":"2021-02-22T12:24:05","date_gmt":"2021-02-22T10:24:05","guid":{"rendered":"http:\/\/apsaugos.lt\/?product=import-placeholder-for-3340"},"modified":"2021-02-22T12:24:09","modified_gmt":"2021-02-22T10:24:09","slug":"hikvision-micro-sd-kortele-hs-tf-l2i","status":"publish","type":"product","link":"https:\/\/apsaugos.lt\/?product=hikvision-micro-sd-kortele-hs-tf-l2i","title":{"rendered":"Hikvision Micro SD kortel\u0117 HS-TF-L2I"},"content":{"rendered":"<ul>\n<li>Hikvision Micro SD 128GB kortel\u0117<\/li>\n<li>10 klas\u0117<\/li>\n<li>MLC iki 95MB\/s skaitymo sparta<\/li>\n<li>20MB\/s ra\u0161ymo sparta<\/li>\n<li>Darbin\u0117 temperat\u016bra: -25 ~ 85 \u00b0C<\/li>\n<\/ul>\n","protected":false},"excerpt":{"rendered":"<p>Kortel\u0117 skirta CCTV sistemos, auk\u0161tos rai\u0161kos IP kamer\u0173 vaizdo \u012fra\u0161o saugojimui. Tinka daugelis IP kamer\u0173\u00a0Hikvision , Dahua<\/p>\n","protected":false},"featured_media":110,"comment_status":"closed","ping_status":"closed","template":"","meta":[],"product_brand":[],"product_cat":[45],"product_tag":[32],"class_list":{"0":"post-2208","1":"product","2":"type-product","3":"status-publish","4":"has-post-thumbnail","6":"product_cat-micro-sd-korteles","7":"product_tag-hikvision","9":"first","10":"instock","11":"shipping-taxable","12":"purchasable","13":"product-type-simple"},"jetpack_sharing_enabled":true,"_links":{"self":[{"href":"https:\/\/apsaugos.lt\/index.php?rest_route=\/wp\/v2\/product\/2208","targetHints":{"allow":["GET"]}}],"collection":[{"href":"https:\/\/apsaugos.lt\/index.php?rest_route=\/wp\/v2\/product"}],"about":[{"href":"https:\/\/apsaugos.lt\/index.php?rest_route=\/wp\/v2\/types\/product"}],"replies":[{"embeddable":true,"href":"https:\/\/apsaugos.lt\/index.php?rest_route=%2Fwp%2Fv2%2Fcomments&post=2208"}],"wp:featuredmedia":[{"embeddable":true,"href":"https:\/\/apsaugos.lt\/index.php?rest_route=\/wp\/v2\/media\/110"}],"wp:attachment":[{"href":"https:\/\/apsaugos.lt\/index.php?rest_route=%2Fwp%2Fv2%2Fmedia&parent=2208"}],"wp:term":[{"taxonomy":"product_brand","embeddable":true,"href":"https:\/\/apsaugos.lt\/index.php?rest_route=%2Fwp%2Fv2%2Fproduct_brand&post=2208"},{"taxonomy":"product_cat","embeddable":true,"href":"https:\/\/apsaugos.lt\/index.php?rest_route=%2Fwp%2Fv2%2Fproduct_cat&post=2208"},{"taxonomy":"product_tag","embeddable":true,"href":"https:\/\/apsaugos.lt\/index.php?rest_route=%2Fwp%2Fv2%2Fproduct_tag&post=2208"}],"curies":[{"name":"wp","href":"https:\/\/api.w.org\/{rel}","templated":true}]}}