{"id":2213,"date":"2021-02-22T12:24:06","date_gmt":"2021-02-22T10:24:06","guid":{"rendered":"http:\/\/apsaugos.lt\/?product=import-placeholder-for-3347"},"modified":"2021-02-22T12:24:10","modified_gmt":"2021-02-22T10:24:10","slug":"kietasis-diskas-wd-purple-20purz","status":"publish","type":"product","link":"https:\/\/apsaugos.lt\/?product=kietasis-diskas-wd-purple-20purz","title":{"rendered":"Kietasis diskas WD Purple 20PURZ"},"content":{"rendered":"<ul>\n<li>Kietasis diskas 2TB, skirtas DVR\/NVR vaizdo \u012fra\u0161ymo \u012frenginiams<\/li>\n<li>SATA 6Gb s<\/li>\n<li>5400 rpm<\/li>\n<li>64MB<\/li>\n<\/ul>\n","protected":false},"excerpt":{"rendered":"<p>Diskas skirtas CCTV sistemos, auk\u0161tos rai\u0161kos IP kamer\u0173 vaizdo \u012fra\u0161o saugojimui. Tinka daugelis IP kamer\u0173\u00a0Hikvision , Dahua<\/p>\n","protected":false},"featured_media":111,"comment_status":"closed","ping_status":"closed","template":"","meta":[],"product_brand":[],"product_cat":[53],"product_tag":[49],"class_list":{"0":"post-2213","1":"product","2":"type-product","3":"status-publish","4":"has-post-thumbnail","6":"product_cat-kietasis-diskas-2tb","7":"product_tag-wd-purple","9":"first","10":"instock","11":"shipping-taxable","12":"purchasable","13":"product-type-simple"},"jetpack_sharing_enabled":true,"_links":{"self":[{"href":"https:\/\/apsaugos.lt\/index.php?rest_route=\/wp\/v2\/product\/2213","targetHints":{"allow":["GET"]}}],"collection":[{"href":"https:\/\/apsaugos.lt\/index.php?rest_route=\/wp\/v2\/product"}],"about":[{"href":"https:\/\/apsaugos.lt\/index.php?rest_route=\/wp\/v2\/types\/product"}],"replies":[{"embeddable":true,"href":"https:\/\/apsaugos.lt\/index.php?rest_route=%2Fwp%2Fv2%2Fcomments&post=2213"}],"wp:featuredmedia":[{"embeddable":true,"href":"https:\/\/apsaugos.lt\/index.php?rest_route=\/wp\/v2\/media\/111"}],"wp:attachment":[{"href":"https:\/\/apsaugos.lt\/index.php?rest_route=%2Fwp%2Fv2%2Fmedia&parent=2213"}],"wp:term":[{"taxonomy":"product_brand","embeddable":true,"href":"https:\/\/apsaugos.lt\/index.php?rest_route=%2Fwp%2Fv2%2Fproduct_brand&post=2213"},{"taxonomy":"product_cat","embeddable":true,"href":"https:\/\/apsaugos.lt\/index.php?rest_route=%2Fwp%2Fv2%2Fproduct_cat&post=2213"},{"taxonomy":"product_tag","embeddable":true,"href":"https:\/\/apsaugos.lt\/index.php?rest_route=%2Fwp%2Fv2%2Fproduct_tag&post=2213"}],"curies":[{"name":"wp","href":"https:\/\/api.w.org\/{rel}","templated":true}]}}