{"id":2227,"date":"2021-02-22T12:24:13","date_gmt":"2021-02-22T10:24:13","guid":{"rendered":"http:\/\/apsaugos.lt\/?product=import-placeholder-for-3374"},"modified":"2021-02-22T12:24:16","modified_gmt":"2021-02-22T10:24:16","slug":"hikvision-turbo-hd-ds-2ce16h1t-it3-f3-6","status":"publish","type":"product","link":"https:\/\/apsaugos.lt\/?product=hikvision-turbo-hd-ds-2ce16h1t-it3-f3-6","title":{"rendered":"Hikvision Turbo HD DS-2CE16H1T-IT3 F3.6"},"content":{"rendered":"<table border=\"1\">\n<tbody>\n<tr>\n<td>Min. ap\u0161vietimas<\/td>\n<td>Color:\u00a00.01\u00a0Lux\u00a0@\u00a0(F1.2,AGC\u00a0ON), \u00a00\u00a0Lux\u00a0with\u00a0IR<\/td>\n<\/tr>\n<tr>\n<td>U\u017erakto laikas<\/td>\n<td>1\/25(1\/30)\u00a0s\u00a0to\u00a01\/15,000\u00a0s<\/td>\n<\/tr>\n<tr>\n<td>Objektyvas<\/td>\n<td>3.6mm\u00a0fixed\u00a0focal\u00a0lens<\/td>\n<\/tr>\n<tr>\n<td>Objektyvo montavimas<\/td>\n<td>M12<\/td>\n<\/tr>\n<tr>\n<td>Reguliavimas<\/td>\n<td>Pan:\u00a00\u00b0\u00a0to\u00a0360\u00b0;\u00a0Tilt:0\u00b0\u00a0to\u00a090\u00b0; \u00a0Rotate:\u00a00\u00b0\u00a0to\u00a0360\u00b0<\/td>\n<\/tr>\n<tr>\n<td>Diena \/ naktis<\/td>\n<td>IR\u00a0cut\u00a0filter\u00a0with\u00a0auto\u00a0switch<\/td>\n<\/tr>\n<tr>\n<td>Kadrai \/ sek.<\/td>\n<td>1920\u00d71536@18fps<\/td>\n<\/tr>\n<tr>\n<td>HD Vaizdo i\u0161vestis<\/td>\n<td>1 Analog HD output<\/td>\n<\/tr>\n<tr>\n<td>Sinchronizacija<\/td>\n<td>Internal Synchronization<\/td>\n<\/tr>\n<tr>\n<td>D\/N r\u0117\u017eimas<\/td>\n<td>Auto\u00a0\/\u00a0Color\u00a0\/\u00a0B\/W<\/td>\n<\/tr>\n<tr>\n<td>AGC<\/td>\n<td>Support<\/td>\n<\/tr>\n<tr>\n<td>Kalba<\/td>\n<td>English\/Chinese<\/td>\n<\/tr>\n<tr>\n<td>Funkcijos<\/td>\n<td>Brightness,\u00a0Sharpness, \u00a0Digital\u00a0noise\u00a0reduction,\u00a0 Mirror,\u00a0Bad\u00a0pixel\u00a0correction,\u00a0Smart\u00a0IR<\/td>\n<\/tr>\n<tr>\n<td>Darbo s\u0105lygos<\/td>\n<td>-40\u00a0\u00b0C\u00a0&#8211;\u00a060\u00a0\u00b0C\u00a0(-40\u00a0\u00b0F\u00a0&#8211;\u00a0140\u00a0\u00b0F)<br \/>\nHumidity\u00a090%\u00a0or\u00a0less\u00a0(non-condensing)<\/td>\n<\/tr>\n<tr>\n<td>Energijos suvartojimas<\/td>\n<td>Max. 5W<\/td>\n<\/tr>\n<tr>\n<td>IP apsaugos klas\u0117<\/td>\n<td>IP67<\/td>\n<\/tr>\n<tr>\n<td>IR ap\u0161vietimas<\/td>\n<td>Up to 40m<\/td>\n<\/tr>\n<tr>\n<td>I\u0161matavimai<\/td>\n<td>86.7mm\u00d781.6mm\u00d7226mm\u00a0 (3.41\u2033\u00d73.23\u2033\u00d78.67\u2033)<\/td>\n<\/tr>\n<tr>\n<td>Svoris<\/td>\n<td>Approx. 680g (1.5lb)<\/td>\n<\/tr>\n<\/tbody>\n<\/table>\n","protected":false},"excerpt":{"rendered":"<p>5 Megapikseli\u0173 CMOS sensorius, Analogin\u0117 HD i\u0161vestis, iki 5MP rai\u0161ka, True Day\/Night, OSD meniu, DNR, Smart IR, EXIR technologija, iki 40m IR ap\u0161vietimas, IP67 klas\u0117, perdavimas koaksialiniu kabeliu.<\/p>\n","protected":false},"featured_media":148,"comment_status":"closed","ping_status":"closed","template":"","meta":[],"product_brand":[],"product_cat":[59],"product_tag":[32],"class_list":{"0":"post-2227","1":"product","2":"type-product","3":"status-publish","4":"has-post-thumbnail","6":"product_cat-5-mpx-turbo-kameros","7":"product_tag-hikvision","9":"first","10":"instock","11":"shipping-taxable","12":"purchasable","13":"product-type-simple"},"jetpack_sharing_enabled":true,"_links":{"self":[{"href":"https:\/\/apsaugos.lt\/index.php?rest_route=\/wp\/v2\/product\/2227","targetHints":{"allow":["GET"]}}],"collection":[{"href":"https:\/\/apsaugos.lt\/index.php?rest_route=\/wp\/v2\/product"}],"about":[{"href":"https:\/\/apsaugos.lt\/index.php?rest_route=\/wp\/v2\/types\/product"}],"replies":[{"embeddable":true,"href":"https:\/\/apsaugos.lt\/index.php?rest_route=%2Fwp%2Fv2%2Fcomments&post=2227"}],"wp:featuredmedia":[{"embeddable":true,"href":"https:\/\/apsaugos.lt\/index.php?rest_route=\/wp\/v2\/media\/148"}],"wp:attachment":[{"href":"https:\/\/apsaugos.lt\/index.php?rest_route=%2Fwp%2Fv2%2Fmedia&parent=2227"}],"wp:term":[{"taxonomy":"product_brand","embeddable":true,"href":"https:\/\/apsaugos.lt\/index.php?rest_route=%2Fwp%2Fv2%2Fproduct_brand&post=2227"},{"taxonomy":"product_cat","embeddable":true,"href":"https:\/\/apsaugos.lt\/index.php?rest_route=%2Fwp%2Fv2%2Fproduct_cat&post=2227"},{"taxonomy":"product_tag","embeddable":true,"href":"https:\/\/apsaugos.lt\/index.php?rest_route=%2Fwp%2Fv2%2Fproduct_tag&post=2227"}],"curies":[{"name":"wp","href":"https:\/\/api.w.org\/{rel}","templated":true}]}}