{"id":2229,"date":"2021-02-22T12:24:13","date_gmt":"2021-02-22T10:24:13","guid":{"rendered":"http:\/\/apsaugos.lt\/?product=import-placeholder-for-3376"},"modified":"2021-02-22T12:24:16","modified_gmt":"2021-02-22T10:24:16","slug":"hikvision-turbo-hd-ds-2ce56h1t-it3z","status":"publish","type":"product","link":"https:\/\/apsaugos.lt\/?product=hikvision-turbo-hd-ds-2ce56h1t-it3z","title":{"rendered":"Hikvision Turbo HD DS-2CE56H1T-IT3Z"},"content":{"rendered":"<table border=\"1\">\n<tbody>\n<tr>\n<td>Min. ap\u0161vietimas<\/td>\n<td>Color:\u00a00.01\u00a0Lux\u00a0@\u00a0(F1.2,\u00a0AGC\u00a0ON),\u00a0 0\u00a0Lux\u00a0with\u00a0IR<\/td>\n<\/tr>\n<tr>\n<td>U\u017erakto laikas<\/td>\n<td>1\/25(1\/30)\u00a0s\u00a0to\u00a01\/50,000\u00a0s<\/td>\n<\/tr>\n<tr>\n<td>Objektyvas<\/td>\n<td>Motorized\u00a0VF\u00a0lens;\u00a02.8\u00a0to\u00a012\u00a0mm<\/td>\n<\/tr>\n<tr>\n<td>Objektyvo montavimas<\/td>\n<td>M12<\/td>\n<\/tr>\n<tr>\n<td>Reguliavimas<\/td>\n<td>Pan: 0\u00b0- 360\u00b0; Tilt:0\u00b0- 75\u00b0;\u00a0 Rotate: 0\u00b0- 360\u00b0<\/td>\n<\/tr>\n<tr>\n<td>Diena \/ naktis<\/td>\n<td>IR\u00a0cut\u00a0filter\u00a0with\u00a0auto\u00a0switch<\/td>\n<\/tr>\n<tr>\n<td>Platus dinaminis diapazonas<\/td>\n<td>75dB<\/td>\n<\/tr>\n<tr>\n<td>Kadrai sek.<\/td>\n<td>1080p@25fps\/1080p@30fps<\/td>\n<\/tr>\n<tr>\n<td>HD Vaizdo i\u0161vestis<\/td>\n<td>1 Analog HD output<\/td>\n<\/tr>\n<tr>\n<td>Sinchronizacija<\/td>\n<td>Internal\u00a0Synchronization<\/td>\n<\/tr>\n<tr>\n<td>D\/N r\u0117\u017eimas<\/td>\n<td>Auto\u00a0\/\u00a0Color\u00a0\/\u00a0B\/W<\/td>\n<\/tr>\n<tr>\n<td>AGC<\/td>\n<td>Support<\/td>\n<\/tr>\n<tr>\n<td>Kalba<\/td>\n<td>English\/Chinese<\/td>\n<\/tr>\n<tr>\n<td>Funkcijos<\/td>\n<td>Wide Dynamic Range,\u00a0 Digital noise reduction,\u00a0 Mirror, SMART IR<\/td>\n<\/tr>\n<tr>\n<td>Darbo s\u0105lygos<\/td>\n<td>-40 \u00b0C \u2013 60 \u00b0C (-40 \u00b0F \u2013 140 \u00b0F)<\/p>\n<p>Humidity 90% or less (non-condensing)<\/td>\n<\/tr>\n<tr>\n<td>Energijos suvartojimas<\/td>\n<td>Max. 6W<\/td>\n<\/tr>\n<tr>\n<td>IP apsaugos klas\u0117<\/td>\n<td>IP67<\/td>\n<\/tr>\n<tr>\n<td>IR ap\u0161vietimas<\/td>\n<td>Up to 40m<\/td>\n<\/tr>\n<tr>\n<td>I\u0161matavimai<\/td>\n<td>134.3\u00a0mm\u00a0\u00d7\u00a0123.9\u00a0mm\u00a0\u00d7\u00a0111.4\u00a0mm\u00a0 (5.29&#8243;\u00a0\u00d7\u00a04.88&#8243;\u00a0\u00d7\u00a04.39&#8243;)<\/td>\n<\/tr>\n<tr>\n<td>Svoris<\/td>\n<td>Approx.\u00a0750\u00a0g\u00a0(1.57\u00a0lb.)<\/td>\n<\/tr>\n<\/tbody>\n<\/table>\n","protected":false},"excerpt":{"rendered":"<p>5 Megapikseli\u0173 CMOS sensorius, Analogin\u0117 HD i\u0161vestis, iki 5MP rai\u0161ka, 2.8-12mm motorizuotas objektyvas, True Day\/Night, OSD meniu, DNR, i\u0161manus IR ap\u0161vietimas, EXIR technologija, iki 40m IR ap\u0161vietimas, IP67 klas\u0117, perdavimas koaksialiniu kabeliu.<\/p>\n","protected":false},"featured_media":149,"comment_status":"closed","ping_status":"closed","template":"","meta":[],"product_brand":[],"product_cat":[59],"product_tag":[32],"class_list":{"0":"post-2229","1":"product","2":"type-product","3":"status-publish","4":"has-post-thumbnail","6":"product_cat-5-mpx-turbo-kameros","7":"product_tag-hikvision","9":"first","10":"instock","11":"shipping-taxable","12":"purchasable","13":"product-type-simple"},"jetpack_sharing_enabled":true,"_links":{"self":[{"href":"https:\/\/apsaugos.lt\/index.php?rest_route=\/wp\/v2\/product\/2229","targetHints":{"allow":["GET"]}}],"collection":[{"href":"https:\/\/apsaugos.lt\/index.php?rest_route=\/wp\/v2\/product"}],"about":[{"href":"https:\/\/apsaugos.lt\/index.php?rest_route=\/wp\/v2\/types\/product"}],"replies":[{"embeddable":true,"href":"https:\/\/apsaugos.lt\/index.php?rest_route=%2Fwp%2Fv2%2Fcomments&post=2229"}],"wp:featuredmedia":[{"embeddable":true,"href":"https:\/\/apsaugos.lt\/index.php?rest_route=\/wp\/v2\/media\/149"}],"wp:attachment":[{"href":"https:\/\/apsaugos.lt\/index.php?rest_route=%2Fwp%2Fv2%2Fmedia&parent=2229"}],"wp:term":[{"taxonomy":"product_brand","embeddable":true,"href":"https:\/\/apsaugos.lt\/index.php?rest_route=%2Fwp%2Fv2%2Fproduct_brand&post=2229"},{"taxonomy":"product_cat","embeddable":true,"href":"https:\/\/apsaugos.lt\/index.php?rest_route=%2Fwp%2Fv2%2Fproduct_cat&post=2229"},{"taxonomy":"product_tag","embeddable":true,"href":"https:\/\/apsaugos.lt\/index.php?rest_route=%2Fwp%2Fv2%2Fproduct_tag&post=2229"}],"curies":[{"name":"wp","href":"https:\/\/api.w.org\/{rel}","templated":true}]}}