{"id":2231,"date":"2021-02-22T12:24:13","date_gmt":"2021-02-22T10:24:13","guid":{"rendered":"http:\/\/apsaugos.lt\/?product=import-placeholder-for-3378"},"modified":"2021-02-22T12:24:17","modified_gmt":"2021-02-22T10:24:17","slug":"hikvision-ds-2ce56h0t-it3zf","status":"publish","type":"product","link":"https:\/\/apsaugos.lt\/?product=hikvision-ds-2ce56h0t-it3zf","title":{"rendered":"Hikvision DS-2CE56H0T-IT3ZF"},"content":{"rendered":"<table border=\"1\">\n<tbody>\n<tr>\n<th colspan=\"2\">Kamera<\/th>\n<\/tr>\n<tr>\n<td class=\"td1\">Sensorius<\/td>\n<td>5MP CMOS Image Sensor<\/td>\n<\/tr>\n<tr>\n<td class=\"td1\">Efektyv\u016bs ta\u0161kai<\/td>\n<td>2560 (H) \u00d7 1944 (V)<\/td>\n<\/tr>\n<tr>\n<td class=\"td1\">U\u017erakto laikas<\/td>\n<td>1\/25(1\/30) s to 1\/50,000 s<\/td>\n<\/tr>\n<tr>\n<td class=\"td1\">Objektyvas<\/td>\n<td>2.7 mm to 13.5 mm motorized vari-focal lens<\/td>\n<\/tr>\n<tr>\n<td class=\"td1\">Objektyvo montavimas<\/td>\n<td>\u03c614<\/td>\n<\/tr>\n<tr>\n<td class=\"td1\">Reguliavimas<\/td>\n<td>Pan: 0\u00b0 to 360\u00b0; tilt: 0\u00b0 to 75\u00b0; rotate: 0\u00b0 to 360\u00b0<\/td>\n<\/tr>\n<tr>\n<td class=\"td1\">Diena\/naktis<\/td>\n<td>IR cut filter<\/td>\n<\/tr>\n<tr>\n<td class=\"td1\">Kadrai per sek.<\/td>\n<td>5 MP @ 20 fps, 4 MP @ 30 fps, 1080p @ 30 fps<\/td>\n<\/tr>\n<tr>\n<td class=\"td1\">HD vaizdo i\u0161vestis<\/td>\n<td>1 Analog HD output<\/td>\n<\/tr>\n<tr>\n<td class=\"td1\">Sinchronizacija<\/td>\n<td>Internal Synchronization<\/td>\n<\/tr>\n<tr>\n<th colspan=\"2\">Meniu<\/th>\n<\/tr>\n<tr>\n<td class=\"td1\">D\/N r\u0117\u017eimas<\/td>\n<td>Auto \/ Color \/ B\/W<\/td>\n<\/tr>\n<tr>\n<td class=\"td1\">Automatinis baltos spalvos balansas<\/td>\n<td>ATW\/MWB<\/td>\n<\/tr>\n<tr>\n<td class=\"td1\">BLC<\/td>\n<td>Support<\/td>\n<\/tr>\n<tr>\n<td class=\"td1\">AGC<\/td>\n<td>Support<\/td>\n<\/tr>\n<tr>\n<td class=\"td1\">Skaitmeninis WDR<\/td>\n<td>Yes<\/td>\n<\/tr>\n<tr>\n<td class=\"td1\">Funkcijos<\/td>\n<td>Brightness, Sharpness, DNR, Mirror, Smart IR<\/td>\n<\/tr>\n<tr>\n<th colspan=\"2\">Pagrindin\u0117s savyb\u0117s<\/th>\n<\/tr>\n<tr>\n<td class=\"td1\">Veikimo s\u0105lygos<\/td>\n<td>-40 \u00b0C &#8211; 60 \u00b0C (-40 \u00b0F &#8211; 140 \u00b0F)<br \/>\nHumidity 90% or less (non-condensing)<\/td>\n<\/tr>\n<tr>\n<td class=\"td1\">Maitinimas<\/td>\n<td>12 VDC \u00b1 25%<\/td>\n<\/tr>\n<tr>\n<td class=\"td1\">IP apsaugos klas\u0117<\/td>\n<td>IP67<\/td>\n<\/tr>\n<tr>\n<td class=\"td1\">IR ap\u0161vietimas<\/td>\n<td>Up to 40m<\/td>\n<\/tr>\n<tr>\n<td class=\"td1\">Komunikacija<\/td>\n<td>Up the coax<br \/>\nProtocol: HIKVISION-C(Coaxitron)<\/td>\n<\/tr>\n<tr>\n<td class=\"td1\">I\u0161matavimai<\/td>\n<td>123.86 mm x 134.3 mm x 110.11 mm<\/td>\n<\/tr>\n<tr>\n<td class=\"td1\">Svoris<\/td>\n<td>Approximately 1.28 lbs (580 g)<\/td>\n<\/tr>\n<\/tbody>\n<\/table>\n","protected":false},"excerpt":{"rendered":"<p>5MP (MegaPixel) dome Turbo HD kamera, 2560 \u00d7 1944 rai\u0161ka, 2.7-13.5mm motorizuotas varifokalinis objektyvas, EXIR 2.0, i\u0161manus IR, iki 40 m, 4 in 1 vaizdo i\u0161vestis (perjungiamas TVI\/AHD\/CVI\/CVBS), IP67<\/p>\n","protected":false},"featured_media":150,"comment_status":"closed","ping_status":"closed","template":"","meta":[],"product_brand":[],"product_cat":[59],"product_tag":[32],"class_list":{"0":"post-2231","1":"product","2":"type-product","3":"status-publish","4":"has-post-thumbnail","6":"product_cat-5-mpx-turbo-kameros","7":"product_tag-hikvision","9":"first","10":"instock","11":"shipping-taxable","12":"purchasable","13":"product-type-simple"},"jetpack_sharing_enabled":true,"_links":{"self":[{"href":"https:\/\/apsaugos.lt\/index.php?rest_route=\/wp\/v2\/product\/2231","targetHints":{"allow":["GET"]}}],"collection":[{"href":"https:\/\/apsaugos.lt\/index.php?rest_route=\/wp\/v2\/product"}],"about":[{"href":"https:\/\/apsaugos.lt\/index.php?rest_route=\/wp\/v2\/types\/product"}],"replies":[{"embeddable":true,"href":"https:\/\/apsaugos.lt\/index.php?rest_route=%2Fwp%2Fv2%2Fcomments&post=2231"}],"wp:featuredmedia":[{"embeddable":true,"href":"https:\/\/apsaugos.lt\/index.php?rest_route=\/wp\/v2\/media\/150"}],"wp:attachment":[{"href":"https:\/\/apsaugos.lt\/index.php?rest_route=%2Fwp%2Fv2%2Fmedia&parent=2231"}],"wp:term":[{"taxonomy":"product_brand","embeddable":true,"href":"https:\/\/apsaugos.lt\/index.php?rest_route=%2Fwp%2Fv2%2Fproduct_brand&post=2231"},{"taxonomy":"product_cat","embeddable":true,"href":"https:\/\/apsaugos.lt\/index.php?rest_route=%2Fwp%2Fv2%2Fproduct_cat&post=2231"},{"taxonomy":"product_tag","embeddable":true,"href":"https:\/\/apsaugos.lt\/index.php?rest_route=%2Fwp%2Fv2%2Fproduct_tag&post=2231"}],"curies":[{"name":"wp","href":"https:\/\/api.w.org\/{rel}","templated":true}]}}