{"id":2232,"date":"2021-02-22T12:24:13","date_gmt":"2021-02-22T10:24:13","guid":{"rendered":"http:\/\/apsaugos.lt\/?product=import-placeholder-for-3381"},"modified":"2021-02-22T12:24:17","modified_gmt":"2021-02-22T10:24:17","slug":"hikvision-ds-2ce79u1t-it3zf","status":"publish","type":"product","link":"https:\/\/apsaugos.lt\/?product=hikvision-ds-2ce79u1t-it3zf","title":{"rendered":"Hikvision DS-2CE79U1T-IT3ZF"},"content":{"rendered":"<table border=\"1\">\n<tbody>\n<tr>\n<th colspan=\"2\">Kamera<\/th>\n<\/tr>\n<tr>\n<td class=\"td1\">Sensorius<\/td>\n<td>8.29 MP high performance CMOS<\/td>\n<\/tr>\n<tr>\n<td class=\"td1\">Signalo sistema<\/td>\n<td>PAL\/NTSC<\/td>\n<\/tr>\n<tr>\n<td class=\"td1\">Efektyv\u016bs ta\u0161kai<\/td>\n<td>3840 (H) \u00d7 2160 (V)<\/td>\n<\/tr>\n<tr>\n<td class=\"td1\">Min. ap\u0161vietimas<\/td>\n<td>0.01 Lux@(F1.2, AGC ON), 0 Lux with IR<\/td>\n<\/tr>\n<tr>\n<td class=\"td1\">U\u017erakto laikas<\/td>\n<td>PAL: 1\/12.5 s to 1\/50,000 s NTSC: 1\/15 s to 1\/50,000 s<\/td>\n<\/tr>\n<tr>\n<td class=\"td1\">Objektyvas<\/td>\n<td>2.7 mm to 13.5 mm motorized vari-focal lens<\/td>\n<\/tr>\n<tr>\n<td class=\"td1\">Objektyvo montavimas<\/td>\n<td>\u03c614<\/td>\n<\/tr>\n<tr>\n<td class=\"td1\">Reguliavimas<\/td>\n<td>Pan: 0\u00b0 to 360\u00b0; Tilt: 0\u00b0 to 75\u00b0; Rotate: 0\u00b0 to 360\u00b0<\/td>\n<\/tr>\n<tr>\n<td class=\"td1\">Diena\/naktis<\/td>\n<td>IR cut filter<\/td>\n<\/tr>\n<tr>\n<td class=\"td1\">Kadrai per sek.<\/td>\n<td>TVI: 8MP@12.5fps, 8MP@15fps, 5MP@20fps, 4MP@25fps, 4MP@30fps, 2MP@25fps,2MP@30fps;CVI: 8MP@12.5fps, 8MP@15fps;AHD: 5MP@20fps;CVBS: 960H P\/N<\/td>\n<\/tr>\n<tr>\n<td class=\"td1\">Sinchronizacija<\/td>\n<td>Internal Synchronization<\/td>\n<\/tr>\n<tr>\n<th colspan=\"2\">Objektyvas<\/th>\n<\/tr>\n<tr>\n<td class=\"td1\">Horizontalus matymo kampas<\/td>\n<td>108.1\u00b0 to 45.6\u00b0<\/td>\n<\/tr>\n<tr>\n<th colspan=\"2\">Meniu<\/th>\n<\/tr>\n<tr>\n<td class=\"td1\">D\/N r\u0117\u017eimas<\/td>\n<td>Auto\/Color\/BW (Black and White)<\/td>\n<\/tr>\n<tr>\n<td class=\"td1\">BLC<\/td>\n<td>Support<\/td>\n<\/tr>\n<tr>\n<td class=\"td1\">AGC<\/td>\n<td>Support<\/td>\n<\/tr>\n<tr>\n<td class=\"td1\">Skaitmeninis WDR<\/td>\n<td>Yes<\/td>\n<\/tr>\n<tr>\n<td class=\"td1\">Kalba<\/td>\n<td>English<\/td>\n<\/tr>\n<tr>\n<td class=\"td1\">Funkcija<\/td>\n<td>Brightness, Sharpness, DNR, Mirror, Smart IR<\/td>\n<\/tr>\n<tr>\n<th colspan=\"2\">S\u0105saja<\/th>\n<\/tr>\n<tr>\n<td class=\"td1\">Vaizdo i\u0161vestis<\/td>\n<td>1 HD analog output<\/td>\n<\/tr>\n<tr>\n<th colspan=\"2\">Pagrindin\u0117s savyb\u0117s<\/th>\n<\/tr>\n<tr>\n<td class=\"td1\">Med\u017eiaga<\/td>\n<td>Metal<\/td>\n<\/tr>\n<tr>\n<td class=\"td1\">Veikimo s\u0105lygos<\/td>\n<td>-40 \u00b0C &#8211; 60 \u00b0C (-40 \u00b0F &#8211; 140 \u00b0F)<br \/>\nHumidity 90% or less (non-condensing)<\/td>\n<\/tr>\n<tr>\n<td class=\"td1\">Maitinimas<\/td>\n<td>9 VDC to 15 VDC(-A: 9.6 VDC to 14.4 VDC; 19.2 VAC to 28.8 VAC)*You are recommended to use one power adapter to supply the power for one camera.<\/td>\n<\/tr>\n<tr>\n<td class=\"td1\">Energijos suvartojimas<\/td>\n<td>Max. 8.6W<\/td>\n<\/tr>\n<tr>\n<td class=\"td1\">IP apsaugos klas\u0117<\/td>\n<td>IP67<\/td>\n<\/tr>\n<tr>\n<td class=\"td1\">IR ap\u0161vietimas<\/td>\n<td>Up to 60m<\/td>\n<\/tr>\n<tr>\n<td class=\"td1\">Komunikacija<\/td>\n<td>Up the coax<br \/>\nProtocol: Pelco-C(CVBS output), HIKVISION-C(TVI output)<\/td>\n<\/tr>\n<tr>\n<td class=\"td1\">I\u0161matavimai<\/td>\n<td>134.3 mm \u00d7 123.86 mm \u00d7 110.24 mm (5.29&#8243; \u00d7 4.88&#8243; \u00d7 4.34&#8243;)<\/td>\n<\/tr>\n<tr>\n<td class=\"td1\">Svoris<\/td>\n<td>Approx. 580 g (1.28 lb.)<\/td>\n<\/tr>\n<\/tbody>\n<\/table>\n","protected":false},"excerpt":{"rendered":"<p>8MP (MegaPixel) dome Turbo HD kamera, Automatinis fokusavimas, 3840 \u00d7 2160 rai\u0161ka, 2.7 mm &#8211; 13.5 mm motorizuotas varifokalinis objektyvas, 4 in 1 vaizdo i\u0161vestis (perjungiama TVI\/AHD\/CVI\/CVBS), OSD meniu, DNR, EXIR 2.0, i\u0161manus IR, iki 60m, IP67<\/p>\n","protected":false},"featured_media":150,"comment_status":"closed","ping_status":"closed","template":"","meta":[],"product_brand":[],"product_cat":[60],"product_tag":[32],"class_list":{"0":"post-2232","1":"product","2":"type-product","3":"status-publish","4":"has-post-thumbnail","6":"product_cat-8-mpx-turbo-kameros","7":"product_tag-hikvision","9":"first","10":"instock","11":"shipping-taxable","12":"purchasable","13":"product-type-simple"},"jetpack_sharing_enabled":true,"_links":{"self":[{"href":"https:\/\/apsaugos.lt\/index.php?rest_route=\/wp\/v2\/product\/2232","targetHints":{"allow":["GET"]}}],"collection":[{"href":"https:\/\/apsaugos.lt\/index.php?rest_route=\/wp\/v2\/product"}],"about":[{"href":"https:\/\/apsaugos.lt\/index.php?rest_route=\/wp\/v2\/types\/product"}],"replies":[{"embeddable":true,"href":"https:\/\/apsaugos.lt\/index.php?rest_route=%2Fwp%2Fv2%2Fcomments&post=2232"}],"wp:featuredmedia":[{"embeddable":true,"href":"https:\/\/apsaugos.lt\/index.php?rest_route=\/wp\/v2\/media\/150"}],"wp:attachment":[{"href":"https:\/\/apsaugos.lt\/index.php?rest_route=%2Fwp%2Fv2%2Fmedia&parent=2232"}],"wp:term":[{"taxonomy":"product_brand","embeddable":true,"href":"https:\/\/apsaugos.lt\/index.php?rest_route=%2Fwp%2Fv2%2Fproduct_brand&post=2232"},{"taxonomy":"product_cat","embeddable":true,"href":"https:\/\/apsaugos.lt\/index.php?rest_route=%2Fwp%2Fv2%2Fproduct_cat&post=2232"},{"taxonomy":"product_tag","embeddable":true,"href":"https:\/\/apsaugos.lt\/index.php?rest_route=%2Fwp%2Fv2%2Fproduct_tag&post=2232"}],"curies":[{"name":"wp","href":"https:\/\/api.w.org\/{rel}","templated":true}]}}