{"id":2236,"date":"2021-02-22T12:24:14","date_gmt":"2021-02-22T10:24:14","guid":{"rendered":"http:\/\/apsaugos.lt\/?product=import-placeholder-for-3387"},"modified":"2021-02-22T12:24:18","modified_gmt":"2021-02-22T10:24:18","slug":"hikvision-ds-2ce19u1t-it3zf","status":"publish","type":"product","link":"https:\/\/apsaugos.lt\/?product=hikvision-ds-2ce19u1t-it3zf","title":{"rendered":"Hikvision DS-2CE19U1T-IT3ZF"},"content":{"rendered":"<table border=\"1\">\n<tbody>\n<tr>\n<th colspan=\"2\">Kamera<\/th>\n<\/tr>\n<tr>\n<td class=\"td1\">Sensorius<\/td>\n<td>8.29 MP high performance CMOS<\/td>\n<\/tr>\n<tr>\n<td class=\"td1\">Efektyv\u016bs ta\u0161kai<\/td>\n<td>3840 (H) \u00d7 2160 (V)<\/td>\n<\/tr>\n<tr>\n<td class=\"td1\">U\u017erakto laikas<\/td>\n<td>PAL: 1\/12.5 s to 1\/50,000 s NTSC: 1\/15 s to 1\/50,000 s<\/td>\n<\/tr>\n<tr>\n<td class=\"td1\">Objektyvo montavimas<\/td>\n<td>\u03c614<\/td>\n<\/tr>\n<tr>\n<td class=\"td1\">Reguliavimas<\/td>\n<td>Pan: 0\u00b0 to 360\u00b0; Tilt: 0\u00b0 to 90\u00b0; Rotate: 0\u00b0 to 360\u00b0<\/td>\n<\/tr>\n<tr>\n<td class=\"td1\">Diena\/naktis<\/td>\n<td>IR cut filter<\/td>\n<\/tr>\n<tr>\n<td class=\"td1\">Kadrai per sek.<\/td>\n<td>TVI: 8MP@12.5fps, 8MP@15fps, 5MP@20fps, 4MP@25fps, 4MP@30fps, 2MP@25fps,2MP@30fps;CVI: 8MP@12.5fps, 8MP@15fps;AHD: 5MP@20fps;CVBS: 960H P\/N<\/td>\n<\/tr>\n<tr>\n<td class=\"td1\">HD vaizdo i\u0161vestis<\/td>\n<td>1 Analog HD output<\/td>\n<\/tr>\n<tr>\n<td class=\"td1\">Sinchronizacija<\/td>\n<td>Internal Synchronization<\/td>\n<\/tr>\n<tr>\n<th colspan=\"2\">Meniu<\/th>\n<\/tr>\n<tr>\n<td class=\"td1\">D\/N r\u0117\u017eimas<\/td>\n<td>Auto \/ Color \/ B\/W<\/td>\n<\/tr>\n<tr>\n<td class=\"td1\">Automatinis baltos spalvos balansas<\/td>\n<td>Auto \/ Manual<\/td>\n<\/tr>\n<tr>\n<td class=\"td1\">BLC<\/td>\n<td>Support<\/td>\n<\/tr>\n<tr>\n<td class=\"td1\">AGC<\/td>\n<td>Support<\/td>\n<\/tr>\n<tr>\n<td class=\"td1\">Kalba<\/td>\n<td>English<\/td>\n<\/tr>\n<tr>\n<th colspan=\"2\">Pagrindin\u0117s savyb\u0117s<\/th>\n<\/tr>\n<tr>\n<td class=\"td1\">Veikimo s\u0105lygos<\/td>\n<td>-40 \u00b0C &#8211; 60 \u00b0C (-40 \u00b0F &#8211; 140 \u00b0F)<br \/>\nHumidity 90% or less (non-condensing)<\/td>\n<\/tr>\n<tr>\n<td class=\"td1\">Maitinimas<\/td>\n<td>9 VDC to 15 VDC(-A: 9.6 VDC to 14.4 VDC; 19.2 VAC to 28.8 VAC)*You are recommended to use one power adapter to supply the power for one camera.<\/td>\n<\/tr>\n<tr>\n<td class=\"td1\">Energijos suvartojimas<\/td>\n<td>Max. 8.6 W (-A: Max. 10.8 W)<\/td>\n<\/tr>\n<tr>\n<td class=\"td1\">IP apsaugos klas\u0117<\/td>\n<td>IP67<\/td>\n<\/tr>\n<tr>\n<td class=\"td1\">IR ap\u0161vietimas<\/td>\n<td>Up to 80m<\/td>\n<\/tr>\n<tr>\n<td class=\"td1\">Komunikacija<\/td>\n<td>Up the coax<br \/>\nProtocol: HIKVISION-C(Coaxitron)<\/td>\n<\/tr>\n<tr>\n<td class=\"td1\">I\u0161matavimai<\/td>\n<td>84.5 mm \u00d7 92 mm \u00d7 255.1 mm (3.33&#8243; \u00d7 3.62&#8243; \u00d7 10&#8243;)<\/td>\n<\/tr>\n<tr>\n<td class=\"td1\">Svoris<\/td>\n<td>Approx. 695 g (1.53 lb.)<\/td>\n<\/tr>\n<\/tbody>\n<\/table>\n","protected":false},"excerpt":{"rendered":"<p>8MP (MegaPixel) bullet Turbo HD kamera, Automatinis fokusavimas, 3840 \u00d7 2160 rai\u0161ka, 2.7 mm &#8211; 13.5 mm motorizuotas varifokalinis objektyvas, 4 in 1 vaizdo i\u0161vestis (perjungiama TVI\/AHD\/CVI\/CVBS), OSD meniu, DNR, EXIR 2.0, i\u0161manus IR, iki 80m, IP67<\/p>\n","protected":false},"featured_media":152,"comment_status":"closed","ping_status":"closed","template":"","meta":[],"product_brand":[],"product_cat":[60],"product_tag":[32],"class_list":{"0":"post-2236","1":"product","2":"type-product","3":"status-publish","4":"has-post-thumbnail","6":"product_cat-8-mpx-turbo-kameros","7":"product_tag-hikvision","9":"first","10":"instock","11":"shipping-taxable","12":"purchasable","13":"product-type-simple"},"jetpack_sharing_enabled":true,"_links":{"self":[{"href":"https:\/\/apsaugos.lt\/index.php?rest_route=\/wp\/v2\/product\/2236","targetHints":{"allow":["GET"]}}],"collection":[{"href":"https:\/\/apsaugos.lt\/index.php?rest_route=\/wp\/v2\/product"}],"about":[{"href":"https:\/\/apsaugos.lt\/index.php?rest_route=\/wp\/v2\/types\/product"}],"replies":[{"embeddable":true,"href":"https:\/\/apsaugos.lt\/index.php?rest_route=%2Fwp%2Fv2%2Fcomments&post=2236"}],"wp:featuredmedia":[{"embeddable":true,"href":"https:\/\/apsaugos.lt\/index.php?rest_route=\/wp\/v2\/media\/152"}],"wp:attachment":[{"href":"https:\/\/apsaugos.lt\/index.php?rest_route=%2Fwp%2Fv2%2Fmedia&parent=2236"}],"wp:term":[{"taxonomy":"product_brand","embeddable":true,"href":"https:\/\/apsaugos.lt\/index.php?rest_route=%2Fwp%2Fv2%2Fproduct_brand&post=2236"},{"taxonomy":"product_cat","embeddable":true,"href":"https:\/\/apsaugos.lt\/index.php?rest_route=%2Fwp%2Fv2%2Fproduct_cat&post=2236"},{"taxonomy":"product_tag","embeddable":true,"href":"https:\/\/apsaugos.lt\/index.php?rest_route=%2Fwp%2Fv2%2Fproduct_tag&post=2236"}],"curies":[{"name":"wp","href":"https:\/\/api.w.org\/{rel}","templated":true}]}}