{"id":2237,"date":"2021-02-22T12:24:14","date_gmt":"2021-02-22T10:24:14","guid":{"rendered":"http:\/\/apsaugos.lt\/?product=import-placeholder-for-3389"},"modified":"2021-02-22T12:24:18","modified_gmt":"2021-02-22T10:24:18","slug":"hikvision-turbo-hd-ds-2ce11d8t-pirl-f2-8","status":"publish","type":"product","link":"https:\/\/apsaugos.lt\/?product=hikvision-turbo-hd-ds-2ce11d8t-pirl-f2-8","title":{"rendered":"Hikvision Turbo HD DS-2CE11D8T-PIRL F2.8"},"content":{"rendered":"<table border=\"0\">\n<tbody>\n<tr>\n<td colspan=\"2\" bgcolor=\"#BEBEBE\">Camera<\/td>\n<\/tr>\n<tr>\n<td>Image Sensor<\/td>\n<td>2.0 megapixel progressive scan CMOS<\/td>\n<\/tr>\n<tr>\n<td>Signal System<\/td>\n<td>PAL\/NTSC<\/td>\n<\/tr>\n<tr>\n<td>Frame Rate<\/td>\n<td>PAL: 1080p@25fps<\/p>\n<p>NTSC: 1080p@30fps<\/td>\n<\/tr>\n<tr>\n<td>Resolution<\/td>\n<td>1920 (H) \u00d7 1080 (V)<\/td>\n<\/tr>\n<tr>\n<td>Min. illumination<\/td>\n<td>Color: 0.005 Lux @ (F1.2, AGC ON), 0 Lux with IR<\/td>\n<\/tr>\n<tr>\n<td>Shutter Time<\/td>\n<td>PAL: 1\/25 s to 1\/50, 000 s<\/p>\n<p>NTSC: 1\/30 s to 1\/50, 000 s<\/td>\n<\/tr>\n<tr>\n<td>Slow Shutter<\/td>\n<td>Max. 16 times<\/td>\n<\/tr>\n<tr>\n<td>Lens<\/td>\n<td>2.8 mm, 3.6 mm fixed focal lens<\/td>\n<\/tr>\n<tr>\n<td>Horizontal Field of View<\/td>\n<td>103.5\u00b0 (2.8 mm), 82.6\u00b0 (3.6 mm)<\/td>\n<\/tr>\n<tr>\n<td>Lens Mount<\/td>\n<td>M12<\/td>\n<\/tr>\n<tr>\n<td>Visual Alarm<\/td>\n<td>Yes<\/td>\n<\/tr>\n<tr>\n<td>Day &amp; Night<\/td>\n<td>IR cut filter<\/td>\n<\/tr>\n<tr>\n<td>Angle Adjustment<\/td>\n<td>Pan: 0\u00b0 to 360\u00b0, Tilt: 0\u00b0 to 180\u00b0, Rotate: 0\u00b0 to 360\u00b0<\/td>\n<\/tr>\n<tr>\n<td>Synchronization<\/td>\n<td>Internal synchronization<\/td>\n<\/tr>\n<tr>\n<td>WDR (Wide Dynamic Range)<\/td>\n<td>&gt; 120 dB<\/td>\n<\/tr>\n<tr>\n<td colspan=\"2\" bgcolor=\"#BEBEBE\">Menu<\/td>\n<\/tr>\n<tr>\n<td>White Light<\/td>\n<td>Alarm\/Off<\/td>\n<\/tr>\n<tr>\n<td>AGC<\/td>\n<td>Yes<\/td>\n<\/tr>\n<tr>\n<td>Day\/Night Mode<\/td>\n<td>Auto\/Color\/BW (Black and White)<\/td>\n<\/tr>\n<tr>\n<td>White Balance<\/td>\n<td>ATW\/MANUAL<\/td>\n<\/tr>\n<tr>\n<td>Privacy Mask<\/td>\n<td>ON\/OFF, 4 programmable privacy masks<\/td>\n<\/tr>\n<tr>\n<td>Motion Detection<\/td>\n<td>4 programmable motion areas<\/td>\n<\/tr>\n<tr>\n<td>Backlight Compensation<\/td>\n<td>WDR\/BLC\/OFF<\/td>\n<\/tr>\n<tr>\n<td>3D DNR (Digital Noise Reduction)<\/td>\n<td>Level 1 to 10<\/td>\n<\/tr>\n<tr>\n<td>Language<\/td>\n<td>English, Chinese<\/td>\n<\/tr>\n<tr>\n<td>Functions<\/td>\n<td>Brightness, Sharpness, Mirror, Smart IR<\/td>\n<\/tr>\n<tr>\n<td colspan=\"2\" bgcolor=\"#BEBEBE\">Interface<\/td>\n<\/tr>\n<tr>\n<td>Video Output<\/td>\n<td>1 HD analog output<\/td>\n<\/tr>\n<tr>\n<td colspan=\"2\" bgcolor=\"#BEBEBE\">General<\/td>\n<\/tr>\n<tr>\n<td>Operating Conditions<\/td>\n<td>-40 \u00b0C to 60 \u00b0C (-40 \u00b0F to 140 \u00b0F), humidity: 90% or less (non-condensation)<\/td>\n<\/tr>\n<tr>\n<td>Power Supply<\/td>\n<td>12 VDC \u00b125%<\/td>\n<\/tr>\n<tr>\n<td>Power Consumption<\/td>\n<td>Max. 4.5 W<\/td>\n<\/tr>\n<tr>\n<td>Ingress Protection<\/td>\n<td>IP67<\/td>\n<\/tr>\n<tr>\n<td>Material<\/td>\n<td>Metal<\/td>\n<\/tr>\n<tr>\n<td>IR Range<\/td>\n<td>Up to 20 m<\/td>\n<\/tr>\n<tr>\n<td>PIR Range<\/td>\n<td>Angle: 110\u00b0, Range:11 m<\/td>\n<\/tr>\n<tr>\n<td>Communication<\/td>\n<td>Up the coax, Protocol: HIKVISION-C (TVI output)<\/td>\n<\/tr>\n<tr>\n<td>Dimensions<\/td>\n<td>68 mm \u00d7 70 mm \u00d7 179.8 mm ( 2.68&#8243; \u00d7 2.76&#8243; \u00d7 7.08&#8243; )<\/td>\n<\/tr>\n<tr>\n<td>Weight<\/td>\n<td>Approx. 345 g (0.76 lb.)<\/td>\n<\/tr>\n<\/tbody>\n<\/table>\n","protected":false},"excerpt":{"rendered":"<p>Turbo HD 2MP Bullet kamera, \u017eemas ap\u0161viestumas, EXIR 2.0 pa\u0161vietimas iki 20m, PIR 10m\/110\u00b0, OSD meniu, 120dB WDR, Smart IR, IP67<\/p>\n","protected":false},"featured_media":153,"comment_status":"closed","ping_status":"closed","template":"","meta":[],"product_brand":[],"product_cat":[61],"product_tag":[32],"class_list":{"0":"post-2237","1":"product","2":"type-product","3":"status-publish","4":"has-post-thumbnail","6":"product_cat-2-mpx-turbo-kameros","7":"product_tag-hikvision","9":"first","10":"instock","11":"shipping-taxable","12":"purchasable","13":"product-type-simple"},"jetpack_sharing_enabled":true,"_links":{"self":[{"href":"https:\/\/apsaugos.lt\/index.php?rest_route=\/wp\/v2\/product\/2237","targetHints":{"allow":["GET"]}}],"collection":[{"href":"https:\/\/apsaugos.lt\/index.php?rest_route=\/wp\/v2\/product"}],"about":[{"href":"https:\/\/apsaugos.lt\/index.php?rest_route=\/wp\/v2\/types\/product"}],"replies":[{"embeddable":true,"href":"https:\/\/apsaugos.lt\/index.php?rest_route=%2Fwp%2Fv2%2Fcomments&post=2237"}],"wp:featuredmedia":[{"embeddable":true,"href":"https:\/\/apsaugos.lt\/index.php?rest_route=\/wp\/v2\/media\/153"}],"wp:attachment":[{"href":"https:\/\/apsaugos.lt\/index.php?rest_route=%2Fwp%2Fv2%2Fmedia&parent=2237"}],"wp:term":[{"taxonomy":"product_brand","embeddable":true,"href":"https:\/\/apsaugos.lt\/index.php?rest_route=%2Fwp%2Fv2%2Fproduct_brand&post=2237"},{"taxonomy":"product_cat","embeddable":true,"href":"https:\/\/apsaugos.lt\/index.php?rest_route=%2Fwp%2Fv2%2Fproduct_cat&post=2237"},{"taxonomy":"product_tag","embeddable":true,"href":"https:\/\/apsaugos.lt\/index.php?rest_route=%2Fwp%2Fv2%2Fproduct_tag&post=2237"}],"curies":[{"name":"wp","href":"https:\/\/api.w.org\/{rel}","templated":true}]}}