{"id":2243,"date":"2021-02-22T12:24:14","date_gmt":"2021-02-22T10:24:14","guid":{"rendered":"http:\/\/apsaugos.lt\/?product=import-placeholder-for-3395"},"modified":"2021-02-22T12:24:19","modified_gmt":"2021-02-22T10:24:19","slug":"hikvision-dome-ds-2ce79u8t-it3z-f2-8-12","status":"publish","type":"product","link":"https:\/\/apsaugos.lt\/?product=hikvision-dome-ds-2ce79u8t-it3z-f2-8-12","title":{"rendered":"Hikvision dome DS-2CE79U8T-IT3Z F2.8-12"},"content":{"rendered":"<table border=\"1\">\n<tbody>\n<tr>\n<td>Sensorius<\/td>\n<td>8.29\u00a0MP\u00a0high\u00a0performance\u00a0CMOS<\/td>\n<\/tr>\n<tr>\n<td>Signalo sistema<\/td>\n<td>PAL\/NTSC<\/td>\n<\/tr>\n<tr>\n<td>Efektyv\u016bs ta\u0161kai<\/td>\n<td>3840\u00a0(H)\u00a0\u00d7\u00a02160\u00a0(V)<\/td>\n<\/tr>\n<tr>\n<td>U\u017erakto laikas<\/td>\n<td>PAL:\u00a01\/12.5\u00a0s\u00a0to\u00a01\/10,000\u00a0s<br \/>\nNTSC:\u00a01\/15\u00a0s\u00a0to\u00a01\/10,000\u00a0s<\/td>\n<\/tr>\n<tr>\n<td>Objektyvas<\/td>\n<td>2.8 mm to 12 mm motorized vari-focal lens<\/td>\n<\/tr>\n<tr>\n<td>Objektyvo montavimas<\/td>\n<td>M12<\/td>\n<\/tr>\n<tr>\n<td>Reguliavimas<\/td>\n<td>Pan:\u00a00\u00a0&#8211;\u00a0360\u00b0,\u00a0Tilt:\u00a00\u00a0&#8211;\u00a075\u00b0,\u00a0Rotation:\u00a00\u00a0&#8211;\u00a0360\u00b0<\/td>\n<\/tr>\n<tr>\n<td>HD Vaizdo i\u0161vestis<\/td>\n<td>1\u00a0Analog\u00a0HD\u00a0output<\/td>\n<\/tr>\n<tr>\n<td>Sinchronizacija<\/td>\n<td>Internal\u00a0Synchronization<\/td>\n<\/tr>\n<tr>\n<td>D\/N r\u0117\u017eimas<\/td>\n<td>Auto\u00a0\/\u00a0Color\u00a0\/\u00a0B\/W<\/td>\n<\/tr>\n<tr>\n<td>Automatinis baltos spalvos balansas<\/td>\n<td>Auto\/Manual\/Natural<\/td>\n<\/tr>\n<tr>\n<td>BLC<\/td>\n<td>Support<\/td>\n<\/tr>\n<tr>\n<td>Kalba<\/td>\n<td>English<\/td>\n<\/tr>\n<tr>\n<td>Veikimo s\u0105lygos<\/td>\n<td>-40 \u00b0C \u2013 60 \u00b0C (-40 \u00b0F \u2013 140 \u00b0F)<\/p>\n<p>Humidity 90% or less (non-condensing)<\/td>\n<\/tr>\n<tr>\n<td>Maitinimas<\/td>\n<td>12 VDC \u00b125%<\/td>\n<\/tr>\n<tr>\n<td>IP apsaugos klas\u0117<\/td>\n<td>IP67<\/td>\n<\/tr>\n<tr>\n<td>IR ap\u0161vietimas<\/td>\n<td>Up to 80m<\/td>\n<\/tr>\n<tr>\n<td>Komunikacija<\/td>\n<td>Up\u00a0the\u00a0coax<br \/>\nProtocol:\u00a0HIKVISION-C(Coaxitron)<\/td>\n<\/tr>\n<tr>\n<td>I\u0161matavimai<\/td>\n<td>134.3\u00a0mm\u00a0\u00d7\u00a0123.9\u00a0mm\u00a0\u00d7\u00a0111.4\u00a0mm\u00a0 (5.29&#8243;\u00a0\u00d7\u00a04.88&#8243;\u00a0\u00d7\u00a04.39&#8243;)<\/td>\n<\/tr>\n<tr>\n<td>Svoris<\/td>\n<td>Approx.\u00a0630\u00a0g\u00a0(1.39\u00a0lb.)<\/td>\n<\/tr>\n<\/tbody>\n<\/table>\n","protected":false},"excerpt":{"rendered":"<p>8.29 Megapixel high-performance CMOS sensorius, Ma\u017eo ap\u0161viestumo, 2.8 mm &#8211; 12 mm motorizuotas varifokalinis objektyvas, Iki 60m IR ap\u0161vietimas, IP67<\/p>\n","protected":false},"featured_media":150,"comment_status":"closed","ping_status":"closed","template":"","meta":[],"product_brand":[],"product_cat":[61],"product_tag":[32],"class_list":{"0":"post-2243","1":"product","2":"type-product","3":"status-publish","4":"has-post-thumbnail","6":"product_cat-2-mpx-turbo-kameros","7":"product_tag-hikvision","9":"first","10":"instock","11":"shipping-taxable","12":"purchasable","13":"product-type-simple"},"jetpack_sharing_enabled":true,"_links":{"self":[{"href":"https:\/\/apsaugos.lt\/index.php?rest_route=\/wp\/v2\/product\/2243","targetHints":{"allow":["GET"]}}],"collection":[{"href":"https:\/\/apsaugos.lt\/index.php?rest_route=\/wp\/v2\/product"}],"about":[{"href":"https:\/\/apsaugos.lt\/index.php?rest_route=\/wp\/v2\/types\/product"}],"replies":[{"embeddable":true,"href":"https:\/\/apsaugos.lt\/index.php?rest_route=%2Fwp%2Fv2%2Fcomments&post=2243"}],"wp:featuredmedia":[{"embeddable":true,"href":"https:\/\/apsaugos.lt\/index.php?rest_route=\/wp\/v2\/media\/150"}],"wp:attachment":[{"href":"https:\/\/apsaugos.lt\/index.php?rest_route=%2Fwp%2Fv2%2Fmedia&parent=2243"}],"wp:term":[{"taxonomy":"product_brand","embeddable":true,"href":"https:\/\/apsaugos.lt\/index.php?rest_route=%2Fwp%2Fv2%2Fproduct_brand&post=2243"},{"taxonomy":"product_cat","embeddable":true,"href":"https:\/\/apsaugos.lt\/index.php?rest_route=%2Fwp%2Fv2%2Fproduct_cat&post=2243"},{"taxonomy":"product_tag","embeddable":true,"href":"https:\/\/apsaugos.lt\/index.php?rest_route=%2Fwp%2Fv2%2Fproduct_tag&post=2243"}],"curies":[{"name":"wp","href":"https:\/\/api.w.org\/{rel}","templated":true}]}}