{"id":2248,"date":"2021-02-22T12:24:15","date_gmt":"2021-02-22T10:24:15","guid":{"rendered":"http:\/\/apsaugos.lt\/?product=import-placeholder-for-3401"},"modified":"2021-02-22T12:24:20","modified_gmt":"2021-02-22T10:24:20","slug":"hikvision-dvr-ds-7204hthi-k1","status":"publish","type":"product","link":"https:\/\/apsaugos.lt\/?product=hikvision-dvr-ds-7204hthi-k1","title":{"rendered":"Hikvision DVR DS-7204HTHI-K1"},"content":{"rendered":"<table border=\"1\">\n<tbody>\n<tr>\n<td>Garso \u012fvestys<\/td>\n<td>4-ch,\u00a0RCA\u00a0(2.0\u00a0Vp-p,\u00a01\u00a0K\u03a9)<\/td>\n<\/tr>\n<tr>\n<td>Vaizdo suspaudimas<\/td>\n<td>H.265+\/H.265\/H.264+\/H.264<\/td>\n<\/tr>\n<tr>\n<td>Analogin\u0117 vaizdo i\u0161vestis<\/td>\n<td>4-ch<br \/>\nBNC\u00a0interface\u00a0(1.0\u00a0Vp-p,\u00a075\u00a0\u03a9),\u00a0 supporting\u00a0coaxitron\u00a0connection<\/td>\n<\/tr>\n<tr>\n<td>Analogin\u0117 ir HD-TVI vaizdo \u012fvestis<\/td>\n<td>8\u00a0MP,\u00a05\u00a0MP,\u00a04\u00a0MP,\u00a03\u00a0MP,\u00a01080p30,\u00a0 1080p25,\u00a0720p60,\u00a0720p50,\u00a0720p30,\u00a0720p25<\/td>\n<\/tr>\n<tr>\n<td>IP Vaizdo \u012fvestis<\/td>\n<td>2-ch<br \/>\nUp\u00a0to\u00a08\u00a0MP\u00a0resolution,Supports\u00a0H.265+\/ H.265\/H.264+\/H.264\u00a0IP\u00a0cameras<\/td>\n<\/tr>\n<tr>\n<td>Garso suspaudimas<\/td>\n<td>G.711u<\/td>\n<\/tr>\n<tr>\n<td>CVBS i\u0161vestis<\/td>\n<td>1-ch,BNC(1.0Vp-p,75\u03a9),resolution:PAL: 704&#215;576,NTSC:704&#215;480<\/td>\n<\/tr>\n<tr>\n<td>HDMI\/VGA i\u0161vestis<\/td>\n<td>VGA:\u00a01-ch,\u00a01920\u00a0\u00d7\u00a01080\/60Hz,\u00a01 280\u00a0\u00d7\u00a01024\/60Hz,\u00a01280\u00a0\u00d7\u00a0720\/60Hz, \u00a01024\u00a0\u00d7\u00a0768\/60Hz<br \/>\nHDMI:\u00a01-ch,\u00a04K\u00a0(3840\u00a0\u00d7\u00a02160)\/30Hz,\u00a0 2K\u00a0(2560\u00a0\u00d7\u00a01440)\/60Hz,\u00a0 1920\u00a0\u00d7\u00a01080\/60Hz,\u00a01280\u00a0\u00d7<br \/>\n1024\/60Hz,\u00a01280\u00a0\u00d7\u00a0720\/60Hz,\u00a0 1024\u00a0\u00d7\u00a0768\/60Hz<\/td>\n<\/tr>\n<tr>\n<td>Kadrai per sek.<\/td>\n<td>Main\u00a0stream:<br \/>\n8\u00a0MP@10fps,\u00a05\u00a0MP@20fps,\u00a03\u00a0MP@18fps<br \/>\n4\u00a0MP\/1080p\/720p\/WD1\/4CIF\/ VGA\/CIF@25fps\u00a0(P)\/30fps\u00a0(N)<br \/>\nSub-stream:<br \/>\nWD1\/4CIF\/CIF@25fps\u00a0(P)\/30fps\u00a0(N)<\/td>\n<\/tr>\n<tr>\n<td>Vaizdo sparta<\/td>\n<td>32\u00a0Kbps-16 Mbps<\/td>\n<\/tr>\n<tr>\n<td>Srauto tipas<\/td>\n<td>VidVideo,\u00a0Video\u00a0&amp;\u00a0Audioeo,\u00a0Video\u00a0&amp;\u00a0Audio<\/td>\n<\/tr>\n<tr>\n<td>Dvipusis garso ry\u0161ys<\/td>\n<td>1-ch,\u00a0RCA\u00a0(2.0\u00a0Vp-p,\u00a01\u00a0k\u03a9)\u00a0 (using\u00a0the\u00a0audio\u00a0input)<\/td>\n<\/tr>\n<tr>\n<td>Garso i\u0161vestis<\/td>\n<td>1-ch\u00a0RCA(Linear,\u00a01k\u03a9)<\/td>\n<\/tr>\n<tr>\n<td>Garso sparta<\/td>\n<td>64kbps<\/td>\n<\/tr>\n<tr>\n<td>Dvigubas srautas<\/td>\n<td>Support<\/td>\n<\/tr>\n<tr>\n<td>Sinchroninis atk\u016brimas<\/td>\n<td>4-ch<\/td>\n<\/tr>\n<tr>\n<td>Nuotolini\u0173 prisijungim\u0173 skai\u010dius<\/td>\n<td>128<\/td>\n<\/tr>\n<tr>\n<td>Tinklo protokolai<\/td>\n<td>TCP\/IP,\u00a0PPPoE,\u00a0DHCP,\u00a0Hik-connect\u00a0Cloud\u00a0P2P,DNS,\u00a0DDNS,\u00a0NTP, \u00a0SADP,\u00a0NFS,\u00a0iSCSI,\u00a0UPnP\u2122,\u00a0HTTPS,ONVIF<\/td>\n<\/tr>\n<tr>\n<td>S\u0105sajos tipas<\/td>\n<td>1\u00a0SATA\u00a0Interface<\/td>\n<\/tr>\n<tr>\n<td>Talpa<\/td>\n<td>Up\u00a0to 8 TB\u00a0capacity\u00a0for\u00a0each\u00a0disk<\/td>\n<\/tr>\n<tr>\n<td>Tinklo s\u0105saja<\/td>\n<td>1,\u00a0RJ45\u00a010M\/100M\/1000M\u00a0self-adaptive\u00a0Ethernet\u00a0interface<\/td>\n<\/tr>\n<tr>\n<td>USB s\u0105sajos<\/td>\n<td>Front\u00a0panel:\u00a01\u00a0\u00d7\u00a0USB\u00a02.0<br \/>\nRear\u00a0panel:\u00a01\u00a0\u00d7\u00a0USB\u00a03.0<\/td>\n<\/tr>\n<tr>\n<td>Serial s\u0105saja<\/td>\n<td>RS-485\u00a0(half-duplex)<\/td>\n<\/tr>\n<tr>\n<td>Pavojaus signalo \u012fvestys<\/td>\n<td>4\/1<\/td>\n<\/tr>\n<tr>\n<td>Maitinimas<\/td>\n<td>12V\u00a0DC<\/td>\n<\/tr>\n<tr>\n<td>Energijos suvartojimas<\/td>\n<td>\u2264\u00a015W<\/td>\n<\/tr>\n<tr>\n<td>Darbo temperat\u016bra<\/td>\n<td>-10\u00a0\u00baC\u00a0~+55\u00a0\u00baC\u00a0(14\u00a0\u00baF\u00a0~\u00a0131\u00a0\u00baF)<\/td>\n<\/tr>\n<tr>\n<td>Santykinis oro dr\u0117gnumas<\/td>\n<td>10%\u00a0~\u00a090%<\/td>\n<\/tr>\n<tr>\n<td>I\u0161matavimai<\/td>\n<td>315\u00a0\u00d7\u00a0242\u00a0\u00d7\u00a045\u00a0mm<br \/>\n(12.4\u00a0\u00d7\u00a09.5\u00a0\u00d7\u00a01.8\u00a0inch)<\/td>\n<\/tr>\n<tr>\n<td>Svoris<\/td>\n<td>\u2264\u00a01.5 kg<\/td>\n<\/tr>\n<\/tbody>\n<\/table>\n","protected":false},"excerpt":{"rendered":"<p>4 kanal\u0173 Turbo HD DVR, HDTVI\/HDCVI\/AHD\/CVBS signalo \u012fvestys, 1 HDD s\u0105saja (iki 8TB talpa), Dvipusis garso ry\u0161ys, Pavojaus signalo \u012fvestis\/i\u0161vestis, HDMI\/VGA i\u0161vestis<\/p>\n","protected":false},"featured_media":156,"comment_status":"closed","ping_status":"closed","template":"","meta":[],"product_brand":[],"product_cat":[63],"product_tag":[32],"class_list":{"0":"post-2248","1":"product","2":"type-product","3":"status-publish","4":"has-post-thumbnail","6":"product_cat-dvr-4-kanalu","7":"product_tag-hikvision","9":"first","10":"instock","11":"shipping-taxable","12":"purchasable","13":"product-type-simple"},"jetpack_sharing_enabled":true,"_links":{"self":[{"href":"https:\/\/apsaugos.lt\/index.php?rest_route=\/wp\/v2\/product\/2248","targetHints":{"allow":["GET"]}}],"collection":[{"href":"https:\/\/apsaugos.lt\/index.php?rest_route=\/wp\/v2\/product"}],"about":[{"href":"https:\/\/apsaugos.lt\/index.php?rest_route=\/wp\/v2\/types\/product"}],"replies":[{"embeddable":true,"href":"https:\/\/apsaugos.lt\/index.php?rest_route=%2Fwp%2Fv2%2Fcomments&post=2248"}],"wp:featuredmedia":[{"embeddable":true,"href":"https:\/\/apsaugos.lt\/index.php?rest_route=\/wp\/v2\/media\/156"}],"wp:attachment":[{"href":"https:\/\/apsaugos.lt\/index.php?rest_route=%2Fwp%2Fv2%2Fmedia&parent=2248"}],"wp:term":[{"taxonomy":"product_brand","embeddable":true,"href":"https:\/\/apsaugos.lt\/index.php?rest_route=%2Fwp%2Fv2%2Fproduct_brand&post=2248"},{"taxonomy":"product_cat","embeddable":true,"href":"https:\/\/apsaugos.lt\/index.php?rest_route=%2Fwp%2Fv2%2Fproduct_cat&post=2248"},{"taxonomy":"product_tag","embeddable":true,"href":"https:\/\/apsaugos.lt\/index.php?rest_route=%2Fwp%2Fv2%2Fproduct_tag&post=2248"}],"curies":[{"name":"wp","href":"https:\/\/api.w.org\/{rel}","templated":true}]}}