{"id":2249,"date":"2021-02-22T12:24:15","date_gmt":"2021-02-22T10:24:15","guid":{"rendered":"http:\/\/apsaugos.lt\/?product=import-placeholder-for-3404"},"modified":"2021-02-22T12:24:20","modified_gmt":"2021-02-22T10:24:20","slug":"hikvision-dvr-ds-7208hthi-k2","status":"publish","type":"product","link":"https:\/\/apsaugos.lt\/?product=hikvision-dvr-ds-7208hthi-k2","title":{"rendered":"Hikvision DVR DS-7208HTHI-K2"},"content":{"rendered":"<table border=\"1\">\n<tbody>\n<tr>\n<td>Garso \u012fvestis<\/td>\n<td>4-ch,\u00a0RCA\u00a0(2.0\u00a0Vp-p,\u00a01\u00a0K\u03a9)<\/td>\n<\/tr>\n<tr>\n<td>Vaizdo suspaudimas<\/td>\n<td>H.265+\/H.265\/H.264+\/H.264<\/td>\n<\/tr>\n<tr>\n<td>Analogin\u0117 vaizdo \u012fvestis<\/td>\n<td>8-ch<br \/>\nBNC\u00a0interface\u00a0(1.0\u00a0Vp-p,\u00a075\u00a0\u03a9),\u00a0 supporting\u00a0coaxitron\u00a0connection<\/td>\n<\/tr>\n<tr>\n<td>Analogin\u0117 ir HD-TVI vaizdo \u012fvestis<\/td>\n<td>8\u00a0MP,\u00a05\u00a0MP,\u00a04\u00a0MP,\u00a03\u00a0MP,\u00a01080p30,\u00a0 1080p25,\u00a0720p60,\u00a0720p50,\u00a0720p30,\u00a0720p25<\/td>\n<\/tr>\n<tr>\n<td>IP vaizdo \u012fvestis<\/td>\n<td>4-ch<br \/>\nUp\u00a0to\u00a08\u00a0MP\u00a0resolution,Supports\u00a0H.265+\/ H.265\/H.264+\/H.264\u00a0IP\u00a0cameras<\/td>\n<\/tr>\n<tr>\n<td>Garso suspaudimas<\/td>\n<td>G.711u<\/td>\n<\/tr>\n<tr>\n<td>HDMI\/VGA i\u0161vestis<\/td>\n<td>VGA:\u00a01-ch,\u00a01920\u00a0\u00d7\u00a01080\/60Hz,\u00a0 1280\u00a0\u00d7\u00a01024\/60Hz,\u00a01280\u00a0\u00d7\u00a0720\/60Hz, \u00a01024\u00a0\u00d7\u00a0768\/60Hz<br \/>\nHDMI:\u00a01-ch,\u00a04K\u00a0(3840\u00a0\u00d7\u00a02160)\/30Hz,\u00a0 2K\u00a0(2560\u00a0\u00d7\u00a01440)\/60Hz,\u00a0 1920\u00a0\u00d7\u00a01080\/60Hz,\u00a01280\u00a0\u00d7<br \/>\n1024\/60Hz,\u00a01280\u00a0\u00d7\u00a0720\/60Hz,\u00a0 1024\u00a0\u00d7\u00a0768\/60Hz<\/td>\n<\/tr>\n<tr>\n<td>Kadrai per sek.<\/td>\n<td>Main\u00a0stream:<br \/>\n8\u00a0MP@10fps,\u00a05\u00a0MP@20fps,\u00a03\u00a0MP@18fps<br \/>\n4\u00a0MP\/1080p\/720p\/WD1\/4CIF\/VGA\/ CIF@25fps\u00a0(P)\/30fps\u00a0(N)<br \/>\nSub-stream:<br \/>\nWD1\/4CIF\/CIF@25fps\u00a0(P)\/30fps\u00a0(N)<\/td>\n<\/tr>\n<tr>\n<td>Vaizdo sparta<\/td>\n<td>32\u00a0Kbps-16 Mbps<\/td>\n<\/tr>\n<tr>\n<td>Srauto tipas<\/td>\n<td>Video,\u00a0Video<\/td>\n<\/tr>\n<\/tbody>\n<\/table>\n","protected":false},"excerpt":{"rendered":"<p>8 kanal\u0173 Turbo HD DVR, HDTVI\/HDCVI\/AHD\/CVBS signalo \u012fvestys, 2 HDD s\u0105saja (iki 8TB talpa), Dvipusis garso ry\u0161ys, Pavojaus signalo \u012fvestis\/i\u0161vestis, HDMI\/VGA i\u0161vestis<\/p>\n","protected":false},"featured_media":156,"comment_status":"closed","ping_status":"closed","template":"","meta":[],"product_brand":[],"product_cat":[64],"product_tag":[32],"class_list":{"0":"post-2249","1":"product","2":"type-product","3":"status-publish","4":"has-post-thumbnail","6":"product_cat-dvr-8-kanalu","7":"product_tag-hikvision","9":"first","10":"instock","11":"shipping-taxable","12":"purchasable","13":"product-type-simple"},"jetpack_sharing_enabled":true,"_links":{"self":[{"href":"https:\/\/apsaugos.lt\/index.php?rest_route=\/wp\/v2\/product\/2249","targetHints":{"allow":["GET"]}}],"collection":[{"href":"https:\/\/apsaugos.lt\/index.php?rest_route=\/wp\/v2\/product"}],"about":[{"href":"https:\/\/apsaugos.lt\/index.php?rest_route=\/wp\/v2\/types\/product"}],"replies":[{"embeddable":true,"href":"https:\/\/apsaugos.lt\/index.php?rest_route=%2Fwp%2Fv2%2Fcomments&post=2249"}],"wp:featuredmedia":[{"embeddable":true,"href":"https:\/\/apsaugos.lt\/index.php?rest_route=\/wp\/v2\/media\/156"}],"wp:attachment":[{"href":"https:\/\/apsaugos.lt\/index.php?rest_route=%2Fwp%2Fv2%2Fmedia&parent=2249"}],"wp:term":[{"taxonomy":"product_brand","embeddable":true,"href":"https:\/\/apsaugos.lt\/index.php?rest_route=%2Fwp%2Fv2%2Fproduct_brand&post=2249"},{"taxonomy":"product_cat","embeddable":true,"href":"https:\/\/apsaugos.lt\/index.php?rest_route=%2Fwp%2Fv2%2Fproduct_cat&post=2249"},{"taxonomy":"product_tag","embeddable":true,"href":"https:\/\/apsaugos.lt\/index.php?rest_route=%2Fwp%2Fv2%2Fproduct_tag&post=2249"}],"curies":[{"name":"wp","href":"https:\/\/api.w.org\/{rel}","templated":true}]}}