{"id":2253,"date":"2021-02-22T12:24:15","date_gmt":"2021-02-22T10:24:15","guid":{"rendered":"http:\/\/apsaugos.lt\/?product=import-placeholder-for-3410"},"modified":"2021-02-22T12:24:21","modified_gmt":"2021-02-22T10:24:21","slug":"hikvision-turbo-hd-ds-7204huhi-f1-s","status":"publish","type":"product","link":"https:\/\/apsaugos.lt\/?product=hikvision-turbo-hd-ds-7204huhi-f1-s","title":{"rendered":"Hikvision Turbo HD DS-7204HUHI-F1\/S"},"content":{"rendered":"<table border=\"1\">\n<tbody>\n<tr>\n<td>Garso \u012fvestys<\/td>\n<td>4-ch<\/td>\n<\/tr>\n<tr>\n<td>Vaizdo suspaudimas<\/td>\n<td>H.264,H.264+<\/td>\n<\/tr>\n<tr>\n<td>Analogin\u0117 ir HD-TVI vaizdo i\u0161vestis<\/td>\n<td>4-ch,BNC\u00a0interface\u00a0 (1.0Vp-p,\u00a075\u00a0\u03a9)connection<\/td>\n<\/tr>\n<tr>\n<td>Palaikomi kamer\u0173 tipai<\/td>\n<td>Support\u00a0HDTVI\u00a0input:\u00a05MP,4MP, 3MP,1080P\/25Hz, \u00a01080P\/30Hz, 720P\/25Hz,\u00a0 720P\/30Hz,\u00a0720P\/50Hz,\u00a0720P\/60Hz,<br \/>\nSupport\u00a0AHD\u00a0input: \u00a01080P\/25Hz, \u00a01080P\/30Hz,\u00a0720P\/25Hz,\u00a0 720P\/30Hz<br \/>\nSupport\u00a0CVBS\u00a0input<\/td>\n<\/tr>\n<tr>\n<td>Vaizdo \u012fvesties s\u0105saja<\/td>\n<td>BNC\u00a0(1.0\u00a0Vp-p,\u00a075\u03a9)<\/td>\n<\/tr>\n<tr>\n<td>Garso suspaudimas<\/td>\n<td>G.711u<\/td>\n<\/tr>\n<tr>\n<td>Garso \u012fvesties s\u0105saja<\/td>\n<td>4-ch,\u00a0RCA\u00a0(2.0\u00a0Vp-p,\u00a01\u00a0K\u03a9)<\/td>\n<\/tr>\n<tr>\n<td>Dvipusis garso ry\u0161ys<\/td>\n<td>1-ch,\u00a0RCA\u00a0(2.0\u00a0Vp-p,\u00a01\u00a0K\u03a9),\u00a0 (using\u00a0the\u00a01st\u00a0channel \u00a0of\u00a0audio\u00a0input)<\/td>\n<\/tr>\n<tr>\n<td>CVBS i\u0161vestis<\/td>\n<td>1-ch,BNC(1.0Vp-p,75\u03a9),resolution:PAL:704&#215;576, NTSC:704&#215;480<\/td>\n<\/tr>\n<tr>\n<td>HDMI\/VGA i\u0161vestis<\/td>\n<td>1920\u00a0\u00d7\u00a01080\u00a0\/\u00a060\u00a0Hz,1280\u00a0\u00d7\u00a01024\u00a0\/\u00a0 60\u00a0Hz,\u00a01280\u00a0\u00d7\u00a0720\u00a0\/ \u00a060\u00a0Hz,\u00a0\u00a01024\u00a0\u00d7\u00a0768\u00a0\/\u00a060\u00a0Hz<\/td>\n<\/tr>\n<tr>\n<td>Ra\u0161ymo rai\u0161ka<\/td>\n<td>Mainstream:5MP\/4MP\/3Mp\/1080p\/ 720p\/WD1\/4CIF\/VGA\/CIF<br \/>\nSub-stream:WD1\/4CIF\/CIF\/QVGA\/QCIF<\/td>\n<\/tr>\n<tr>\n<td>Kadrai sek.<\/td>\n<td>Main\u00a0stream:<br \/>\n5MP@10fps\/4MP@15fps\/3MP@15fps\/<\/p>\n<p>1080p\/720p\/WD1\/4CIF\/VGA\/CIF@ 25fps\u00a0(P)\/30fps\u00a0(N)<br \/>\nSub-stream:<br \/>\nWD1\/4CIF @12fps; CIF\/QVGA\/QCIF@25fps\u00a0(P)\/30fps\u00a0(N)<\/td>\n<\/tr>\n<tr>\n<td>Vaizdo sparta<\/td>\n<td>32\u00a0Kbps-10\u00a0Mbps<\/td>\n<\/tr>\n<tr>\n<td>Srauto tipas<\/td>\n<td>Video\/Video&amp;Audio<\/td>\n<\/tr>\n<tr>\n<td>Dvipusis garso ry\u0161ys<\/td>\n<td>1-ch,\u00a0RCA\u00a0(2.0\u00a0Vp-p,\u00a01\u00a0k\u03a9)\u00a0 (using\u00a0the\u00a0audio\u00a0input)<\/td>\n<\/tr>\n<tr>\n<td>Garso i\u0161vestis<\/td>\n<td>1-ch\u00a0RCA(Linear,\u00a01k\u03a9)<\/td>\n<\/tr>\n<tr>\n<td>Garso sparta<\/td>\n<td>64kbps<\/td>\n<\/tr>\n<tr>\n<td>Dvigubas srautas<\/td>\n<td>Support<\/td>\n<\/tr>\n<tr>\n<td>Atk\u016brimo rai\u0161ka<\/td>\n<td>5MP\/4MP\/3MP\/1080p\/720p\/ VGA\/WD1\/4CIF\/ CIF\/QVGA\/QCIF<\/td>\n<\/tr>\n<tr>\n<td>Sinchroninis atk\u016brimas<\/td>\n<td>4-ch<\/td>\n<\/tr>\n<tr>\n<td>Nuotolini\u0173 prisijungim\u0173 skai\u010dius<\/td>\n<td>128<\/td>\n<\/tr>\n<tr>\n<td>Tinklo protokolai<\/td>\n<td>TCP\/IP,\u00a0PPPoE,\u00a0DHCP,\u00a0Hik-connect\u00a0Cloud\u00a0P2P,DNS,\u00a0DDNS,\u00a0NTP, \u00a0SADP,\u00a0NFS,\u00a0iSCSI,\u00a0UPnP\u2122,\u00a0 HTTPS,ONVIF<\/td>\n<\/tr>\n<tr>\n<td>S\u0105sajos tipas<\/td>\n<td>1\u00a0SATA\u00a0Interface<\/td>\n<\/tr>\n<tr>\n<td>Talpa<\/td>\n<td>Up\u00a0to\u00a06\u00a0TB\u00a0capacity\u00a0for\u00a0each\u00a0disk<\/td>\n<\/tr>\n<tr>\n<td>Ry\u0161io s\u0105saja<\/td>\n<td>1;\u00a010M\u00a0\/\u00a0100M\u00a0self-adaptive\u00a0 Ethernet\u00a0interface<\/td>\n<\/tr>\n<tr>\n<td>USB s\u0105saja<\/td>\n<td>2\u00a0USB\u00a02.0\u00a0Interfaces<\/td>\n<\/tr>\n<tr>\n<td>Serial s\u0105saja<\/td>\n<td>1;\u00a0standard\u00a0RS-485\u00a0serial\u00a0interface, \u00a0half-duplex<\/td>\n<\/tr>\n<tr>\n<td>Pavojaus signalo \u012fvestys<\/td>\n<td>4-ch<\/td>\n<\/tr>\n<tr>\n<td>Pavojaus signalo i\u0161vestis<\/td>\n<td>1-ch<\/td>\n<\/tr>\n<tr>\n<td>Maitinimas<\/td>\n<td>12V\u00a0DC<\/td>\n<\/tr>\n<tr>\n<td>Energijos suvartojimas<\/td>\n<td>\u2264\u00a015W(without\u00a0hard\u00a0disks)<\/td>\n<\/tr>\n<tr>\n<td>Darbo temperat\u016bra<\/td>\n<td>-10\u00a0\u00baC\u00a0~+55\u00a0\u00baC\u00a0(14\u00a0\u00baF\u00a0~\u00a0131\u00a0\u00baF)<\/td>\n<\/tr>\n<tr>\n<td>Darbo dr\u0117gm\u0117<\/td>\n<td>10%\u00a0~\u00a090%<\/td>\n<\/tr>\n<tr>\n<td>Korpusas<\/td>\n<td>Standard\u00a01U\u00a0chassis<\/td>\n<\/tr>\n<tr>\n<td>I\u0161matavimai<\/td>\n<td>315\u00a0\u00d7\u00a0242\u00a0\u00d7\u00a045\u00a0mm<br \/>\n(12.4\u00a0\u00d7\u00a09.5\u00a0\u00d7\u00a01.8\u00a0inch)<\/td>\n<\/tr>\n<tr>\n<td>Svoris<\/td>\n<td>\u22641.5\u00a0kg(3.3lb)<\/td>\n<\/tr>\n<\/tbody>\n<\/table>\n","protected":false},"excerpt":{"rendered":"<p>H.264+ &amp; dvigubo srauto vaizdo suspaudimas, HD-TVI\/analog\/AHD\/IP kamer\u0173 palaikymas, channel@ 5MP rei\u0161ka ra\u0161ymo netikru laiku, HDMI i\u0161vestis iki 4K, VGA i\u0161vestis iki 1920\u00d71080P rai\u0161kos, ilgas perdavimo atstumas per koaksialin\u012f kabel\u012f, iki\u00a0 4 kanal\u0173 sinchroninis atk\u016brimas.<\/p>\n","protected":false},"featured_media":158,"comment_status":"closed","ping_status":"closed","template":"","meta":[],"product_brand":[],"product_cat":[63],"product_tag":[32],"class_list":{"0":"post-2253","1":"product","2":"type-product","3":"status-publish","4":"has-post-thumbnail","6":"product_cat-dvr-4-kanalu","7":"product_tag-hikvision","9":"first","10":"instock","11":"shipping-taxable","12":"purchasable","13":"product-type-simple"},"jetpack_sharing_enabled":true,"_links":{"self":[{"href":"https:\/\/apsaugos.lt\/index.php?rest_route=\/wp\/v2\/product\/2253","targetHints":{"allow":["GET"]}}],"collection":[{"href":"https:\/\/apsaugos.lt\/index.php?rest_route=\/wp\/v2\/product"}],"about":[{"href":"https:\/\/apsaugos.lt\/index.php?rest_route=\/wp\/v2\/types\/product"}],"replies":[{"embeddable":true,"href":"https:\/\/apsaugos.lt\/index.php?rest_route=%2Fwp%2Fv2%2Fcomments&post=2253"}],"wp:featuredmedia":[{"embeddable":true,"href":"https:\/\/apsaugos.lt\/index.php?rest_route=\/wp\/v2\/media\/158"}],"wp:attachment":[{"href":"https:\/\/apsaugos.lt\/index.php?rest_route=%2Fwp%2Fv2%2Fmedia&parent=2253"}],"wp:term":[{"taxonomy":"product_brand","embeddable":true,"href":"https:\/\/apsaugos.lt\/index.php?rest_route=%2Fwp%2Fv2%2Fproduct_brand&post=2253"},{"taxonomy":"product_cat","embeddable":true,"href":"https:\/\/apsaugos.lt\/index.php?rest_route=%2Fwp%2Fv2%2Fproduct_cat&post=2253"},{"taxonomy":"product_tag","embeddable":true,"href":"https:\/\/apsaugos.lt\/index.php?rest_route=%2Fwp%2Fv2%2Fproduct_tag&post=2253"}],"curies":[{"name":"wp","href":"https:\/\/api.w.org\/{rel}","templated":true}]}}