{"id":2259,"date":"2021-02-22T12:24:23","date_gmt":"2021-02-22T10:24:23","guid":{"rendered":"http:\/\/apsaugos.lt\/?product=import-placeholder-for-3421"},"modified":"2021-02-22T12:24:26","modified_gmt":"2021-02-22T10:24:26","slug":"mr-6005-mifare-korteliu-skaitytuvas","status":"publish","type":"product","link":"https:\/\/apsaugos.lt\/?product=mr-6005-mifare-korteliu-skaitytuvas","title":{"rendered":"MR-6005 MIFARE korteli\u0173 skaitytuvas"},"content":{"rendered":"<table border=\"0\" cellspacing=\"1\" cellpadding=\"4\">\n<tbody>\n<tr>\n<td bgcolor=\"#ffffff\">Maitinimas<\/td>\n<td bgcolor=\"#ffffff\">9-16 V DC<\/td>\n<\/tr>\n<tr>\n<td>Srov\u0117<\/td>\n<td>80 mA<\/td>\n<\/tr>\n<tr>\n<td bgcolor=\"#ffffff\">I\u0161\u0117jimas<\/td>\n<td bgcolor=\"#ffffff\">Wiegand 26 formatas (komunikacijos atstumas iki 80 m )<\/td>\n<\/tr>\n<tr>\n<td bgcolor=\"#ffffff\">Nuskaitymo nuotolis<\/td>\n<td bgcolor=\"#ffffff\">5-7cm<\/td>\n<\/tr>\n<tr>\n<td bgcolor=\"#ffffff\">I\u0161matavimai<\/td>\n<td bgcolor=\"#ffffff\">80*42*12.5mm<\/td>\n<\/tr>\n<tr>\n<td bgcolor=\"#ffffff\">Korpuso konstrukcija<\/td>\n<td bgcolor=\"#ffffff\">Vir\u0161tinkinis<\/td>\n<\/tr>\n<tr>\n<td bgcolor=\"#ffffff\">Spalva<\/td>\n<td bgcolor=\"#ffffff\">Tamsiai pilka<\/td>\n<\/tr>\n<\/tbody>\n<\/table>\n","protected":false},"excerpt":{"rendered":"<p>MIFARE Korteli\u0173 skaitytuvas skirtas darbui su kontroleriais Dvispalvis LED (Diodas ) Buzeris Palaikomos kortel\u0117s 13.56 MHz Atsparus dr\u0117gmei<\/p>\n","protected":false},"featured_media":192,"comment_status":"closed","ping_status":"closed","template":"","meta":[],"product_brand":[],"product_cat":[25],"product_tag":[69,70,26],"class_list":{"0":"post-2259","1":"product","2":"type-product","3":"status-publish","4":"has-post-thumbnail","6":"product_cat-korteliu-skaitytuvai","7":"product_tag-laiko-apskaita","8":"product_tag-mifare","9":"product_tag-praejimo-kontrole","11":"first","12":"instock","13":"shipping-taxable","14":"purchasable","15":"product-type-simple"},"jetpack_sharing_enabled":true,"_links":{"self":[{"href":"https:\/\/apsaugos.lt\/index.php?rest_route=\/wp\/v2\/product\/2259","targetHints":{"allow":["GET"]}}],"collection":[{"href":"https:\/\/apsaugos.lt\/index.php?rest_route=\/wp\/v2\/product"}],"about":[{"href":"https:\/\/apsaugos.lt\/index.php?rest_route=\/wp\/v2\/types\/product"}],"replies":[{"embeddable":true,"href":"https:\/\/apsaugos.lt\/index.php?rest_route=%2Fwp%2Fv2%2Fcomments&post=2259"}],"wp:featuredmedia":[{"embeddable":true,"href":"https:\/\/apsaugos.lt\/index.php?rest_route=\/wp\/v2\/media\/192"}],"wp:attachment":[{"href":"https:\/\/apsaugos.lt\/index.php?rest_route=%2Fwp%2Fv2%2Fmedia&parent=2259"}],"wp:term":[{"taxonomy":"product_brand","embeddable":true,"href":"https:\/\/apsaugos.lt\/index.php?rest_route=%2Fwp%2Fv2%2Fproduct_brand&post=2259"},{"taxonomy":"product_cat","embeddable":true,"href":"https:\/\/apsaugos.lt\/index.php?rest_route=%2Fwp%2Fv2%2Fproduct_cat&post=2259"},{"taxonomy":"product_tag","embeddable":true,"href":"https:\/\/apsaugos.lt\/index.php?rest_route=%2Fwp%2Fv2%2Fproduct_tag&post=2259"}],"curies":[{"name":"wp","href":"https:\/\/api.w.org\/{rel}","templated":true}]}}