{"id":2268,"date":"2021-02-22T12:24:24","date_gmt":"2021-02-22T10:24:24","guid":{"rendered":"http:\/\/apsaugos.lt\/?product=import-placeholder-for-3444"},"modified":"2021-02-22T12:24:27","modified_gmt":"2021-02-22T10:24:27","slug":"sm-500-elektromagnetas","status":"publish","type":"product","link":"https:\/\/apsaugos.lt\/?product=sm-500-elektromagnetas","title":{"rendered":"SM-500 Elektromagnetas"},"content":{"rendered":"<p>Maitinimas: 12VDC\/0.48A arba 24VDC\/0.24A<\/p>\n<p>Matmenys (plotis x auk\u0161tis x gylis): 265 x 71,8 x 38,8 mm<\/p>\n<p>Maksimali i\u0161laikoma traukimo j\u0117ga: 500 kg<\/p>\n<p>Montavimas: vir\u0161tinklinis<\/p>\n","protected":false},"excerpt":{"rendered":"<p>Maitinimas: 12VDC\/0.48A arba 24VDC\/0.24A Matmenys (plotis x auk\u0161tis x gylis): 265 x 71,8 x 38,8 mm Maksimali i\u0161laikoma traukimo j\u0117ga: 500 kg Montavimas: vir\u0161tinklinis<\/p>\n","protected":false},"featured_media":200,"comment_status":"closed","ping_status":"closed","template":"","meta":[],"product_brand":[],"product_cat":[77],"product_tag":[78],"class_list":{"0":"post-2268","1":"product","2":"type-product","3":"status-publish","4":"has-post-thumbnail","6":"product_cat-elektromagnetines-spynos","7":"product_tag-elektromagnetas","9":"first","10":"instock","11":"shipping-taxable","12":"purchasable","13":"product-type-simple"},"jetpack_sharing_enabled":true,"_links":{"self":[{"href":"https:\/\/apsaugos.lt\/index.php?rest_route=\/wp\/v2\/product\/2268","targetHints":{"allow":["GET"]}}],"collection":[{"href":"https:\/\/apsaugos.lt\/index.php?rest_route=\/wp\/v2\/product"}],"about":[{"href":"https:\/\/apsaugos.lt\/index.php?rest_route=\/wp\/v2\/types\/product"}],"replies":[{"embeddable":true,"href":"https:\/\/apsaugos.lt\/index.php?rest_route=%2Fwp%2Fv2%2Fcomments&post=2268"}],"wp:featuredmedia":[{"embeddable":true,"href":"https:\/\/apsaugos.lt\/index.php?rest_route=\/wp\/v2\/media\/200"}],"wp:attachment":[{"href":"https:\/\/apsaugos.lt\/index.php?rest_route=%2Fwp%2Fv2%2Fmedia&parent=2268"}],"wp:term":[{"taxonomy":"product_brand","embeddable":true,"href":"https:\/\/apsaugos.lt\/index.php?rest_route=%2Fwp%2Fv2%2Fproduct_brand&post=2268"},{"taxonomy":"product_cat","embeddable":true,"href":"https:\/\/apsaugos.lt\/index.php?rest_route=%2Fwp%2Fv2%2Fproduct_cat&post=2268"},{"taxonomy":"product_tag","embeddable":true,"href":"https:\/\/apsaugos.lt\/index.php?rest_route=%2Fwp%2Fv2%2Fproduct_tag&post=2268"}],"curies":[{"name":"wp","href":"https:\/\/api.w.org\/{rel}","templated":true}]}}