{"id":2270,"date":"2021-02-22T12:24:24","date_gmt":"2021-02-22T10:24:24","guid":{"rendered":"http:\/\/apsaugos.lt\/?product=import-placeholder-for-3446"},"modified":"2021-02-22T12:24:27","modified_gmt":"2021-02-22T10:24:27","slug":"abloy-el482","status":"publish","type":"product","link":"https:\/\/apsaugos.lt\/?product=abloy-el482","title":{"rendered":"ABLOY EL482"},"content":{"rendered":"<ul>\n<li>\u012etampa:\u00a012-24VDC<\/li>\n<li>Srov\u0117:\u00a0normal 550mA, max 270 mA<\/li>\n<li>Aplinkos temperat\u016bra:\u00a0-20 \u2013 +60C\u00b0<\/li>\n<li>Lie\u017euv\u0117lis:\u00a014 mm<\/li>\n<li>Backsets:\u00a029, 35 mm<\/li>\n<li>Rankenos \u0105\u0161el\u0117:\u00a08mm<\/li>\n<\/ul>\n","protected":false},"excerpt":{"rendered":"<p>\u012etampa:\u00a012-24VDC Srov\u0117:\u00a0normal 550mA, max 270 mA Aplinkos temperat\u016bra:\u00a0-20 \u2013 +60C\u00b0 Lie\u017euv\u0117lis:\u00a014 mm Backsets:\u00a029, 35 mm Rankenos \u0105\u0161el\u0117:\u00a08mm<\/p>\n","protected":false},"featured_media":202,"comment_status":"closed","ping_status":"closed","template":"","meta":[],"product_brand":[],"product_cat":[79],"product_tag":[80],"class_list":{"0":"post-2270","1":"product","2":"type-product","3":"status-publish","4":"has-post-thumbnail","6":"product_cat-elektromechanines-pridedamos","7":"product_tag-abloy","9":"first","10":"instock","11":"shipping-taxable","12":"purchasable","13":"product-type-simple"},"jetpack_sharing_enabled":true,"_links":{"self":[{"href":"https:\/\/apsaugos.lt\/index.php?rest_route=\/wp\/v2\/product\/2270","targetHints":{"allow":["GET"]}}],"collection":[{"href":"https:\/\/apsaugos.lt\/index.php?rest_route=\/wp\/v2\/product"}],"about":[{"href":"https:\/\/apsaugos.lt\/index.php?rest_route=\/wp\/v2\/types\/product"}],"replies":[{"embeddable":true,"href":"https:\/\/apsaugos.lt\/index.php?rest_route=%2Fwp%2Fv2%2Fcomments&post=2270"}],"wp:featuredmedia":[{"embeddable":true,"href":"https:\/\/apsaugos.lt\/index.php?rest_route=\/wp\/v2\/media\/202"}],"wp:attachment":[{"href":"https:\/\/apsaugos.lt\/index.php?rest_route=%2Fwp%2Fv2%2Fmedia&parent=2270"}],"wp:term":[{"taxonomy":"product_brand","embeddable":true,"href":"https:\/\/apsaugos.lt\/index.php?rest_route=%2Fwp%2Fv2%2Fproduct_brand&post=2270"},{"taxonomy":"product_cat","embeddable":true,"href":"https:\/\/apsaugos.lt\/index.php?rest_route=%2Fwp%2Fv2%2Fproduct_cat&post=2270"},{"taxonomy":"product_tag","embeddable":true,"href":"https:\/\/apsaugos.lt\/index.php?rest_route=%2Fwp%2Fv2%2Fproduct_tag&post=2270"}],"curies":[{"name":"wp","href":"https:\/\/api.w.org\/{rel}","templated":true}]}}