{"id":2272,"date":"2021-02-22T12:24:24","date_gmt":"2021-02-22T10:24:24","guid":{"rendered":"http:\/\/apsaugos.lt\/?product=import-placeholder-for-3448"},"modified":"2021-02-22T12:24:28","modified_gmt":"2021-02-22T10:24:28","slug":"yb-500a","status":"publish","type":"product","link":"https:\/\/apsaugos.lt\/?product=yb-500a","title":{"rendered":"YB-500A"},"content":{"rendered":"<p>Ilgo veikimo, 500000 cikl\u0173.<br \/>\nNer\u016bdijan\u010dio plieno korpusas atsparus auk\u0161tai temperat\u016brai, korozijai ir kitiems i\u0161oriniams veiksniams.<br \/>\nKomplektas su visais priedais, tinka visoms durims.<br \/>\nSertifikatas: \u201eC &amp; MA.<\/p>\n","protected":false},"excerpt":{"rendered":"<p>Ilgo veikimo, 500000 cikl\u0173. Ner\u016bdijan\u010dio plieno korpusas atsparus auk\u0161tai temperat\u016brai, korozijai ir kitiems i\u0161oriniams veiksniams. Komplektas su visais priedais, tinka visoms durims. Sertifikatas: \u201eC &amp; MA.<\/p>\n","protected":false},"featured_media":204,"comment_status":"closed","ping_status":"closed","template":"","meta":[],"product_brand":[],"product_cat":[81],"product_tag":[],"class_list":{"0":"post-2272","1":"product","2":"type-product","3":"status-publish","4":"has-post-thumbnail","6":"product_cat-strypines","8":"first","9":"instock","10":"shipping-taxable","11":"purchasable","12":"product-type-simple"},"jetpack_sharing_enabled":true,"_links":{"self":[{"href":"https:\/\/apsaugos.lt\/index.php?rest_route=\/wp\/v2\/product\/2272","targetHints":{"allow":["GET"]}}],"collection":[{"href":"https:\/\/apsaugos.lt\/index.php?rest_route=\/wp\/v2\/product"}],"about":[{"href":"https:\/\/apsaugos.lt\/index.php?rest_route=\/wp\/v2\/types\/product"}],"replies":[{"embeddable":true,"href":"https:\/\/apsaugos.lt\/index.php?rest_route=%2Fwp%2Fv2%2Fcomments&post=2272"}],"wp:featuredmedia":[{"embeddable":true,"href":"https:\/\/apsaugos.lt\/index.php?rest_route=\/wp\/v2\/media\/204"}],"wp:attachment":[{"href":"https:\/\/apsaugos.lt\/index.php?rest_route=%2Fwp%2Fv2%2Fmedia&parent=2272"}],"wp:term":[{"taxonomy":"product_brand","embeddable":true,"href":"https:\/\/apsaugos.lt\/index.php?rest_route=%2Fwp%2Fv2%2Fproduct_brand&post=2272"},{"taxonomy":"product_cat","embeddable":true,"href":"https:\/\/apsaugos.lt\/index.php?rest_route=%2Fwp%2Fv2%2Fproduct_cat&post=2272"},{"taxonomy":"product_tag","embeddable":true,"href":"https:\/\/apsaugos.lt\/index.php?rest_route=%2Fwp%2Fv2%2Fproduct_tag&post=2272"}],"curies":[{"name":"wp","href":"https:\/\/api.w.org\/{rel}","templated":true}]}}