{"id":2273,"date":"2021-02-22T12:24:24","date_gmt":"2021-02-22T10:24:24","guid":{"rendered":"http:\/\/apsaugos.lt\/?product=import-placeholder-for-3449"},"modified":"2021-02-22T12:24:28","modified_gmt":"2021-02-22T10:24:28","slug":"sb-300-elektrine-spyna-stiklo-durims","status":"publish","type":"product","link":"https:\/\/apsaugos.lt\/?product=sb-300-elektrine-spyna-stiklo-durims","title":{"rendered":"SB-300 Elektrine Spyna Stiklo Durims"},"content":{"rendered":"<p>U\u017erakto matmenys: 148Lx43WX39H(mm)<br \/>\nLaikiklio matmenys: 148Lx43WX39H(mm)<br \/>\nKai\u0161tis: 17mm<br \/>\n\u012etampa: 12VDC<br \/>\nJ\u0117ga: atlaiko 1000Kg<br \/>\nSkirta \u0161ioms durims: Medin\u0117ms, stiklin\u0117ms, metalin\u0117ms<br \/>\nVeikimo ciklas: 500000<br \/>\nMed\u017eiaga: ner\u016bd. plienas<br \/>\nSvoris: 1.3kg<\/p>\n","protected":false},"excerpt":{"rendered":"<p>U\u017erakto matmenys: 148Lx43WX39H(mm) Laikiklio matmenys: 148Lx43WX39H(mm) Kai\u0161tis: 17mm \u012etampa: 12VDC J\u0117ga: atlaiko 1000Kg Skirta \u0161ioms durims: Medin\u0117ms, stiklin\u0117ms, metalin\u0117ms Veikimo ciklas: 500000 Med\u017eiaga: ner\u016bd. plienas Svoris: 1.3kg<\/p>\n","protected":false},"featured_media":205,"comment_status":"closed","ping_status":"closed","template":"","meta":[],"product_brand":[],"product_cat":[81],"product_tag":[],"class_list":{"0":"post-2273","1":"product","2":"type-product","3":"status-publish","4":"has-post-thumbnail","6":"product_cat-strypines","8":"first","9":"instock","10":"shipping-taxable","11":"purchasable","12":"product-type-simple"},"jetpack_sharing_enabled":true,"_links":{"self":[{"href":"https:\/\/apsaugos.lt\/index.php?rest_route=\/wp\/v2\/product\/2273","targetHints":{"allow":["GET"]}}],"collection":[{"href":"https:\/\/apsaugos.lt\/index.php?rest_route=\/wp\/v2\/product"}],"about":[{"href":"https:\/\/apsaugos.lt\/index.php?rest_route=\/wp\/v2\/types\/product"}],"replies":[{"embeddable":true,"href":"https:\/\/apsaugos.lt\/index.php?rest_route=%2Fwp%2Fv2%2Fcomments&post=2273"}],"wp:featuredmedia":[{"embeddable":true,"href":"https:\/\/apsaugos.lt\/index.php?rest_route=\/wp\/v2\/media\/205"}],"wp:attachment":[{"href":"https:\/\/apsaugos.lt\/index.php?rest_route=%2Fwp%2Fv2%2Fmedia&parent=2273"}],"wp:term":[{"taxonomy":"product_brand","embeddable":true,"href":"https:\/\/apsaugos.lt\/index.php?rest_route=%2Fwp%2Fv2%2Fproduct_brand&post=2273"},{"taxonomy":"product_cat","embeddable":true,"href":"https:\/\/apsaugos.lt\/index.php?rest_route=%2Fwp%2Fv2%2Fproduct_cat&post=2273"},{"taxonomy":"product_tag","embeddable":true,"href":"https:\/\/apsaugos.lt\/index.php?rest_route=%2Fwp%2Fv2%2Fproduct_tag&post=2273"}],"curies":[{"name":"wp","href":"https:\/\/api.w.org\/{rel}","templated":true}]}}