{"id":2274,"date":"2021-02-22T12:24:24","date_gmt":"2021-02-22T10:24:24","guid":{"rendered":"http:\/\/apsaugos.lt\/?product=import-placeholder-for-3450"},"modified":"2021-02-22T12:24:29","modified_gmt":"2021-02-22T10:24:29","slug":"kodine-spyna-802-su-raktu-skaitytuvu","status":"publish","type":"product","link":"https:\/\/apsaugos.lt\/?product=kodine-spyna-802-su-raktu-skaitytuvu","title":{"rendered":"Kodin\u0117 Spyna 802 Su Rakt\u0173 Skaitytuvu"},"content":{"rendered":"<ul>\n<li>Maitinimo \u012ftampa 12V DC<\/li>\n<li>Naudojama srov\u0117 bud\u0117jimo re\u017eimu 20mA<\/li>\n<li>Spynos rel\u0117 3A<\/li>\n<li>Vartotoj\u0173 skai\u010dius 1000<\/li>\n<li>Atmintis EPROM,<\/li>\n<li>Skaitytuvo da\u017enis 125 kHz<\/li>\n<li>Naudojami kodai:<\/li>\n<\/ul>\n<ul>\n<li>1 x Pagrindinis kodas<\/li>\n<li>1000 Rakt\u0173 (RF raktai)<\/li>\n<li>1000 PIN kod\u0173<\/li>\n<\/ul>\n<ul>\n<li>Klaviat\u016bra 12 klavi\u0161\u0173; 3\u00d74 skaitmen\u0173<\/li>\n<li>Darbin\u0117 temperat\u016bra nuo -15 iki 60 laipsni\u0173 C<\/li>\n<li>ID kortel\u0117s tipas<\/li>\n<li>Apsaugos laipsnis IP44<\/li>\n<li>Skaitymo atstumas 3 \u2013 7 cm<\/li>\n<li>Spynos suveikimo laikas 0 \u2026 99 sekund\u017ei\u0173.<\/li>\n<li>I\u0161\u0117jimo aliarmo aktyvacijos laikas 0 \u2026 99 sekund\u017ei\u0173<\/li>\n<li>Aliarmo i\u0161\u0117jimo apkrova 3A<\/li>\n<li>PIN ilgis 4 \u2013 8 skaitmen\u0173.<\/li>\n<li>Mase 500g<\/li>\n<\/ul>\n","protected":false},"excerpt":{"rendered":"<p><strong>802<\/strong>\u00a0yra kodin\u0117 panel\u0117, turinti \u012fmontuot\u0105 korteli\u0173 skaitytuv\u0105. Ji yra skirta veikti tiek atskirai, tiek kaip kitos sistemos komponentas. Turi 1 r\u0117lin\u012f i\u0161\u0117jim\u0105. Skaitytuvas palaiko bekontak\u010di\u0173 korteli\u0173 ir el. rakt\u0173 125kHz format\u0105.<\/p>\n","protected":false},"featured_media":206,"comment_status":"closed","ping_status":"closed","template":"","meta":[],"product_brand":[],"product_cat":[28],"product_tag":[26],"class_list":{"0":"post-2274","1":"product","2":"type-product","3":"status-publish","4":"has-post-thumbnail","6":"product_cat-kodines-klaviaturos","7":"product_tag-praejimo-kontrole","9":"first","10":"instock","11":"shipping-taxable","12":"purchasable","13":"product-type-simple"},"jetpack_sharing_enabled":true,"_links":{"self":[{"href":"https:\/\/apsaugos.lt\/index.php?rest_route=\/wp\/v2\/product\/2274","targetHints":{"allow":["GET"]}}],"collection":[{"href":"https:\/\/apsaugos.lt\/index.php?rest_route=\/wp\/v2\/product"}],"about":[{"href":"https:\/\/apsaugos.lt\/index.php?rest_route=\/wp\/v2\/types\/product"}],"replies":[{"embeddable":true,"href":"https:\/\/apsaugos.lt\/index.php?rest_route=%2Fwp%2Fv2%2Fcomments&post=2274"}],"wp:featuredmedia":[{"embeddable":true,"href":"https:\/\/apsaugos.lt\/index.php?rest_route=\/wp\/v2\/media\/206"}],"wp:attachment":[{"href":"https:\/\/apsaugos.lt\/index.php?rest_route=%2Fwp%2Fv2%2Fmedia&parent=2274"}],"wp:term":[{"taxonomy":"product_brand","embeddable":true,"href":"https:\/\/apsaugos.lt\/index.php?rest_route=%2Fwp%2Fv2%2Fproduct_brand&post=2274"},{"taxonomy":"product_cat","embeddable":true,"href":"https:\/\/apsaugos.lt\/index.php?rest_route=%2Fwp%2Fv2%2Fproduct_cat&post=2274"},{"taxonomy":"product_tag","embeddable":true,"href":"https:\/\/apsaugos.lt\/index.php?rest_route=%2Fwp%2Fv2%2Fproduct_tag&post=2274"}],"curies":[{"name":"wp","href":"https:\/\/api.w.org\/{rel}","templated":true}]}}