{"id":2275,"date":"2021-02-22T12:24:24","date_gmt":"2021-02-22T10:24:24","guid":{"rendered":"http:\/\/apsaugos.lt\/?product=import-placeholder-for-3452"},"modified":"2021-02-22T12:24:29","modified_gmt":"2021-02-22T10:24:29","slug":"s-600em-atstuminiu-korteliu-skaitytuvas","status":"publish","type":"product","link":"https:\/\/apsaugos.lt\/?product=s-600em-atstuminiu-korteliu-skaitytuvas","title":{"rendered":"S-600EM atstumini\u0173 korteli\u0173 skaitytuvas"},"content":{"rendered":"<table border=\"0\" cellspacing=\"1\" cellpadding=\"4\">\n<tbody>\n<tr>\n<td bgcolor=\"#ffffff\">Maitinimas<\/td>\n<td bgcolor=\"#ffffff\"><span class=\"hps\">DC-12V<\/span><\/td>\n<\/tr>\n<tr>\n<td bgcolor=\"#ffffff\">Atmintis<\/td>\n<td bgcolor=\"#ffffff\">2000 korteli\u0173 \/ kod\u0173<\/td>\n<\/tr>\n<tr>\n<td bgcolor=\"#ffffff\">Suveikimo trukm\u0117 (sek)<\/td>\n<td bgcolor=\"#ffffff\">0-99<\/td>\n<\/tr>\n<tr>\n<td bgcolor=\"#ffffff\">I\u0161matavimai<\/td>\n<td bgcolor=\"#ffffff\">120x 56 x 18 (mm)<\/td>\n<\/tr>\n<tr>\n<td bgcolor=\"#ffffff\">Korpuso konstrukcija<\/td>\n<td bgcolor=\"#ffffff\">Vir\u0161tinkin\u0117<\/td>\n<\/tr>\n<tr>\n<td bgcolor=\"#ffffff\">Spalva<\/td>\n<td bgcolor=\"#ffffff\">Sidabrin\u0117<\/td>\n<\/tr>\n<\/tbody>\n<\/table>\n","protected":false},"excerpt":{"rendered":"<p>S-600 Atstumini\u0173 korteli\u0173 skaitytuvas \/ kodin\u0117 klaviat\u016bra ir kontroleris viename korpuse, antivandalinis, tinka lauko s\u0105lygoms. Metalinis korpusas ir ap\u0161vie\u010diami mygtukai. Montavimas: vir\u0161tinkinis.<\/p>\n","protected":false},"featured_media":62,"comment_status":"closed","ping_status":"closed","template":"","meta":[],"product_brand":[],"product_cat":[28],"product_tag":[26],"class_list":{"0":"post-2275","1":"product","2":"type-product","3":"status-publish","4":"has-post-thumbnail","6":"product_cat-kodines-klaviaturos","7":"product_tag-praejimo-kontrole","9":"first","10":"instock","11":"shipping-taxable","12":"purchasable","13":"product-type-simple"},"jetpack_sharing_enabled":true,"_links":{"self":[{"href":"https:\/\/apsaugos.lt\/index.php?rest_route=\/wp\/v2\/product\/2275","targetHints":{"allow":["GET"]}}],"collection":[{"href":"https:\/\/apsaugos.lt\/index.php?rest_route=\/wp\/v2\/product"}],"about":[{"href":"https:\/\/apsaugos.lt\/index.php?rest_route=\/wp\/v2\/types\/product"}],"replies":[{"embeddable":true,"href":"https:\/\/apsaugos.lt\/index.php?rest_route=%2Fwp%2Fv2%2Fcomments&post=2275"}],"wp:featuredmedia":[{"embeddable":true,"href":"https:\/\/apsaugos.lt\/index.php?rest_route=\/wp\/v2\/media\/62"}],"wp:attachment":[{"href":"https:\/\/apsaugos.lt\/index.php?rest_route=%2Fwp%2Fv2%2Fmedia&parent=2275"}],"wp:term":[{"taxonomy":"product_brand","embeddable":true,"href":"https:\/\/apsaugos.lt\/index.php?rest_route=%2Fwp%2Fv2%2Fproduct_brand&post=2275"},{"taxonomy":"product_cat","embeddable":true,"href":"https:\/\/apsaugos.lt\/index.php?rest_route=%2Fwp%2Fv2%2Fproduct_cat&post=2275"},{"taxonomy":"product_tag","embeddable":true,"href":"https:\/\/apsaugos.lt\/index.php?rest_route=%2Fwp%2Fv2%2Fproduct_tag&post=2275"}],"curies":[{"name":"wp","href":"https:\/\/api.w.org\/{rel}","templated":true}]}}