{"id":2276,"date":"2021-02-22T12:24:24","date_gmt":"2021-02-22T10:24:24","guid":{"rendered":"http:\/\/apsaugos.lt\/?product=import-placeholder-for-3453"},"modified":"2021-02-22T12:24:29","modified_gmt":"2021-02-22T10:24:29","slug":"nf-50-isejimo-mygtukas","status":"publish","type":"product","link":"https:\/\/apsaugos.lt\/?product=nf-50-isejimo-mygtukas","title":{"rendered":"NF-50 I\u0161\u0117jimo mygtukas"},"content":{"rendered":"<p>NF-50 I\u0161\u0117jimo mygtukas<\/p>\n<p>RED \u2013 NO<\/p>\n<p>YELLOW \u2013 NC<\/p>\n<p>WHITE \u2013 COM<\/p>\n<p>70 mm x 110 mm<\/p>\n","protected":false},"excerpt":{"rendered":"<p>NF-50 I\u0161\u0117jimo mygtukas RED \u2013 NO YELLOW \u2013 NC WHITE \u2013 COM 70 mm x 110 mm<\/p>\n","protected":false},"featured_media":207,"comment_status":"closed","ping_status":"closed","template":"","meta":[],"product_brand":[],"product_cat":[23],"product_tag":[],"class_list":{"0":"post-2276","1":"product","2":"type-product","3":"status-publish","4":"has-post-thumbnail","6":"product_cat-atidarymo-isejimo-mygtukai","8":"first","9":"instock","10":"shipping-taxable","11":"purchasable","12":"product-type-simple"},"jetpack_sharing_enabled":true,"_links":{"self":[{"href":"https:\/\/apsaugos.lt\/index.php?rest_route=\/wp\/v2\/product\/2276","targetHints":{"allow":["GET"]}}],"collection":[{"href":"https:\/\/apsaugos.lt\/index.php?rest_route=\/wp\/v2\/product"}],"about":[{"href":"https:\/\/apsaugos.lt\/index.php?rest_route=\/wp\/v2\/types\/product"}],"replies":[{"embeddable":true,"href":"https:\/\/apsaugos.lt\/index.php?rest_route=%2Fwp%2Fv2%2Fcomments&post=2276"}],"wp:featuredmedia":[{"embeddable":true,"href":"https:\/\/apsaugos.lt\/index.php?rest_route=\/wp\/v2\/media\/207"}],"wp:attachment":[{"href":"https:\/\/apsaugos.lt\/index.php?rest_route=%2Fwp%2Fv2%2Fmedia&parent=2276"}],"wp:term":[{"taxonomy":"product_brand","embeddable":true,"href":"https:\/\/apsaugos.lt\/index.php?rest_route=%2Fwp%2Fv2%2Fproduct_brand&post=2276"},{"taxonomy":"product_cat","embeddable":true,"href":"https:\/\/apsaugos.lt\/index.php?rest_route=%2Fwp%2Fv2%2Fproduct_cat&post=2276"},{"taxonomy":"product_tag","embeddable":true,"href":"https:\/\/apsaugos.lt\/index.php?rest_route=%2Fwp%2Fv2%2Fproduct_tag&post=2276"}],"curies":[{"name":"wp","href":"https:\/\/api.w.org\/{rel}","templated":true}]}}