{"id":2283,"date":"2021-02-22T12:24:25","date_gmt":"2021-02-22T10:24:25","guid":{"rendered":"http:\/\/apsaugos.lt\/?product=import-placeholder-for-3490"},"modified":"2021-02-22T12:24:30","modified_gmt":"2021-02-22T10:24:30","slug":"universalus-vartu-imtuvas-rx-multi","status":"publish","type":"product","link":"https:\/\/apsaugos.lt\/?product=universalus-vartu-imtuvas-rx-multi","title":{"rendered":"Universalus vart\u0173 imtuvas RX-MULTI"},"content":{"rendered":"\r\n<p style=\"text-align: center;\">Maitinimo \u012ftampa: 12-30 V DC\/AC\r\nPulteli\u0173 skai\u010dius : iki 400\r\nKanal\u0173 skai\u010dius : 2\r\nDa\u017enis : 300-868 MHz\r\nPalaikomas kodavimas : Kintamas bei pastovus<\/p>\r\n \r\n<figure class=\"wp-block-image\"><img decoding=\"async\" class=\"wp-image-2730 aligncenter\" src=\"http:\/\/ssgrupe.lt\/wp-content\/uploads\/2018\/12\/RX-multi-pulteliai-531x1024.jpg\" alt=\"\" \/><\/figure>\r\n","protected":false},"excerpt":{"rendered":"<p>Universalus vart\u0173\u00a0imtuvas skirtas populiariausi\u0173 vart\u0173 automatikos, kelio u\u017etvar\u0173 pulteli\u0173 programavimui bei priri\u0161imui prie i\u0161orini\u0173\u00a0\u012frengini\u0173 . Palaiko CAME, PROTECO, BFT, FAAC, NICE, HORRMAN ,LIFTMASTER, SOMMER bei kitus.<\/p>\n","protected":false},"featured_media":214,"comment_status":"closed","ping_status":"closed","template":"","meta":[],"product_brand":[],"product_cat":[83,84,86],"product_tag":[],"class_list":{"0":"post-2283","1":"product","2":"type-product","3":"status-publish","4":"has-post-thumbnail","6":"product_cat-distancinio-valdymo-pulteliai","7":"product_cat-distancinio-valdymo-pulteliai-kelio-uztvarai","8":"product_cat-distancinio-valdymo-pulteliai-apsaugos-sistemos","10":"first","11":"instock","12":"shipping-taxable","13":"purchasable","14":"product-type-simple"},"jetpack_sharing_enabled":true,"_links":{"self":[{"href":"https:\/\/apsaugos.lt\/index.php?rest_route=\/wp\/v2\/product\/2283","targetHints":{"allow":["GET"]}}],"collection":[{"href":"https:\/\/apsaugos.lt\/index.php?rest_route=\/wp\/v2\/product"}],"about":[{"href":"https:\/\/apsaugos.lt\/index.php?rest_route=\/wp\/v2\/types\/product"}],"replies":[{"embeddable":true,"href":"https:\/\/apsaugos.lt\/index.php?rest_route=%2Fwp%2Fv2%2Fcomments&post=2283"}],"wp:featuredmedia":[{"embeddable":true,"href":"https:\/\/apsaugos.lt\/index.php?rest_route=\/wp\/v2\/media\/214"}],"wp:attachment":[{"href":"https:\/\/apsaugos.lt\/index.php?rest_route=%2Fwp%2Fv2%2Fmedia&parent=2283"}],"wp:term":[{"taxonomy":"product_brand","embeddable":true,"href":"https:\/\/apsaugos.lt\/index.php?rest_route=%2Fwp%2Fv2%2Fproduct_brand&post=2283"},{"taxonomy":"product_cat","embeddable":true,"href":"https:\/\/apsaugos.lt\/index.php?rest_route=%2Fwp%2Fv2%2Fproduct_cat&post=2283"},{"taxonomy":"product_tag","embeddable":true,"href":"https:\/\/apsaugos.lt\/index.php?rest_route=%2Fwp%2Fv2%2Fproduct_tag&post=2283"}],"curies":[{"name":"wp","href":"https:\/\/api.w.org\/{rel}","templated":true}]}}