{"id":2284,"date":"2021-02-22T12:24:25","date_gmt":"2021-02-22T10:24:25","guid":{"rendered":"http:\/\/apsaugos.lt\/?product=import-placeholder-for-3491"},"modified":"2021-02-22T12:24:30","modified_gmt":"2021-02-22T10:24:30","slug":"i-multi-kintamo-kodo-pultelis","status":"publish","type":"product","link":"https:\/\/apsaugos.lt\/?product=i-multi-kintamo-kodo-pultelis","title":{"rendered":"I-MULTI kintamo kodo pultelis"},"content":{"rendered":"<p><iframe title=\"I multi kintamo kodo pultelio programavimas\" width=\"640\" height=\"360\" src=\"https:\/\/www.youtube.com\/embed\/dY-YJtaK9aI?feature=oembed\" frameborder=\"0\" allow=\"accelerometer; autoplay; clipboard-write; encrypted-media; gyroscope; picture-in-picture; web-share\" referrerpolicy=\"strict-origin-when-cross-origin\" allowfullscreen><\/iframe><\/p>\n","protected":false},"excerpt":{"rendered":"<p>I-MULTI Kintomo kodo pultelis<\/p>\n<p>Galimyb\u0117 \u012fra\u0161yti kodus iki 4 \u012frengini\u0173 (pvz. vartai+\u0161lagbaumas+gara\u017eo vartai+ap\u0161vietimas)<\/p>\n<p>Matmenys (mm) 35x55x13<\/p>\n<p>Galima priprogramuoti prie \u0161i\u0173 automatik\u0173:<\/p>\n<ul>\n<li>BFT,<\/li>\n<li>NICE,<\/li>\n<li>BENINCA,<\/li>\n<li>DEA,<\/li>\n<li>ERREKA,<\/li>\n<li>GBD,<\/li>\n<li>FOX,<\/li>\n<li>PUJOL,<\/li>\n<li>FAAC,<\/li>\n<li>MUTAN CODE,<\/li>\n<li>DOORHAN,<\/li>\n<li>APRIMATIC,<\/li>\n<li>PROTECO,<\/li>\n<li>DITEC,<\/li>\n<li>MOTORLINE,<\/li>\n<li>PRASTEL,<\/li>\n<li>ROLLTORE,<\/li>\n<li>KINGATE,<\/li>\n<li>CAME,<\/li>\n<li>KEY,<\/li>\n<li>ROGER,<\/li>\n<li>TANGO2,<\/li>\n<li>MARANTEC,<\/li>\n<li>LIFTMASTER.<\/li>\n<\/ul>\n","protected":false},"featured_media":244,"comment_status":"closed","ping_status":"closed","template":"","meta":[],"product_brand":[],"product_cat":[83,84,86],"product_tag":[],"class_list":{"0":"post-2284","1":"product","2":"type-product","3":"status-publish","4":"has-post-thumbnail","6":"product_cat-distancinio-valdymo-pulteliai","7":"product_cat-distancinio-valdymo-pulteliai-kelio-uztvarai","8":"product_cat-distancinio-valdymo-pulteliai-apsaugos-sistemos","10":"first","11":"instock","12":"shipping-taxable","13":"purchasable","14":"product-type-simple"},"jetpack_sharing_enabled":true,"_links":{"self":[{"href":"https:\/\/apsaugos.lt\/index.php?rest_route=\/wp\/v2\/product\/2284","targetHints":{"allow":["GET"]}}],"collection":[{"href":"https:\/\/apsaugos.lt\/index.php?rest_route=\/wp\/v2\/product"}],"about":[{"href":"https:\/\/apsaugos.lt\/index.php?rest_route=\/wp\/v2\/types\/product"}],"replies":[{"embeddable":true,"href":"https:\/\/apsaugos.lt\/index.php?rest_route=%2Fwp%2Fv2%2Fcomments&post=2284"}],"wp:featuredmedia":[{"embeddable":true,"href":"https:\/\/apsaugos.lt\/index.php?rest_route=\/wp\/v2\/media\/244"}],"wp:attachment":[{"href":"https:\/\/apsaugos.lt\/index.php?rest_route=%2Fwp%2Fv2%2Fmedia&parent=2284"}],"wp:term":[{"taxonomy":"product_brand","embeddable":true,"href":"https:\/\/apsaugos.lt\/index.php?rest_route=%2Fwp%2Fv2%2Fproduct_brand&post=2284"},{"taxonomy":"product_cat","embeddable":true,"href":"https:\/\/apsaugos.lt\/index.php?rest_route=%2Fwp%2Fv2%2Fproduct_cat&post=2284"},{"taxonomy":"product_tag","embeddable":true,"href":"https:\/\/apsaugos.lt\/index.php?rest_route=%2Fwp%2Fv2%2Fproduct_tag&post=2284"}],"curies":[{"name":"wp","href":"https:\/\/api.w.org\/{rel}","templated":true}]}}