{"id":2287,"date":"2021-02-22T12:24:31","date_gmt":"2021-02-22T10:24:31","guid":{"rendered":"http:\/\/apsaugos.lt\/?product=import-placeholder-for-3501"},"modified":"2021-02-22T12:24:34","modified_gmt":"2021-02-22T10:24:34","slug":"valdymo-plokste-dzx2-1","status":"publish","type":"product","link":"https:\/\/apsaugos.lt\/?product=valdymo-plokste-dzx2-1","title":{"rendered":"Valdymo plok\u0161t\u0117 DZX2.1"},"content":{"rendered":"<p>Kelio u\u017etvaro valdymo plok\u0161t\u0117 DZX2.1 . Naudojama 6 ir 4\u00a0 metr\u0173 kelio u\u017etvarose .<\/p>\n","protected":false},"excerpt":{"rendered":"<p>Kelio u\u017etvaro valdymo plok\u0161t\u0117 DZX2.1 . Naudojama 6 ir 4\u00a0 metr\u0173 kelio u\u017etvarose .<\/p>\n","protected":false},"featured_media":246,"comment_status":"closed","ping_status":"closed","template":"","meta":[],"product_brand":[],"product_cat":[88],"product_tag":[],"class_list":{"0":"post-2287","1":"product","2":"type-product","3":"status-publish","4":"has-post-thumbnail","6":"product_cat-atsargines-dalys","8":"first","9":"instock","10":"shipping-taxable","11":"purchasable","12":"product-type-simple"},"jetpack_sharing_enabled":true,"_links":{"self":[{"href":"https:\/\/apsaugos.lt\/index.php?rest_route=\/wp\/v2\/product\/2287","targetHints":{"allow":["GET"]}}],"collection":[{"href":"https:\/\/apsaugos.lt\/index.php?rest_route=\/wp\/v2\/product"}],"about":[{"href":"https:\/\/apsaugos.lt\/index.php?rest_route=\/wp\/v2\/types\/product"}],"replies":[{"embeddable":true,"href":"https:\/\/apsaugos.lt\/index.php?rest_route=%2Fwp%2Fv2%2Fcomments&post=2287"}],"wp:featuredmedia":[{"embeddable":true,"href":"https:\/\/apsaugos.lt\/index.php?rest_route=\/wp\/v2\/media\/246"}],"wp:attachment":[{"href":"https:\/\/apsaugos.lt\/index.php?rest_route=%2Fwp%2Fv2%2Fmedia&parent=2287"}],"wp:term":[{"taxonomy":"product_brand","embeddable":true,"href":"https:\/\/apsaugos.lt\/index.php?rest_route=%2Fwp%2Fv2%2Fproduct_brand&post=2287"},{"taxonomy":"product_cat","embeddable":true,"href":"https:\/\/apsaugos.lt\/index.php?rest_route=%2Fwp%2Fv2%2Fproduct_cat&post=2287"},{"taxonomy":"product_tag","embeddable":true,"href":"https:\/\/apsaugos.lt\/index.php?rest_route=%2Fwp%2Fv2%2Fproduct_tag&post=2287"}],"curies":[{"name":"wp","href":"https:\/\/api.w.org\/{rel}","templated":true}]}}