{"id":2289,"date":"2021-02-22T12:24:31","date_gmt":"2021-02-22T10:24:31","guid":{"rendered":"http:\/\/apsaugos.lt\/?product=import-placeholder-for-3503"},"modified":"2021-02-22T12:24:34","modified_gmt":"2021-02-22T10:24:34","slug":"hikvision-bullet-ds-2cd2t46g1-4i-sl-f2-8","status":"publish","type":"product","link":"https:\/\/apsaugos.lt\/?product=hikvision-bullet-ds-2cd2t46g1-4i-sl-f2-8","title":{"rendered":"Hikvision bullet DS-2CD2T46G1-4I\/SL F2.8"},"content":{"rendered":"<table border=\"1\">\n<tbody>\n<tr>\n<td>Sensorius<\/td>\n<td>1\/2.7&#8243; Progressive Scan CMOS<\/td>\n<\/tr>\n<tr>\n<td>Min. ap\u0161vietimas<\/td>\n<td>Color:\u00a00.012 Lux\u00a0@(F1.6,\u00a0AGC\u00a0ON),<\/p>\n<p>0 Lux\u00a0with IR<\/td>\n<\/tr>\n<tr>\n<td>U\u017erakto greitis<\/td>\n<td>1\/3 s to 1\/100, 000 s, support slow shutter<\/td>\n<\/tr>\n<tr>\n<td>Objektyvas<\/td>\n<td>2.8 mm<\/td>\n<\/tr>\n<tr>\n<td>FOV<\/td>\n<td>Horizontal field of view: 104\u00b0 Vertical field of view: 58\u00b0 Diagonal field of view: 124\u00b0<\/td>\n<\/tr>\n<tr>\n<td>Fokusavimas<\/td>\n<td>Auto<\/td>\n<\/tr>\n<tr>\n<td>Objektyvo montavimas<\/td>\n<td>\u03a614<\/td>\n<\/tr>\n<tr>\n<td>Diena \/ naktis<\/td>\n<td>IR cut filter<\/td>\n<\/tr>\n<tr>\n<td>Reguliavimas<\/td>\n<td>Pan: 0\u00b0 to 360\u00b0, tilt: 0\u00b0 to 90\u00b0, rotation: 0\u00b0 to 360\u00b0<\/td>\n<\/tr>\n<tr>\n<td>Skaitmeninis triuk\u0161mo slopinimas<\/td>\n<td>3D\u00a0DNR<\/td>\n<\/tr>\n<tr>\n<td>Platus dinaminis diapazonas<\/td>\n<td>120dB<\/td>\n<\/tr>\n<tr>\n<td>Vaizdo suspaudimas<\/td>\n<td>Main stream: H.265\/H.264 Sub-stream: H.265\/H.264\/MJPEG<\/td>\n<\/tr>\n<tr>\n<td>H.264 tipas<\/td>\n<td>Baseline Profile\/Main Profile\/High Profile<\/td>\n<\/tr>\n<tr>\n<td>H.264+<\/td>\n<td>Main stream supports<\/td>\n<\/tr>\n<tr>\n<td>H.265 tipas<\/td>\n<td>Main Profile<\/td>\n<\/tr>\n<tr>\n<td>H.265+<\/td>\n<td>Main stream supports<\/td>\n<\/tr>\n<tr>\n<td>Vaizdo sparta<\/td>\n<td>32 Kbps to 16 Mbps<\/td>\n<\/tr>\n<tr>\n<td>Maks. rai\u0161ka<\/td>\n<td>2688 \u00d7 1520<\/td>\n<\/tr>\n<tr>\n<td>Pagrindinio srauto kadrai per sek.<\/td>\n<td>50Hz: 25fps (2688 \u00d7 1520, 1920 \u00d7 1080, 1280 \u00d7 720)<\/p>\n<p>60Hz: 30fps\u00a0(2688 \u00d7 1520, 1920 \u00d7 1080, 1280 \u00d7 720)<\/td>\n<\/tr>\n<tr>\n<td>Antrinio srauto kadrai per sek.<\/td>\n<td>50Hz: 25fps (640 \u00d7 480, 640 \u00d7 360, 320 \u00d7 240)<\/p>\n<p>60Hz: 30fps (640 \u00d7 480, 640 \u00d7 360, 320 \u00d7 240)<\/td>\n<\/tr>\n<tr>\n<td>Vaizdo nustatymai<\/td>\n<td>Saturation, brightness, contrast, sharpness, AGC, white balance adjustable by client software or web browser<\/td>\n<\/tr>\n<tr>\n<td>Dienos \/ nakties perjungimas<\/td>\n<td>Day, Night, Auto, Schedule<\/td>\n<\/tr>\n<tr>\n<td>Tinklinis talpinimas<\/td>\n<td>Support Micro SD\/SDHC\/SDXC card (128G ), local storage and NAS (NFS,SMB\/CIFS), ANR<\/td>\n<\/tr>\n<tr>\n<td>Pavojaus signalo suk\u0117limas<\/td>\n<td>Motion detection, video tampering alarm, network disconnected, IP address conflicted, illegal login<\/td>\n<\/tr>\n<tr>\n<td>Protokolai<\/td>\n<td>TCP\/IP, ICMP, HTTP, HTTPS, FTP, DHCP, DNS, DDNS, RTP, RTSP, RTCP, NTP, UPnP\u2122, SMTP, IGMP,\u00a0802.1X, QoS, IPv6, UDP, Bonjour<\/td>\n<\/tr>\n<tr>\n<td>API<\/td>\n<td>ONVIF (PROFILE S, PROFILE G), ISAPI<\/td>\n<\/tr>\n<tr>\n<td>Pagrindin\u0117s fukcijos<\/td>\n<td>One-key reset, anti-flicker, heartbeat, mirror, password protection, privacy mask, watermark, IP address filter<\/td>\n<\/tr>\n<tr>\n<td>Ry\u0161io s\u0105saja<\/td>\n<td>1 RJ45 10M\/100M self-adaptive Ethernet port<\/td>\n<\/tr>\n<tr>\n<td>Reset mygtukas<\/td>\n<td>Yes<\/td>\n<\/tr>\n<tr>\n<td>Veikimo s\u0105lygos<\/td>\n<td>-30 \u00b0C to 60 \u00b0C (-22 \u00b0F to 140 \u00b0F), humidity: 95% or less (non-condensing)<\/td>\n<\/tr>\n<tr>\n<td>Maitinimas<\/td>\n<td>12 VDC \u00b1 25%, 5.5 mm coaxial power plug PoE (802.3af, class 3)<\/td>\n<\/tr>\n<tr>\n<td>Energijos suvartojimas<\/td>\n<td>12 VDC, 0.9 A, max. 6 W; PoE: (802.3af, 36 V to 57 V), 0.3 A to 0.1 A, max. 7.5 W<\/td>\n<\/tr>\n<tr>\n<td>IP apsaugos klas\u0117<\/td>\n<td>IP66<\/td>\n<\/tr>\n<tr>\n<td>IR ap\u0161vietimas<\/td>\n<td>Up to 80 m<\/td>\n<\/tr>\n<tr>\n<td>I\u0161matavimai<\/td>\n<td>\u03a6 105 mm \u00d7 292.2 mm (\u03a6 4.1&#8243; \u00d7 11.5&#8243;)<\/td>\n<\/tr>\n<tr>\n<td>Svoris<\/td>\n<td>Camera: approx. 1320 g (2.9 lb.) With package: approx. 1924 g (4.2 lb.)<\/td>\n<\/tr>\n<\/tbody>\n<\/table>\n","protected":false},"excerpt":{"rendered":"<p>4MP (MegaPixel) bullet IP kamera, PoE, H.265+, H.265, H.264+, H.264, AcuSense, 2.8mm, Powered by Darkfighter technologija, Iki 80m IR ap\u0161vietimas, Vieta SD kortelei (iki 128GB), IP67, PoE<\/p>\n","protected":false},"featured_media":247,"comment_status":"closed","ping_status":"closed","template":"","meta":[],"product_brand":[],"product_cat":[89],"product_tag":[32,34],"class_list":{"0":"post-2289","1":"product","2":"type-product","3":"status-publish","4":"has-post-thumbnail","6":"product_cat-4-mpx-ip-kameros-hikvision","7":"product_tag-hikvision","8":"product_tag-stebejimo-kameros","10":"first","11":"instock","12":"shipping-taxable","13":"product-type-simple"},"jetpack_sharing_enabled":true,"_links":{"self":[{"href":"https:\/\/apsaugos.lt\/index.php?rest_route=\/wp\/v2\/product\/2289","targetHints":{"allow":["GET"]}}],"collection":[{"href":"https:\/\/apsaugos.lt\/index.php?rest_route=\/wp\/v2\/product"}],"about":[{"href":"https:\/\/apsaugos.lt\/index.php?rest_route=\/wp\/v2\/types\/product"}],"replies":[{"embeddable":true,"href":"https:\/\/apsaugos.lt\/index.php?rest_route=%2Fwp%2Fv2%2Fcomments&post=2289"}],"wp:featuredmedia":[{"embeddable":true,"href":"https:\/\/apsaugos.lt\/index.php?rest_route=\/wp\/v2\/media\/247"}],"wp:attachment":[{"href":"https:\/\/apsaugos.lt\/index.php?rest_route=%2Fwp%2Fv2%2Fmedia&parent=2289"}],"wp:term":[{"taxonomy":"product_brand","embeddable":true,"href":"https:\/\/apsaugos.lt\/index.php?rest_route=%2Fwp%2Fv2%2Fproduct_brand&post=2289"},{"taxonomy":"product_cat","embeddable":true,"href":"https:\/\/apsaugos.lt\/index.php?rest_route=%2Fwp%2Fv2%2Fproduct_cat&post=2289"},{"taxonomy":"product_tag","embeddable":true,"href":"https:\/\/apsaugos.lt\/index.php?rest_route=%2Fwp%2Fv2%2Fproduct_tag&post=2289"}],"curies":[{"name":"wp","href":"https:\/\/api.w.org\/{rel}","templated":true}]}}