{"id":2293,"date":"2021-02-22T12:24:32","date_gmt":"2021-02-22T10:24:32","guid":{"rendered":"http:\/\/apsaugos.lt\/?product=import-placeholder-for-3510"},"modified":"2021-02-22T12:24:35","modified_gmt":"2021-02-22T10:24:35","slug":"hikvision-bullet-ds-2cd1043-i-f2-8-juoda","status":"publish","type":"product","link":"https:\/\/apsaugos.lt\/?product=hikvision-bullet-ds-2cd1043-i-f2-8-juoda","title":{"rendered":"Hikvision bullet DS-2CD1043-I F2.8 (juoda)"},"content":{"rendered":"<table border=\"1\">\n<tbody>\n<tr>\n<td>Sensorius<\/td>\n<td>1\/3&#8243; Progressive Scan CMOS<\/td>\n<\/tr>\n<tr>\n<td>Min. ap\u0161vietimas<\/td>\n<td>Color: 0.01 Lux @(F1.2, AGC ON), 0.028Lux @ (F2.0, AGC ON)<\/td>\n<\/tr>\n<tr>\n<td>U\u017erakto laikas<\/td>\n<td>1\/3s to 1\/100,000 s<\/td>\n<\/tr>\n<tr>\n<td>Objektyvas<\/td>\n<td>2.8mm,\u00a0horizontal\u00a0FOV\u00a0100\u00b0,\u00a0vertical\u00a0FOV\u00a055\u00b0, diagonal\u00a0FOV\u00a0117\u00b0<\/td>\n<\/tr>\n<tr>\n<td>Objektyvo montavimas<\/td>\n<td>M12<\/td>\n<\/tr>\n<tr>\n<td>Diena \/ naktis<\/td>\n<td>IR cut filter<\/td>\n<\/tr>\n<tr>\n<td>DNR<\/td>\n<td>3D DNR<\/td>\n<\/tr>\n<tr>\n<td>WDR<\/td>\n<td>Digital WDR<\/td>\n<\/tr>\n<tr>\n<td>Vaizdo suspaudimas<\/td>\n<td>Main\u00a0stream:\u00a0H.265\/H.264<\/p>\n<p>Sub\u00a0stream: H.265\/H.264\/MJPEG<\/td>\n<\/tr>\n<tr>\n<td>H.264 tipas<\/td>\n<td>Baseline Profile\/Main Profile\/High Profile<\/td>\n<\/tr>\n<tr>\n<td>H.264+<\/td>\n<td>Main stream supports<\/td>\n<\/tr>\n<tr>\n<td>H.265 tipas<\/td>\n<td>Main Profile<\/td>\n<\/tr>\n<tr>\n<td>H.265+<\/td>\n<td>Main stream supports<\/td>\n<\/tr>\n<tr>\n<td>Vaizdo sparta<\/td>\n<td>32 Kbps to 8 Mbps<\/td>\n<\/tr>\n<tr>\n<td>Maks. rai\u0161ka<\/td>\n<td>2560\u00a0\u00d7\u00a01440<\/td>\n<\/tr>\n<tr>\n<td>Kadrai per sek.<\/td>\n<td>50Hz: 20fps (2560 \u00d7 1440), 25fps (2304 \u00d7 1296, 1920 \u00d7 1080, 1280 \u00d7 720)<\/p>\n<p>60Hz: 20fps (2560 \u00d7 1440), 30fps (2304 \u00d7 1296, 1920 \u00d7 1080, 1280 \u00d7 720)<\/td>\n<\/tr>\n<tr>\n<td>Antrinis srautas<\/td>\n<td>50Hz: 25fps (640 \u00d7 480, 640 \u00d7 360, 320 \u00d7 240)<\/p>\n<p>60Hz: 30fps (640 \u00d7 480, 640 \u00d7 360, 320 \u00d7 240)<\/td>\n<\/tr>\n<tr>\n<td>Vaizdo nustatymai<\/td>\n<td>Saturation, brightness, contrast, sharpness, AGC, white balance adjustable by client software or web browser<\/td>\n<\/tr>\n<tr>\n<td>Tinklinis talpinimas<\/td>\n<td>NAS (NFS, SMB\/CIFS)<\/td>\n<\/tr>\n<tr>\n<td>Pavojaus signalo suk\u0117limas<\/td>\n<td>Motion detection, video tampering alarm, illegal login<\/td>\n<\/tr>\n<tr>\n<td>Protokolai<\/td>\n<td>TCP\/IP, ICMP, HTTP, HTTPS, FTP, DHCP, DNS, DDNS, RTP, RTSP, RTCP, PPPoE, NTP, UPnP, SMTP, SNMP, IGMP, 802.1X, QoS, IPv6, UDP, Bonjour<\/td>\n<\/tr>\n<tr>\n<td>Pagrindin\u0117s funkcijos<\/td>\n<td>One-key reset, anti-flicker, heartbeat, mirror, password protection, privacy mask, watermark, IP address filter<\/td>\n<\/tr>\n<tr>\n<td>Standartai<\/td>\n<td>ONVIF (PROFILE S, PROFILE G), ISAPI<\/td>\n<\/tr>\n<tr>\n<td>Ry\u0161io s\u0105saja<\/td>\n<td>1 RJ45 10M\/100M self-adaptive Ethernet port<\/td>\n<\/tr>\n<tr>\n<td>Veikimo s\u0105lygos<\/td>\n<td>-30 \u00b0C to 50 \u00b0C (-22 \u00b0F to 122 \u00b0F), humidity: 95% or less (non-condensing)<\/td>\n<\/tr>\n<tr>\n<td>Maitinimas<\/td>\n<td>12 VDC \u00b1 25%, 5.5 mm coaxial power plug PoE (802.3af, class 3)<\/td>\n<\/tr>\n<tr>\n<td>Energijos suvartojimas<\/td>\n<td>12 VDC, 0.4 A, Max: 5 W PoE: (802.3af, 36 V to 57 V), 0.2 A to 0.13 A, Max: 7 W<\/td>\n<\/tr>\n<tr>\n<td>IR ap\u0161vietimas<\/td>\n<td>Up to 30 m<\/td>\n<\/tr>\n<tr>\n<td>IP apsaugos klas\u0117<\/td>\n<td>IP67<\/td>\n<\/tr>\n<tr>\n<td>Svoris<\/td>\n<td>280g<\/td>\n<\/tr>\n<\/tbody>\n<\/table>\n","protected":false},"excerpt":{"rendered":"<p>4MP (MegaPixel) juoda bullet IP kamera, PoE, H.265+, H.265, H.264+, H.264, 2.8mm objektyvas, Iki 30m IR ap\u0161vietimas, IP67<\/p>\n","protected":false},"featured_media":250,"comment_status":"closed","ping_status":"closed","template":"","meta":[],"product_brand":[],"product_cat":[89],"product_tag":[32,34],"class_list":{"0":"post-2293","1":"product","2":"type-product","3":"status-publish","4":"has-post-thumbnail","6":"product_cat-4-mpx-ip-kameros-hikvision","7":"product_tag-hikvision","8":"product_tag-stebejimo-kameros","10":"first","11":"instock","12":"shipping-taxable","13":"purchasable","14":"product-type-simple"},"jetpack_sharing_enabled":true,"_links":{"self":[{"href":"https:\/\/apsaugos.lt\/index.php?rest_route=\/wp\/v2\/product\/2293","targetHints":{"allow":["GET"]}}],"collection":[{"href":"https:\/\/apsaugos.lt\/index.php?rest_route=\/wp\/v2\/product"}],"about":[{"href":"https:\/\/apsaugos.lt\/index.php?rest_route=\/wp\/v2\/types\/product"}],"replies":[{"embeddable":true,"href":"https:\/\/apsaugos.lt\/index.php?rest_route=%2Fwp%2Fv2%2Fcomments&post=2293"}],"wp:featuredmedia":[{"embeddable":true,"href":"https:\/\/apsaugos.lt\/index.php?rest_route=\/wp\/v2\/media\/250"}],"wp:attachment":[{"href":"https:\/\/apsaugos.lt\/index.php?rest_route=%2Fwp%2Fv2%2Fmedia&parent=2293"}],"wp:term":[{"taxonomy":"product_brand","embeddable":true,"href":"https:\/\/apsaugos.lt\/index.php?rest_route=%2Fwp%2Fv2%2Fproduct_brand&post=2293"},{"taxonomy":"product_cat","embeddable":true,"href":"https:\/\/apsaugos.lt\/index.php?rest_route=%2Fwp%2Fv2%2Fproduct_cat&post=2293"},{"taxonomy":"product_tag","embeddable":true,"href":"https:\/\/apsaugos.lt\/index.php?rest_route=%2Fwp%2Fv2%2Fproduct_tag&post=2293"}],"curies":[{"name":"wp","href":"https:\/\/api.w.org\/{rel}","templated":true}]}}