{"id":2298,"date":"2021-02-22T12:24:32","date_gmt":"2021-02-22T10:24:32","guid":{"rendered":"http:\/\/apsaugos.lt\/?product=import-placeholder-for-3516"},"modified":"2021-02-22T12:24:36","modified_gmt":"2021-02-22T10:24:36","slug":"hikvision-ds-2cd1341-i-f2-8","status":"publish","type":"product","link":"https:\/\/apsaugos.lt\/?product=hikvision-ds-2cd1341-i-f2-8","title":{"rendered":"Hikvision DS-2CD1341-I F2.8"},"content":{"rendered":"<table border=\"0\" cellspacing=\"0\">\n<tbody>\n<tr>\n<td colspan=\"2\" bgcolor=\"#c0c0c0\">amera<\/td>\n<\/tr>\n<tr>\n<td>Image Sensor<\/td>\n<td>1\/3&#8243; progressive scan CMOS<\/td>\n<\/tr>\n<tr>\n<td>Min. Illumination<\/td>\n<td>Color: 0.01Lux @(F1.2,AGC ON),0 Lux with IR<\/td>\n<\/tr>\n<tr>\n<td>Shutter Speed<\/td>\n<td>1\/3s to 1\/100,000 s, supportslow shutter<\/td>\n<\/tr>\n<tr>\n<td>Lens<\/td>\n<td>2.8mm@F2.0@F2.0, horizontal field of view 55\u00b0<\/td>\n<\/tr>\n<tr>\n<td>Lens Mount<\/td>\n<td>M12<\/td>\n<\/tr>\n<tr>\n<td>Day &amp;Night<\/td>\n<td>IR cut filter with auto switch<\/td>\n<\/tr>\n<tr>\n<td>3-Axis Adjustment<\/td>\n<td>Pan: 0\u00b0 to 360\u00b0, tilt: 0\u00b0to 75\u00b0, rotation:0\u00b0 to 360\u00b0<\/td>\n<\/tr>\n<tr>\n<td>DNR(Digital Noise Reduction)<\/td>\n<td>3D DNR<\/td>\n<\/tr>\n<tr>\n<td>WDR (Wide Dynamic Range)<\/td>\n<td>Digital WDR<\/td>\n<\/tr>\n<tr>\n<td bgcolor=\"#c0c0c0\">Compression Standard<\/td>\n<td bgcolor=\"#c0c0c0\"><\/td>\n<\/tr>\n<tr>\n<td>Video Compression<\/td>\n<td>Main stream: H.264+\/H.264 Sub stream: H.264\/MJPEG<\/td>\n<\/tr>\n<tr>\n<td>H.264 Type<\/td>\n<td>Main Profile\/High profile<\/td>\n<\/tr>\n<tr>\n<td>Video Bit Rate<\/td>\n<td>32 Kbps to 16 Mbps<\/td>\n<\/tr>\n<tr>\n<td colspan=\"2\" bgcolor=\"#c0c0c0\">Image<\/td>\n<\/tr>\n<tr>\n<td>Max. Resolution<\/td>\n<td>2688 \u00d7 1520<\/td>\n<\/tr>\n<tr>\n<td>Main Stream Max. Frame Rate<\/td>\n<td>50Hz: 20fps @(2688 \u00d7 1520),20fps @(2304 \u00d7 1296), 25fps @(1920 \u00d7 1080, 1280 \u00d7 720)<\/p>\n<p>60Hz:20fps @(2688 \u00d7 1520),20fps @(2304 \u00d7 1296), 30fps @(1920 \u00d7 1080, 1280 \u00d7 720)<\/td>\n<\/tr>\n<tr>\n<td>Sub-stream Max. Frame Rate<\/td>\n<td>50Hz: 25fps @(640 \u00d7 360, 352 \u00d7 288)<\/p>\n<p>60Hz: 30fps @(640 \u00d7 360, 352 \u00d7 240)<\/td>\n<\/tr>\n<tr>\n<td>Image Settings<\/td>\n<td>Brightness, saturation, contrast, sharpness are adjustable via web browser or client software<\/td>\n<\/tr>\n<tr>\n<td>Day\/Night Switch<\/td>\n<td>Support auto, scheduled<\/td>\n<\/tr>\n<tr>\n<td>Others<\/td>\n<td>Mirror, BLC (area configurable), region of interest (support 1 fixed region)<\/td>\n<\/tr>\n<tr>\n<td colspan=\"2\" bgcolor=\"#c0c0c0\">Network<\/td>\n<\/tr>\n<tr>\n<td>Network Storage<\/td>\n<td>NAS (NFS,SMB\/CIFS)<\/td>\n<\/tr>\n<tr>\n<td>Detections<\/td>\n<td>Motion detection<\/td>\n<\/tr>\n<tr>\n<td>Alarms<\/td>\n<td>Video tampering, network disconnected, IP address conflicted<\/td>\n<\/tr>\n<tr>\n<td>Protocols<\/td>\n<td>TCP\/IP,ICMP, HTTP,HTTPS,FTP, DHCP,DNS, DDNS,RTP, RTSP,RTCP, NTP,UPnP,SMTP,SNMP, IGMP,802.1X,QoS,IPv6,Bonjour<\/td>\n<\/tr>\n<tr>\n<td>Standard<\/td>\n<td>ONVIF(PROFILE S,PROFILE G), PSIA,CGI,ISAPI<\/td>\n<\/tr>\n<tr>\n<td>General Function<\/td>\n<td>Anti-flicker, heartbeat, mirror, password protection, privacy mask, watermark, IP address filter<\/td>\n<\/tr>\n<tr>\n<td bgcolor=\"#c0c0c0\">Interface<\/td>\n<td bgcolor=\"#c0c0c0\"><\/td>\n<\/tr>\n<tr>\n<td>Communication Interface<\/td>\n<td>1 RJ45 10M\/100M self-adaptive Ethernet port<\/td>\n<\/tr>\n<tr>\n<td colspan=\"2\" bgcolor=\"#c0c0c0\">General<\/td>\n<\/tr>\n<tr>\n<td>Operating Conditions<\/td>\n<td>-30 \u00b0C to60 \u00b0C (-22 \u00b0F to140 \u00b0F), humidity: 95% or less (non-condensing)<\/td>\n<\/tr>\n<tr>\n<td>Power Supply<\/td>\n<td>12 VDC \u00b1 25%, PoE (802.3af)<\/td>\n<\/tr>\n<tr>\n<td>Power Consumption<\/td>\n<td>Max. 4 W\/6 W (PoE)<\/td>\n<\/tr>\n<tr>\n<td>Ingress Protection<\/td>\n<td>IP67<\/td>\n<\/tr>\n<tr>\n<td>IR Range<\/td>\n<td>Up to 30 m<\/td>\n<\/tr>\n<tr>\n<td>Dimensions<\/td>\n<td>\u03a6 110 mm \u00d7 93.2 mm (4.33&#8243;\u00d7 3.67&#8243;)<\/td>\n<\/tr>\n<tr>\n<td>Weight<\/td>\n<td>570 g (1.3 lb.)<\/td>\n<\/tr>\n<\/tbody>\n<\/table>\n","protected":false},"excerpt":{"rendered":"<p>4MP IP dome kamera, 30m IR pa\u0161vietimas, Digital WDR \/ 3D DNR, IP67, Mobilus steb\u0117jimas per Hik-Connect.<\/p>\n","protected":false},"featured_media":251,"comment_status":"closed","ping_status":"closed","template":"","meta":[],"product_brand":[],"product_cat":[89],"product_tag":[32,34],"class_list":{"0":"post-2298","1":"product","2":"type-product","3":"status-publish","4":"has-post-thumbnail","6":"product_cat-4-mpx-ip-kameros-hikvision","7":"product_tag-hikvision","8":"product_tag-stebejimo-kameros","10":"first","11":"instock","12":"shipping-taxable","13":"purchasable","14":"product-type-simple"},"jetpack_sharing_enabled":true,"_links":{"self":[{"href":"https:\/\/apsaugos.lt\/index.php?rest_route=\/wp\/v2\/product\/2298","targetHints":{"allow":["GET"]}}],"collection":[{"href":"https:\/\/apsaugos.lt\/index.php?rest_route=\/wp\/v2\/product"}],"about":[{"href":"https:\/\/apsaugos.lt\/index.php?rest_route=\/wp\/v2\/types\/product"}],"replies":[{"embeddable":true,"href":"https:\/\/apsaugos.lt\/index.php?rest_route=%2Fwp%2Fv2%2Fcomments&post=2298"}],"wp:featuredmedia":[{"embeddable":true,"href":"https:\/\/apsaugos.lt\/index.php?rest_route=\/wp\/v2\/media\/251"}],"wp:attachment":[{"href":"https:\/\/apsaugos.lt\/index.php?rest_route=%2Fwp%2Fv2%2Fmedia&parent=2298"}],"wp:term":[{"taxonomy":"product_brand","embeddable":true,"href":"https:\/\/apsaugos.lt\/index.php?rest_route=%2Fwp%2Fv2%2Fproduct_brand&post=2298"},{"taxonomy":"product_cat","embeddable":true,"href":"https:\/\/apsaugos.lt\/index.php?rest_route=%2Fwp%2Fv2%2Fproduct_cat&post=2298"},{"taxonomy":"product_tag","embeddable":true,"href":"https:\/\/apsaugos.lt\/index.php?rest_route=%2Fwp%2Fv2%2Fproduct_tag&post=2298"}],"curies":[{"name":"wp","href":"https:\/\/api.w.org\/{rel}","templated":true}]}}