{"id":2299,"date":"2021-02-22T12:24:32","date_gmt":"2021-02-22T10:24:32","guid":{"rendered":"http:\/\/apsaugos.lt\/?product=import-placeholder-for-3518"},"modified":"2021-02-22T12:24:36","modified_gmt":"2021-02-22T10:24:36","slug":"hikvision-ds-2cd2h43g0-izs","status":"publish","type":"product","link":"https:\/\/apsaugos.lt\/?product=hikvision-ds-2cd2h43g0-izs","title":{"rendered":"Hikvision DS-2CD2H43G0-IZS"},"content":{"rendered":"<table>\n<tbody>\n<tr>\n<td>Image Sensor:<\/td>\n<td width=\"15\">|<\/td>\n<td>1\/3&#8243; Progressive Scan CMOS<\/td>\n<\/tr>\n<tr>\n<td>Signal System:<\/td>\n<td width=\"15\">|<\/td>\n<td>PAL\/NTSC<\/td>\n<\/tr>\n<tr>\n<td>Min. Illumination:<\/td>\n<td width=\"15\">|<\/td>\n<td>Color: 0.01 Lux @ (F1.2, AGC ON), 0.018 Lux @ (F1.6, AGC ON), 0 Lux with IR<\/td>\n<\/tr>\n<tr>\n<td>Shutter time:<\/td>\n<td width=\"15\">|<\/td>\n<td>1\/3 s to 1\/100,000 s<\/td>\n<\/tr>\n<tr>\n<td>Slow shutter:<\/td>\n<td width=\"15\">|<\/td>\n<td>Support<\/td>\n<\/tr>\n<tr>\n<td>Lens:<\/td>\n<td width=\"15\">|<\/td>\n<td>horizontal FOV: 98\u00b0 to 28\u00b0<br \/>\nvertical FOV: 51\u00b0 to 16\u00b0<br \/>\ndiagonal FOV: 115\u00b0 to 32\u00b0<\/td>\n<\/tr>\n<tr>\n<td>Lens Mount:<\/td>\n<td width=\"15\">|<\/td>\n<td>\u03c614<\/td>\n<\/tr>\n<tr>\n<td>Adjustment Range:<\/td>\n<td width=\"15\">|<\/td>\n<td>Pan: 0\u00b0 to 355\u00b0, tilt: 0\u00b0 to 75\u00b0, rotate: 0\u00b0 to 360\u00b0<\/td>\n<\/tr>\n<tr>\n<td>Day&amp; Night:<\/td>\n<td width=\"15\">|<\/td>\n<td>IR cut filter with auto switch<\/td>\n<\/tr>\n<tr>\n<td>Wide Dynamic Range:<\/td>\n<td width=\"15\">|<\/td>\n<td>120 dB<\/td>\n<\/tr>\n<tr>\n<td>Digital noise reduction:<\/td>\n<td width=\"15\">|<\/td>\n<td>3D DNR<\/td>\n<\/tr>\n<tr>\n<th colspan=\"3\" scope=\"col\" height=\"50\">Compression Standard<\/th>\n<\/tr>\n<tr>\n<td>Video bit rate:<\/td>\n<td width=\"15\">|<\/td>\n<td>32Kbps~16Mbps<\/td>\n<\/tr>\n<tr>\n<td>Audio bit rate:<\/td>\n<td width=\"15\">|<\/td>\n<td>64Kbps(G.711)\/16Kbps(G.722.1)\/16Kbps(G.726)\/32-192Kbps(MP2L2)<\/td>\n<\/tr>\n<tr>\n<td>Triple Streams:<\/td>\n<td width=\"15\">|<\/td>\n<td>Yes<\/td>\n<\/tr>\n<tr>\n<th colspan=\"3\" scope=\"col\" height=\"50\">Image<\/th>\n<\/tr>\n<tr>\n<td>Frame Rate:<\/td>\n<td width=\"15\">|<\/td>\n<td>50Hz: 25fps (2560 \u00d7 1440, 2304 \u00d7 1296, 1920 \u00d7 1080)<br \/>\n60Hz: 30fps (2560 \u00d7 1440, 2304 \u00d7 1296, 1920 \u00d7 1080)<\/td>\n<\/tr>\n<tr>\n<td>Main Stream:<\/td>\n<td width=\"15\">|<\/td>\n<td>50Hz: 25fps (640 \u00d7 480, 640 \u00d7 360, 320 \u00d7 240)<br \/>\n60Hz: 30fps (640 \u00d7 480, 640 \u00d7 360, 320 \u00d7 240)<\/td>\n<\/tr>\n<tr>\n<td>Third Stream:<\/td>\n<td width=\"15\">|<\/td>\n<td>50Hz: 25fps (1280 \u00d7 720, 640 \u00d7 360, 352 \u00d7 288)<br \/>\n60Hz: 30fps (1280 \u00d7 720, 640 \u00d7 360, 352 \u00d7 240)<\/td>\n<\/tr>\n<tr>\n<td>Image Enhancement:<\/td>\n<td width=\"15\">|<\/td>\n<td>BLC\/3D DNR<\/td>\n<\/tr>\n<tr>\n<td>Image Settings:<\/td>\n<td width=\"15\">|<\/td>\n<td>Rotate Mode, Saturation, Brightness, Contrast, Sharpness adjustable by client software or web browser<\/td>\n<\/tr>\n<tr>\n<td>Regional Cropping:<\/td>\n<td width=\"15\">|<\/td>\n<td>No<\/td>\n<\/tr>\n<tr>\n<td>ROI:<\/td>\n<td width=\"15\">|<\/td>\n<td>1 fixed region for main stream and sub-stream<\/td>\n<\/tr>\n<tr>\n<td>Day\/Night Switch:<\/td>\n<td width=\"15\">|<\/td>\n<td>Auto\/Schedule\/Triggered by alarm in<\/td>\n<\/tr>\n<tr>\n<th colspan=\"3\" scope=\"col\" height=\"50\">Network<\/th>\n<\/tr>\n<tr>\n<td>Protocols:<\/td>\n<td width=\"15\">|<\/td>\n<td>TCP\/IP, ICMP, HTTP, HTTPS, FTP, DHCP, DNS, DDNS, RTP, RTSP, RTCP, PPPoE, NTP, UPnP\u2122, SMTP, SNMP, IGMP, 802.1X, QoS, IPv6, Bonjour<\/td>\n<\/tr>\n<tr>\n<th colspan=\"3\" scope=\"col\" height=\"50\">Interface<\/th>\n<\/tr>\n<tr>\n<td>Communication Interface:<\/td>\n<td width=\"15\">|<\/td>\n<td>1 RJ45 10M \/ 100M Ethernet interface<\/td>\n<\/tr>\n<tr>\n<td>Alarm:<\/td>\n<td width=\"15\">|<\/td>\n<td>1 input, 1 output (up to 12 VDC, 30 mA), terminal block<\/td>\n<\/tr>\n<tr>\n<th colspan=\"3\" scope=\"col\" height=\"50\">Audio<\/th>\n<\/tr>\n<tr>\n<td>Environment Noise Filtering:<\/td>\n<td width=\"15\">|<\/td>\n<td>Support<\/td>\n<\/tr>\n<tr>\n<td>Audio Sampling Rate:<\/td>\n<td width=\"15\">|<\/td>\n<td>16kHz \/ 32kHz \/ 44.1kHz \/ 48kHz<\/td>\n<\/tr>\n<tr>\n<th colspan=\"3\" scope=\"col\" height=\"50\">Smart Feature-set<\/th>\n<\/tr>\n<tr>\n<td>Line Crossing Detection:<\/td>\n<td width=\"15\">|<\/td>\n<td>Cross a pre-defined virtual line<\/td>\n<\/tr>\n<tr>\n<td>Intrusion Detection:<\/td>\n<td width=\"15\">|<\/td>\n<td>Enter and loiter in a pre-defined virtual region<\/td>\n<\/tr>\n<tr>\n<th colspan=\"3\" scope=\"col\" height=\"50\">General<\/th>\n<\/tr>\n<tr>\n<td>Operating Conditions:<\/td>\n<td width=\"15\">|<\/td>\n<td>-30 \u00b0C ~ 60 \u00b0C (-22 \u00b0F ~ 140 \u00b0F)<br \/>\nHumidity 95% or less (non-condensing)<\/td>\n<\/tr>\n<tr>\n<td>Power Consumption:<\/td>\n<td width=\"15\">|<\/td>\n<td>12 VDC, 0.85A, max. 10W<br \/>\nPoE (802.3af, 37V to 57V), 0.35A to 0.2A, max. 12.5W<\/td>\n<\/tr>\n<tr>\n<td>Impact Protection:<\/td>\n<td width=\"15\">|<\/td>\n<td>IK10<\/td>\n<\/tr>\n<tr>\n<td>Weather Proof:<\/td>\n<td width=\"15\">|<\/td>\n<td>IP67<\/td>\n<\/tr>\n<tr>\n<td>Dimensions:<\/td>\n<td width=\"15\">|<\/td>\n<td>\u03a6 135.8 \u00d7 145.5 mm (\u03a6 5.4&#8243; \u00d7 5.7&#8243;)<\/td>\n<\/tr>\n<tr>\n<td>Weight:<\/td>\n<td width=\"15\">|<\/td>\n<td>Camera: Approx. 1200 g (2.6 lb.)<br \/>\nWith Package: Approx. 1580 g (3.5 lb.)<\/td>\n<\/tr>\n<\/tbody>\n<\/table>\n","protected":false},"excerpt":{"rendered":"<p>4MP IP Dome kamera, 120dB WDR, EasyIP 2.0+, H.265+\/H.264+,2.8-12mm(~115\u00b0-32\u00b0), EXIR pa\u0161vietimas iki 30m., SD kortel\u0117s lizdas, veid\u0173 detekcija, Audio IN\/OUT, IP67, IK10<\/p>\n<p>&nbsp;<\/p>\n","protected":false},"featured_media":252,"comment_status":"closed","ping_status":"closed","template":"","meta":[],"product_brand":[],"product_cat":[89],"product_tag":[32,34],"class_list":{"0":"post-2299","1":"product","2":"type-product","3":"status-publish","4":"has-post-thumbnail","6":"product_cat-4-mpx-ip-kameros-hikvision","7":"product_tag-hikvision","8":"product_tag-stebejimo-kameros","10":"first","11":"instock","12":"shipping-taxable","13":"purchasable","14":"product-type-simple"},"jetpack_sharing_enabled":true,"_links":{"self":[{"href":"https:\/\/apsaugos.lt\/index.php?rest_route=\/wp\/v2\/product\/2299","targetHints":{"allow":["GET"]}}],"collection":[{"href":"https:\/\/apsaugos.lt\/index.php?rest_route=\/wp\/v2\/product"}],"about":[{"href":"https:\/\/apsaugos.lt\/index.php?rest_route=\/wp\/v2\/types\/product"}],"replies":[{"embeddable":true,"href":"https:\/\/apsaugos.lt\/index.php?rest_route=%2Fwp%2Fv2%2Fcomments&post=2299"}],"wp:featuredmedia":[{"embeddable":true,"href":"https:\/\/apsaugos.lt\/index.php?rest_route=\/wp\/v2\/media\/252"}],"wp:attachment":[{"href":"https:\/\/apsaugos.lt\/index.php?rest_route=%2Fwp%2Fv2%2Fmedia&parent=2299"}],"wp:term":[{"taxonomy":"product_brand","embeddable":true,"href":"https:\/\/apsaugos.lt\/index.php?rest_route=%2Fwp%2Fv2%2Fproduct_brand&post=2299"},{"taxonomy":"product_cat","embeddable":true,"href":"https:\/\/apsaugos.lt\/index.php?rest_route=%2Fwp%2Fv2%2Fproduct_cat&post=2299"},{"taxonomy":"product_tag","embeddable":true,"href":"https:\/\/apsaugos.lt\/index.php?rest_route=%2Fwp%2Fv2%2Fproduct_tag&post=2299"}],"curies":[{"name":"wp","href":"https:\/\/api.w.org\/{rel}","templated":true}]}}