{"id":2301,"date":"2021-02-22T12:24:33","date_gmt":"2021-02-22T10:24:33","guid":{"rendered":"http:\/\/apsaugos.lt\/?product=import-placeholder-for-3522"},"modified":"2021-02-22T12:24:36","modified_gmt":"2021-02-22T10:24:36","slug":"hikvision-ds-2cd2342wd-i-f4","status":"publish","type":"product","link":"https:\/\/apsaugos.lt\/?product=hikvision-ds-2cd2342wd-i-f4","title":{"rendered":"Hikvision DS-2CD2342WD-I F4"},"content":{"rendered":"<table border=\"0\" cellspacing=\"1\" cellpadding=\"0\" align=\"center\" bgcolor=\"#e3e3e3\">\n<tbody>\n<tr>\n<td bgcolor=\"#ffffff\">\n<table border=\"0\" width=\"100%\" cellspacing=\"0\" cellpadding=\"0\" align=\"center\">\n<tbody>\n<tr>\n<td bgcolor=\"#ffffff\">Sensorius:<\/td>\n<td bgcolor=\"#ffffff\">1\/2.8&#8243;\u00a0Progressive\u00a0Scan\u00a0CMOS<\/td>\n<\/tr>\n<tr>\n<td bgcolor=\"#ffffff\">Min. ap\u0161viestumas:<\/td>\n<td bgcolor=\"#ffffff\">0.01Lux\u00a0@\u00a0(F1.2,\u00a0AGC\u00a0ON),\u00a0 0\u00a0Lux\u00a0with\u00a0IR<\/td>\n<\/tr>\n<tr>\n<td bgcolor=\"#ffffff\">Ekspozicijos laikas:<\/td>\n<td bgcolor=\"#ffffff\">1\/3\u00a0s\u00a0to\u00a01\/10,000\u00a0s<\/td>\n<\/tr>\n<tr>\n<td bgcolor=\"#ffffff\">Objektyvas:<\/td>\n<td bgcolor=\"#ffffff\">4mm<\/td>\n<\/tr>\n<tr>\n<td bgcolor=\"#ffffff\">Objektyvo montavimas:<\/td>\n<td bgcolor=\"#ffffff\">M12<\/td>\n<\/tr>\n<tr>\n<td bgcolor=\"#ffffff\">Reguliavimas:<\/td>\n<td bgcolor=\"#ffffff\">Pan:0\u00b0 &#8211; 360\u00b0, Tilt: 0\u00b0 &#8211; 75\u00b0, Rotation: 0\u00b0 &#8211; 360\u00b0<\/td>\n<\/tr>\n<tr>\n<td bgcolor=\"#ffffff\">Diena\/Naktis:<\/td>\n<td bgcolor=\"#ffffff\">IR cut filter with auto switch<\/td>\n<\/tr>\n<tr>\n<td bgcolor=\"#ffffff\">WDR:<\/td>\n<td bgcolor=\"#ffffff\">120\u00a0dB<\/td>\n<\/tr>\n<tr>\n<td bgcolor=\"#ffffff\">DNR:<\/td>\n<td bgcolor=\"#ffffff\">3D DNR<\/td>\n<\/tr>\n<\/tbody>\n<\/table>\n<\/td>\n<\/tr>\n<tr>\n<td bgcolor=\"#ffffff\">\n<table border=\"0\" width=\"100%\" cellspacing=\"0\" cellpadding=\"0\" align=\"center\">\n<tbody>\n<tr>\n<td bgcolor=\"#ffffff\">Video kompresija:<\/td>\n<td bgcolor=\"#ffffff\">H.264\/MJPEG\/H.264+<\/td>\n<\/tr>\n<tr>\n<td>\u00a0H.264 tipas:<\/td>\n<td>\u00a0Main\u00a0Profile<\/td>\n<\/tr>\n<tr>\n<td bgcolor=\"#ffffff\">Video greitis:<\/td>\n<td bgcolor=\"#ffffff\">32 Kbps ~ 16 Mbps<\/td>\n<\/tr>\n<tr>\n<td bgcolor=\"#ffffff\">Dvigubas srautas:<\/td>\n<td bgcolor=\"#ffffff\">Yes<\/td>\n<\/tr>\n<\/tbody>\n<\/table>\n<\/td>\n<\/tr>\n<tr>\n<td bgcolor=\"#ffffff\">\n<table border=\"0\" width=\"100%\" cellspacing=\"0\" cellpadding=\"0\" align=\"center\">\n<tbody>\n<tr>\n<td bgcolor=\"#ffffff\">Max. rezoliucija:<\/td>\n<td bgcolor=\"#ffffff\">2688\u00a0\u00d7\u00a01520<\/td>\n<\/tr>\n<tr>\n<td bgcolor=\"#ffffff\">Kadrai\/sec:<\/td>\n<td bgcolor=\"#ffffff\">50Hz:\u00a020fps\u00a0(2688\u00d71520),\u00a0 25fps(1920\u00d71080),\u00a025fps (1280\u00d7720)<br \/>\n60Hz:\u00a020fps\u00a0(2688\u00d71520),\u00a0 30fps\u00a0(1920\u00d71080),\u00a030fps(1280\u00d7720)<\/td>\n<\/tr>\n<tr>\n<td bgcolor=\"#ffffff\">Vaizdo nustatymai:<\/td>\n<td bgcolor=\"#ffffff\">Saturation, brightness, contrast adjustable through client software or web browser<\/td>\n<\/tr>\n<tr>\n<td bgcolor=\"#ffffff\">BLC:<\/td>\n<td bgcolor=\"#ffffff\">Yes, zone configurable<\/td>\n<\/tr>\n<tr>\n<td>ROI:<\/td>\n<td>\u00a0Support<\/td>\n<\/tr>\n<\/tbody>\n<\/table>\n<\/td>\n<\/tr>\n<tr>\n<td bgcolor=\"#ffffff\">\n<table border=\"0\" width=\"100%\" cellspacing=\"0\" cellpadding=\"0\" align=\"center\">\n<tbody>\n<tr>\n<td bgcolor=\"#ffffff\">Tinklinis talpinimas:<\/td>\n<td bgcolor=\"#ffffff\">NAS\u00a0(Support\u00a0NFS,SMB\/CIFS),\u00a0 ANR<\/td>\n<\/tr>\n<tr>\n<td bgcolor=\"#ffffff\">Aliarmo suk\u0117limas:<\/td>\n<td bgcolor=\"#ffffff\">Motion\u00a0detection,\u00a0tampering\u00a0 alarm,\u00a0network\u00a0disconnect\u00a0,\u00a0 IP\u00a0address\u00a0conflict,\u00a0storage\u00a0 exception<\/td>\n<\/tr>\n<tr>\n<td bgcolor=\"#ffffff\">Protokolai:<\/td>\n<td bgcolor=\"#ffffff\">TCP\/IP, ICMP, HTTP, HTTPS, FTP, DHCP, DNS, DDNS, RTP, RTSP, RTCP,<br \/>\nPPPoE, NTP, UPnP, SMTP,SNMP, IGMP,802.1X,QoS,IPv6, Bonjour<\/td>\n<\/tr>\n<tr>\n<td bgcolor=\"#ffffff\">Apsauga:<\/td>\n<td bgcolor=\"#ffffff\">One-key\u00a0reset,\u00a0flash-prevention,\u00a0dual\u00a0streams,\u00a0 heartbeat,\u00a0mirror,\u00a0password\u00a0 protection,\u00a0privacy<br \/>\nmask,\u00a0Watermark,\u00a0 IP\u00a0address\u00a0filtering,\u00a0 Anonymous\u00a0Access<\/td>\n<\/tr>\n<tr>\n<td bgcolor=\"#ffffff\">Suderinamumas:<\/td>\n<td bgcolor=\"#ffffff\">ONVIF\u00a0(Profile\u00a0S,\u00a0Profile\u00a0G),\u00a0 PSIA,\u00a0CGI,\u00a0ISAPI<\/td>\n<\/tr>\n<\/tbody>\n<\/table>\n<\/td>\n<\/tr>\n<tr>\n<td bgcolor=\"#ffffff\">\n<table border=\"0\" width=\"100%\" cellspacing=\"0\" cellpadding=\"0\" align=\"center\">\n<tbody>\n<tr>\n<td bgcolor=\"#ffffff\">Ry\u0161io s\u0105saja:<\/td>\n<td bgcolor=\"#ffffff\">1 RJ45 10M \/ 100M ethernet interface<\/td>\n<\/tr>\n<\/tbody>\n<\/table>\n<\/td>\n<\/tr>\n<tr>\n<td bgcolor=\"#ffffff\">\n<table border=\"0\" width=\"100%\" cellspacing=\"0\" cellpadding=\"0\" align=\"center\">\n<tbody>\n<tr>\n<td bgcolor=\"#ffffff\">Darbin\u0117 temperat\u016bra \/ oro dr\u0117gnumas:<\/td>\n<td bgcolor=\"#ffffff\">-30 \u00b0C ~ 60 \u00b0C (-22 \u00b0F ~ 140 \u00b0F)<br \/>\nHumidity 95% or less (non-condensing)<\/td>\n<\/tr>\n<tr>\n<td bgcolor=\"#ffffff\">Maitinimas:<\/td>\n<td bgcolor=\"#ffffff\">12 VDC \u00b1 10%, PoE (802.3af)<\/td>\n<\/tr>\n<tr>\n<td bgcolor=\"#ffffff\">Energijos suvartojimas:<\/td>\n<td bgcolor=\"#ffffff\">Max. 5.5 W (Max. 7.5 W with IR cut filter on)<\/td>\n<\/tr>\n<tr>\n<td bgcolor=\"#ffffff\">Hermeti\u0161kumas:<\/td>\n<td bgcolor=\"#ffffff\">IP66<\/td>\n<\/tr>\n<tr>\n<td bgcolor=\"#ffffff\">IR pa\u0161vietimas:<\/td>\n<td bgcolor=\"#ffffff\">Up\u00a0to\u00a030m<\/td>\n<\/tr>\n<tr>\n<td bgcolor=\"#ffffff\">I\u0161matavimai:<\/td>\n<td bgcolor=\"#ffffff\">\u03a6127\u00d797.5 (5.0\u201d \u00d7 3.8\u201d)<\/td>\n<\/tr>\n<tr>\n<td bgcolor=\"#ffffff\">Svoris:<\/td>\n<td bgcolor=\"#ffffff\">670g (1.5 lbs)<\/td>\n<\/tr>\n<\/tbody>\n<\/table>\n<\/td>\n<\/tr>\n<\/tbody>\n<\/table>\n","protected":false},"excerpt":{"rendered":"<p>Iki 4 Mpx rezoliucija, Full HD1080p video, dvigubas srautas, 4mm objektyvas, 120dB WDR, 3D DNR, fonin\u0117s \u0161viesos kompensacija, DC12V\u00a0ir PoE, H.264+ palaikymas,\u00a0na\u0161\u016bs EXIR LED&#8217;ai, iki 30m IR pa\u0161vietimas, IP66 klas\u0117, 3 a\u0161i\u0173 \u00a0reguliavimas,\u00a0EZVIZ P2P\u00a0ir iVMS-4500 palaikymas<\/p>\n","protected":false},"featured_media":71,"comment_status":"closed","ping_status":"closed","template":"","meta":[],"product_brand":[],"product_cat":[89],"product_tag":[32,34],"class_list":{"0":"post-2301","1":"product","2":"type-product","3":"status-publish","4":"has-post-thumbnail","6":"product_cat-4-mpx-ip-kameros-hikvision","7":"product_tag-hikvision","8":"product_tag-stebejimo-kameros","10":"first","11":"instock","12":"shipping-taxable","13":"purchasable","14":"product-type-simple"},"jetpack_sharing_enabled":true,"_links":{"self":[{"href":"https:\/\/apsaugos.lt\/index.php?rest_route=\/wp\/v2\/product\/2301","targetHints":{"allow":["GET"]}}],"collection":[{"href":"https:\/\/apsaugos.lt\/index.php?rest_route=\/wp\/v2\/product"}],"about":[{"href":"https:\/\/apsaugos.lt\/index.php?rest_route=\/wp\/v2\/types\/product"}],"replies":[{"embeddable":true,"href":"https:\/\/apsaugos.lt\/index.php?rest_route=%2Fwp%2Fv2%2Fcomments&post=2301"}],"wp:featuredmedia":[{"embeddable":true,"href":"https:\/\/apsaugos.lt\/index.php?rest_route=\/wp\/v2\/media\/71"}],"wp:attachment":[{"href":"https:\/\/apsaugos.lt\/index.php?rest_route=%2Fwp%2Fv2%2Fmedia&parent=2301"}],"wp:term":[{"taxonomy":"product_brand","embeddable":true,"href":"https:\/\/apsaugos.lt\/index.php?rest_route=%2Fwp%2Fv2%2Fproduct_brand&post=2301"},{"taxonomy":"product_cat","embeddable":true,"href":"https:\/\/apsaugos.lt\/index.php?rest_route=%2Fwp%2Fv2%2Fproduct_cat&post=2301"},{"taxonomy":"product_tag","embeddable":true,"href":"https:\/\/apsaugos.lt\/index.php?rest_route=%2Fwp%2Fv2%2Fproduct_tag&post=2301"}],"curies":[{"name":"wp","href":"https:\/\/api.w.org\/{rel}","templated":true}]}}