{"id":2302,"date":"2021-02-22T12:24:33","date_gmt":"2021-02-22T10:24:33","guid":{"rendered":"http:\/\/apsaugos.lt\/?product=import-placeholder-for-3523"},"modified":"2021-02-22T12:24:36","modified_gmt":"2021-02-22T10:24:36","slug":"hikvision-ds-2cd2345fwd-i-f12","status":"publish","type":"product","link":"https:\/\/apsaugos.lt\/?product=hikvision-ds-2cd2345fwd-i-f12","title":{"rendered":"Hikvision DS-2CD2345FWD-I F12"},"content":{"rendered":"<table border=\"1\">\n<tbody>\n<tr>\n<td>Sensorius<\/td>\n<td>1\/2.5&#8243; Progressive Scan CMOS<\/td>\n<\/tr>\n<tr>\n<td>Signalo sistema<\/td>\n<td>PAL\/NTSC<\/td>\n<\/tr>\n<tr>\n<td>Min. ap\u0161vietimas<\/td>\n<td>Color: 0.009 lux @(F1.2, AGC ON), 0.016 lux @(F1.6, AGC ON), 0 lux with IR<\/td>\n<\/tr>\n<tr>\n<td>U\u017erakto laikas<\/td>\n<td>1\/3\u00a0s\u00a0to\u00a01\/100,000\u00a0s<\/td>\n<\/tr>\n<tr>\n<td>L\u0117tas u\u017eraktas<\/td>\n<td>Support<\/td>\n<\/tr>\n<tr>\n<td>Objektyvas<\/td>\n<td>12 mm<\/td>\n<\/tr>\n<tr>\n<td>Objektyvo montavimas<\/td>\n<td>M12<\/td>\n<\/tr>\n<tr>\n<td>Reguliavimas<\/td>\n<td>Pan:\u00a00\u00b0\u00a0to\u00a0360\u00b0,\u00a0tilt:\u00a00\u00b0\u00a0to\u00a075\u00b0,\u00a0 rotate:\u00a00\u00b0\u00a0to\u00a0360\u00b0<\/td>\n<\/tr>\n<tr>\n<td>Diena\/naktis<\/td>\n<td>IR Cut Filter<\/td>\n<\/tr>\n<tr>\n<td>Platus dinaminis diapazonas<\/td>\n<td>120\u00a0dB<\/td>\n<\/tr>\n<tr>\n<td>Skaitmeninis triuk\u0161mo slopinimas<\/td>\n<td>3D DNR<\/td>\n<\/tr>\n<tr>\n<td>Vaizdo sparta<\/td>\n<td>32Kbps~16Mbps<\/td>\n<\/tr>\n<tr>\n<td>Vaizdo suspaudimas<\/td>\n<td>H.265+\/H.265\/H.264+\/H.264\/MJPEG<\/td>\n<\/tr>\n<tr>\n<td>Trigubas srautas<\/td>\n<td>Yes<\/td>\n<\/tr>\n<tr>\n<td>Maks. vaizdo rai\u0161ka<\/td>\n<td>2560 \u00d7 1440<\/td>\n<\/tr>\n<tr>\n<td>Kadrai per sek.<\/td>\n<td>50Hz: 25 fps (2560 \u00d7 1440, 2304 \u00d7 1296, 1920 \u00d7 1080)<\/p>\n<p>60Hz: 30 fps (2560 \u00d7 1440, 2304 \u00d7 1296, 1920 \u00d7 1080)<\/td>\n<\/tr>\n<tr>\n<td>Antrinis srautas<\/td>\n<td>50Hz: 25 fps (640 \u00d7 480, 640 \u00d7 360, 320 \u00d7 240)<\/p>\n<p>60Hz: 30 fps (640 \u00d7 480, 640 \u00d7 360, 320 \u00d7 240)<\/td>\n<\/tr>\n<tr>\n<td>Tre\u010dias srautas<\/td>\n<td>50Hz:\u00a025fps\u00a0(1280\u00a0\u00d7720,\u00a0640\u00a0\u00d7\u00a0360, \u00a0352\u00a0\u00d7\u00a0288)<\/p>\n<p>60Hz:\u00a030fps\u00a0(1280\u00a0\u00d7720,\u00a0640\u00a0\u00d7\u00a0360, \u00a0352\u00a0\u00d7\u00a0240)<\/td>\n<\/tr>\n<tr>\n<td>Vaizdo ry\u0161kinimas<\/td>\n<td>BLC\/3D\u00a0DNR<\/td>\n<\/tr>\n<tr>\n<td>Vaizdo nustatymai<\/td>\n<td>Rotate mode, saturation, brightness, contrast, sharpness, and white balance adjustable by client software or web browser<\/td>\n<\/tr>\n<tr>\n<td>Dienos\/nakties perjungimas<\/td>\n<td>Day\/Night\/Auto\/Schedule<\/td>\n<\/tr>\n<tr>\n<td>Protokolai<\/td>\n<td>TCP\/IP, ICMP, HTTP, HTTPS, FTP, DHCP, DNS, DDNS, RTP, RTSP, RTCP, PPPoE, NTP, UPnP, SMTP, SNMP, IGMP, 802.1X, QoS, IPv6, Bonjour<\/td>\n<\/tr>\n<tr>\n<td>Pagrindin\u0117s funkcijos<\/td>\n<td>One-key reset, anti-flicker, three streams, heartbeat, mirror, password protection, privacy mask, watermark, IP address filter<\/td>\n<\/tr>\n<tr>\n<td>Sistemos suderinamumas<\/td>\n<td>ONVIF (PROFILE S, PROFILE G), ISAPI<\/td>\n<\/tr>\n<tr>\n<td>Ry\u0161io s\u0105saja<\/td>\n<td>1 RJ45 10M\/100M self-adaptive Ethernet port<\/td>\n<\/tr>\n<tr>\n<td>Vidin\u0117 atmintis<\/td>\n<td>Built-in\u00a0Micro\u00a0SD\/SDHC\/SDXC\u00a0slot,\u00a0 up\u00a0to\u00a0128\u00a0GB<\/td>\n<\/tr>\n<tr>\n<td>Elgesio analizavimas<\/td>\n<td>Line\u00a0crossing\u00a0detection,\u00a0 Intrusion\u00a0detection, Unattended\u00a0baggage\u00a0detection,\u00a0 Object\u00a0removal\u00a0detection<\/td>\n<\/tr>\n<tr>\n<td>Veikimo s\u0105lygos<\/td>\n<td>-30 \u00b0C ~ 60 \u00b0C (-22 \u00b0F ~ 140 \u00b0F), \u00a0Humidity 95% or less (non-condensing)<\/td>\n<\/tr>\n<tr>\n<td>Maitinimas<\/td>\n<td>12 VDC \u00b1 25%, \u03a6 5.5 mm coaxial plug power PoE(802.3af, class 3)<\/td>\n<\/tr>\n<tr>\n<td>Energijos suvartojimas<\/td>\n<td>12 VDC, 0.5 A, max. 6 W PoE (802.3af, 36V to 57V), 0.3 A to 0.2 A, max. 7.5 W<\/td>\n<\/tr>\n<tr>\n<td>IP apsaugos klas\u0117<\/td>\n<td>IP67<\/td>\n<\/tr>\n<tr>\n<td>IR ap\u0161vietimas<\/td>\n<td>Up to 30m<\/td>\n<\/tr>\n<tr>\n<td>I\u0161matavimai<\/td>\n<td>Camera: \u03a6 127.3 \u00d7 95.9 mm (\u03a65&#8243; \u00d7 3. 8&#8243;)<\/p>\n<p>Package: 150 \u00d7 150 \u00d7 141 mm (5.9&#8243; \u00d7 5.9&#8243; \u00d7 5.6&#8243;)<\/td>\n<\/tr>\n<tr>\n<td>Svoris<\/td>\n<td>Camera:\u00a0620\u00a0g\u00a0(1.37\u00a0lb.)<\/td>\n<\/tr>\n<\/tbody>\n<\/table>\n","protected":false},"excerpt":{"rendered":"<p>4MP (MegaPixel) IP Dome kamera, PoE, 12mm objektyvas, H.265, H.265+, H.264+, H.264, Iki 30m IR ap\u0161vietimas, Powered by Darkfighter, Vieta SD kortelei (up to 128GB), IP67<\/p>\n","protected":false},"featured_media":71,"comment_status":"closed","ping_status":"closed","template":"","meta":[],"product_brand":[],"product_cat":[89],"product_tag":[32,34],"class_list":{"0":"post-2302","1":"product","2":"type-product","3":"status-publish","4":"has-post-thumbnail","6":"product_cat-4-mpx-ip-kameros-hikvision","7":"product_tag-hikvision","8":"product_tag-stebejimo-kameros","10":"first","11":"instock","12":"sale","13":"shipping-taxable","14":"purchasable","15":"product-type-simple"},"jetpack_sharing_enabled":true,"_links":{"self":[{"href":"https:\/\/apsaugos.lt\/index.php?rest_route=\/wp\/v2\/product\/2302","targetHints":{"allow":["GET"]}}],"collection":[{"href":"https:\/\/apsaugos.lt\/index.php?rest_route=\/wp\/v2\/product"}],"about":[{"href":"https:\/\/apsaugos.lt\/index.php?rest_route=\/wp\/v2\/types\/product"}],"replies":[{"embeddable":true,"href":"https:\/\/apsaugos.lt\/index.php?rest_route=%2Fwp%2Fv2%2Fcomments&post=2302"}],"wp:featuredmedia":[{"embeddable":true,"href":"https:\/\/apsaugos.lt\/index.php?rest_route=\/wp\/v2\/media\/71"}],"wp:attachment":[{"href":"https:\/\/apsaugos.lt\/index.php?rest_route=%2Fwp%2Fv2%2Fmedia&parent=2302"}],"wp:term":[{"taxonomy":"product_brand","embeddable":true,"href":"https:\/\/apsaugos.lt\/index.php?rest_route=%2Fwp%2Fv2%2Fproduct_brand&post=2302"},{"taxonomy":"product_cat","embeddable":true,"href":"https:\/\/apsaugos.lt\/index.php?rest_route=%2Fwp%2Fv2%2Fproduct_cat&post=2302"},{"taxonomy":"product_tag","embeddable":true,"href":"https:\/\/apsaugos.lt\/index.php?rest_route=%2Fwp%2Fv2%2Fproduct_tag&post=2302"}],"curies":[{"name":"wp","href":"https:\/\/api.w.org\/{rel}","templated":true}]}}