{"id":2308,"date":"2021-02-22T12:24:33","date_gmt":"2021-02-22T10:24:33","guid":{"rendered":"http:\/\/apsaugos.lt\/?product=import-placeholder-for-3532"},"modified":"2021-02-22T12:24:37","modified_gmt":"2021-02-22T10:24:37","slug":"uhf-automobilio-zyme-klijuojama-ant-kebulo","status":"publish","type":"product","link":"https:\/\/apsaugos.lt\/?product=uhf-automobilio-zyme-klijuojama-ant-kebulo","title":{"rendered":"UHF  automobilio \u017eym\u0117 klijuojama ant k\u0117bulo"},"content":{"rendered":"<p>Da\u017enis : 860-960Mhz<br \/>\nProtokolas : ISO18000-6C\/EPC Gen2<br \/>\nNuskaitimo atstumas : iki 8 metru<br \/>\nAtmintis : EPC 96 bits\/ 512bits<br \/>\n\u012era\u0161imo \/ trynimo ciklai : 100000<\/p>\n","protected":false},"excerpt":{"rendered":"<p>UHF kortel\u0117 skirta klijavimui prie transporto priemon\u0117s k\u0117bulo. Bimetalin\u0117 \u017eym\u0117 skirta transporto priemon\u0117ms su soliamirini\u0173 stikl\u0173.<\/p>\n","protected":false},"featured_media":255,"comment_status":"closed","ping_status":"closed","template":"","meta":[],"product_brand":[],"product_cat":[91,92],"product_tag":[93,208,209,94,210],"class_list":{"0":"post-2308","1":"product","2":"type-product","3":"status-publish","4":"has-post-thumbnail","6":"product_cat-uhf-didelio-atstumo-skaitytuvai","7":"product_cat-uhf-didelio-atstumo-skaitytuvai-praejimo-kontrole","8":"product_tag-uhf","9":"product_tag-uhf-kortele","10":"product_tag-uhf-praejimo-kontrole","11":"product_tag-uhf-skaitytuvas","12":"product_tag-uhf-tag","14":"first","15":"instock","16":"shipping-taxable","17":"purchasable","18":"product-type-simple"},"jetpack_sharing_enabled":true,"_links":{"self":[{"href":"https:\/\/apsaugos.lt\/index.php?rest_route=\/wp\/v2\/product\/2308","targetHints":{"allow":["GET"]}}],"collection":[{"href":"https:\/\/apsaugos.lt\/index.php?rest_route=\/wp\/v2\/product"}],"about":[{"href":"https:\/\/apsaugos.lt\/index.php?rest_route=\/wp\/v2\/types\/product"}],"replies":[{"embeddable":true,"href":"https:\/\/apsaugos.lt\/index.php?rest_route=%2Fwp%2Fv2%2Fcomments&post=2308"}],"wp:featuredmedia":[{"embeddable":true,"href":"https:\/\/apsaugos.lt\/index.php?rest_route=\/wp\/v2\/media\/255"}],"wp:attachment":[{"href":"https:\/\/apsaugos.lt\/index.php?rest_route=%2Fwp%2Fv2%2Fmedia&parent=2308"}],"wp:term":[{"taxonomy":"product_brand","embeddable":true,"href":"https:\/\/apsaugos.lt\/index.php?rest_route=%2Fwp%2Fv2%2Fproduct_brand&post=2308"},{"taxonomy":"product_cat","embeddable":true,"href":"https:\/\/apsaugos.lt\/index.php?rest_route=%2Fwp%2Fv2%2Fproduct_cat&post=2308"},{"taxonomy":"product_tag","embeddable":true,"href":"https:\/\/apsaugos.lt\/index.php?rest_route=%2Fwp%2Fv2%2Fproduct_tag&post=2308"}],"curies":[{"name":"wp","href":"https:\/\/api.w.org\/{rel}","templated":true}]}}