{"id":2312,"date":"2021-02-22T12:24:33","date_gmt":"2021-02-22T10:24:33","guid":{"rendered":"http:\/\/apsaugos.lt\/?product=import-placeholder-for-3536"},"modified":"2021-02-22T12:24:38","modified_gmt":"2021-02-22T10:24:38","slug":"uhf-rfid-automobilio-zyme-klijuojama-po-stiklu","status":"publish","type":"product","link":"https:\/\/apsaugos.lt\/?product=uhf-rfid-automobilio-zyme-klijuojama-po-stiklu","title":{"rendered":"UHF RFID automobilio \u017eym\u0117 klijuojama po stiklu"},"content":{"rendered":"<p>Da\u017enis : 860-960Mhz<br \/>\nProtokolas : ISO18000-6C\/EPC Gen2<br \/>\nNuskaitimo atstumas : iki 15 metru<br \/>\nAtmintis : EPC 96 bits\/ 512bits<br \/>\n\u012era\u0161imo \/ trynimo ciklai : 100000<\/p>\n","protected":false},"excerpt":{"rendered":"<p>Da\u017enis : 860-960Mhz Protokolas : ISO18000-6C\/EPC Gen2 Nuskaitimo atstumas : iki 15 metru Atmintis : EPC 96 bits\/ 512bits \u012era\u0161imo \/ trynimo ciklai : 100000<\/p>\n","protected":false},"featured_media":259,"comment_status":"closed","ping_status":"closed","template":"","meta":[],"product_brand":[],"product_cat":[91,92],"product_tag":[93],"class_list":{"0":"post-2312","1":"product","2":"type-product","3":"status-publish","4":"has-post-thumbnail","6":"product_cat-uhf-didelio-atstumo-skaitytuvai","7":"product_cat-uhf-didelio-atstumo-skaitytuvai-praejimo-kontrole","8":"product_tag-uhf","10":"first","11":"instock","12":"shipping-taxable","13":"purchasable","14":"product-type-simple"},"jetpack_sharing_enabled":true,"_links":{"self":[{"href":"https:\/\/apsaugos.lt\/index.php?rest_route=\/wp\/v2\/product\/2312","targetHints":{"allow":["GET"]}}],"collection":[{"href":"https:\/\/apsaugos.lt\/index.php?rest_route=\/wp\/v2\/product"}],"about":[{"href":"https:\/\/apsaugos.lt\/index.php?rest_route=\/wp\/v2\/types\/product"}],"replies":[{"embeddable":true,"href":"https:\/\/apsaugos.lt\/index.php?rest_route=%2Fwp%2Fv2%2Fcomments&post=2312"}],"wp:featuredmedia":[{"embeddable":true,"href":"https:\/\/apsaugos.lt\/index.php?rest_route=\/wp\/v2\/media\/259"}],"wp:attachment":[{"href":"https:\/\/apsaugos.lt\/index.php?rest_route=%2Fwp%2Fv2%2Fmedia&parent=2312"}],"wp:term":[{"taxonomy":"product_brand","embeddable":true,"href":"https:\/\/apsaugos.lt\/index.php?rest_route=%2Fwp%2Fv2%2Fproduct_brand&post=2312"},{"taxonomy":"product_cat","embeddable":true,"href":"https:\/\/apsaugos.lt\/index.php?rest_route=%2Fwp%2Fv2%2Fproduct_cat&post=2312"},{"taxonomy":"product_tag","embeddable":true,"href":"https:\/\/apsaugos.lt\/index.php?rest_route=%2Fwp%2Fv2%2Fproduct_tag&post=2312"}],"curies":[{"name":"wp","href":"https:\/\/api.w.org\/{rel}","templated":true}]}}