{"id":2313,"date":"2021-02-22T12:24:34","date_gmt":"2021-02-22T10:24:34","guid":{"rendered":"http:\/\/apsaugos.lt\/?product=import-placeholder-for-3538"},"modified":"2021-02-22T12:24:39","modified_gmt":"2021-02-22T10:24:39","slug":"atstuminiu-korteliu-skaitytuvas-su-klaviatura-ssg-mf02m","status":"publish","type":"product","link":"https:\/\/apsaugos.lt\/?product=atstuminiu-korteliu-skaitytuvas-su-klaviatura-ssg-mf02m","title":{"rendered":"Atstumini\u0173 korteli\u0173 skaitytuvas su klaviat\u016bra SSG MF02M"},"content":{"rendered":"<p>Atstumini\u0173 korteli\u0173 skaitytuvas su klaviat\u016bra;<br \/>\nNeautonominis;<br \/>\n13,56Mhz Mifare<br \/>\nMaitinimas DC 9-16V;<br \/>\nNaudojama galia &lt;1W;<br \/>\nI\u0161\u0117jimo protokolas &#8211; Wiegand 26<br \/>\nKortel\u0117s nuskaitymo atstumas 10 &#8211; 18 cm.;<br \/>\nNaudojimo temperat\u016bra -20\u00b0C ~ +60\u00b0C;<br \/>\nGarsinis indikatorius;<br \/>\nDviej\u0173 spalv\u0173 LED indikatorius;<br \/>\nMatmenys: 120 x56 x 20;<\/p>\n","protected":false},"excerpt":{"rendered":"<p>Skirtas pra\u0117jimo sistemai su laiko apskaita. Jungiamas prie valdikli\u0173 per Wiegand 26 s\u0105saj\u0105. Plastikinis IP 65 korpusas leid\u017eia \u012frengin\u012f naudoti lauke.<\/p>\n","protected":false},"featured_media":260,"comment_status":"closed","ping_status":"closed","template":"","meta":[],"product_brand":[],"product_cat":[25],"product_tag":[70,97],"class_list":{"0":"post-2313","1":"product","2":"type-product","3":"status-publish","4":"has-post-thumbnail","6":"product_cat-korteliu-skaitytuvai","7":"product_tag-mifare","8":"product_tag-rfid","10":"first","11":"instock","12":"shipping-taxable","13":"purchasable","14":"product-type-simple"},"jetpack_sharing_enabled":true,"_links":{"self":[{"href":"https:\/\/apsaugos.lt\/index.php?rest_route=\/wp\/v2\/product\/2313","targetHints":{"allow":["GET"]}}],"collection":[{"href":"https:\/\/apsaugos.lt\/index.php?rest_route=\/wp\/v2\/product"}],"about":[{"href":"https:\/\/apsaugos.lt\/index.php?rest_route=\/wp\/v2\/types\/product"}],"replies":[{"embeddable":true,"href":"https:\/\/apsaugos.lt\/index.php?rest_route=%2Fwp%2Fv2%2Fcomments&post=2313"}],"wp:featuredmedia":[{"embeddable":true,"href":"https:\/\/apsaugos.lt\/index.php?rest_route=\/wp\/v2\/media\/260"}],"wp:attachment":[{"href":"https:\/\/apsaugos.lt\/index.php?rest_route=%2Fwp%2Fv2%2Fmedia&parent=2313"}],"wp:term":[{"taxonomy":"product_brand","embeddable":true,"href":"https:\/\/apsaugos.lt\/index.php?rest_route=%2Fwp%2Fv2%2Fproduct_brand&post=2313"},{"taxonomy":"product_cat","embeddable":true,"href":"https:\/\/apsaugos.lt\/index.php?rest_route=%2Fwp%2Fv2%2Fproduct_cat&post=2313"},{"taxonomy":"product_tag","embeddable":true,"href":"https:\/\/apsaugos.lt\/index.php?rest_route=%2Fwp%2Fv2%2Fproduct_tag&post=2313"}],"curies":[{"name":"wp","href":"https:\/\/api.w.org\/{rel}","templated":true}]}}