{"id":2318,"date":"2021-02-22T12:24:41","date_gmt":"2021-02-22T10:24:41","guid":{"rendered":"http:\/\/apsaugos.lt\/?product=import-placeholder-for-3544"},"modified":"2021-02-22T12:24:43","modified_gmt":"2021-02-22T10:24:43","slug":"aliumine-tvorele-kelio-uztvarui","status":"publish","type":"product","link":"https:\/\/apsaugos.lt\/?product=aliumine-tvorele-kelio-uztvarui","title":{"rendered":"Aliumin\u0117 tvorel\u0117 kelio u\u017etvarui"},"content":{"rendered":"<p>Aliumin\u0117 tvorel\u0117 kelio u\u017etvarui . Baltai &#8211; raudonai da\u017eyta aliumin\u0117 tvorel\u0117, montuojama kelio u\u017etvaro svirties apa\u010dioje. Ilgis 2000 mm.<\/p>\n<p><img fetchpriority=\"high\" decoding=\"async\" class=\"size-full wp-image-3545 aligncenter\" src=\"http:\/\/ssgrupe.lt\/wp-content\/uploads\/2019\/10\/0-02-04-1742e3a600d0e83fa0d9991dbc5448174df6a21de3dbc14a7b6475086ee9c7a3_fb64626c.jpg\" alt=\"\" width=\"1280\" height=\"960\" \/><\/p>\n","protected":false},"excerpt":{"rendered":"<p>Aliumin\u0117 tvorel\u0117 kelio u\u017etvarui . Baltai &#8211; raudonai da\u017eyta aliumin\u0117 tvorel\u0117, montuojama kelio u\u017etvaro svirties apa\u010dioje. Ilgis 2000 mm.<\/p>\n","protected":false},"featured_media":294,"comment_status":"closed","ping_status":"closed","template":"","meta":[],"product_brand":[],"product_cat":[98],"product_tag":[],"class_list":{"0":"post-2318","1":"product","2":"type-product","3":"status-publish","4":"has-post-thumbnail","6":"product_cat-kelio-uztvaro-kartis","8":"first","9":"instock","10":"shipping-taxable","11":"purchasable","12":"product-type-simple"},"jetpack_sharing_enabled":true,"_links":{"self":[{"href":"https:\/\/apsaugos.lt\/index.php?rest_route=\/wp\/v2\/product\/2318","targetHints":{"allow":["GET"]}}],"collection":[{"href":"https:\/\/apsaugos.lt\/index.php?rest_route=\/wp\/v2\/product"}],"about":[{"href":"https:\/\/apsaugos.lt\/index.php?rest_route=\/wp\/v2\/types\/product"}],"replies":[{"embeddable":true,"href":"https:\/\/apsaugos.lt\/index.php?rest_route=%2Fwp%2Fv2%2Fcomments&post=2318"}],"wp:featuredmedia":[{"embeddable":true,"href":"https:\/\/apsaugos.lt\/index.php?rest_route=\/wp\/v2\/media\/294"}],"wp:attachment":[{"href":"https:\/\/apsaugos.lt\/index.php?rest_route=%2Fwp%2Fv2%2Fmedia&parent=2318"}],"wp:term":[{"taxonomy":"product_brand","embeddable":true,"href":"https:\/\/apsaugos.lt\/index.php?rest_route=%2Fwp%2Fv2%2Fproduct_brand&post=2318"},{"taxonomy":"product_cat","embeddable":true,"href":"https:\/\/apsaugos.lt\/index.php?rest_route=%2Fwp%2Fv2%2Fproduct_cat&post=2318"},{"taxonomy":"product_tag","embeddable":true,"href":"https:\/\/apsaugos.lt\/index.php?rest_route=%2Fwp%2Fv2%2Fproduct_tag&post=2318"}],"curies":[{"name":"wp","href":"https:\/\/api.w.org\/{rel}","templated":true}]}}