{"id":2321,"date":"2021-02-22T12:24:41","date_gmt":"2021-02-22T10:24:41","guid":{"rendered":"http:\/\/apsaugos.lt\/?product=import-placeholder-for-3550"},"modified":"2021-02-22T12:24:44","modified_gmt":"2021-02-22T10:24:44","slug":"indukcines-kilpos-kontroleris-lp21","status":"publish","type":"product","link":"https:\/\/apsaugos.lt\/?product=indukcines-kilpos-kontroleris-lp21","title":{"rendered":"Indukcin\u0117s kilpos kontroleris LP21"},"content":{"rendered":"<ul>\n<li>Kilpos indukcija: optimaliai 80\u00f7300 \u00b5H; ribos 40\u00f71000 \u00b5H<\/li>\n<li>Kilpos laidas: optimlaiai 1.5 \u043c\u043c2, maks. ilgis 200m<\/li>\n<li>1 ir 2 i\u0161\u0117jimai: relinis, maks. 48V &#8211; 1 \u0410 (~)<\/li>\n<li><span lang=\"LT\">LP21 kontroliuoja vien\u0105 indukcin\u0119 kilp\u0105 ir turi vien\u0105 relin\u012f i\u0161\u0117jim\u0105.<\/span><\/li>\n<li>Var\u017ea: &lt; 8 Omai<br \/>\n\u012etampa: 24V nepertraukiamos srov\u0117s +\/- 20%<br \/>\nSantykin\u0117 dr\u0117gm\u0117: 95%<br \/>\nLaido ilgis: maks. 200 m<br \/>\nVeikimo atstumas, m: 3-25<br \/>\nSrov\u0117, mA: 85<br \/>\nAliarmo i\u0161\u0117jimas\/ai relinis, maks.: 40V &#8211; 0.3\u0410 (~)<br \/>\nMonta\u017eas: DIN-lentjuost\u0117 35 mm<br \/>\nApsaugos lygis (IP): IP30<br \/>\nVeikimo temperat\u016bra, (\u00b0C Min\/Max) -20\/+60<br \/>\nMatmenys, mm 94 x 22.5 x 90<\/li>\n<\/ul>\n","protected":false},"excerpt":{"rendered":"<p>Kilpos indukcija: optimaliai 80\u00f7300 \u00b5H; ribos 40\u00f71000 \u00b5H Kilpos laidas: optimlaiai 1.5 \u043c\u043c2, maks. ilgis 200m 1 ir 2 i\u0161\u0117jimai: relinis, maks. 48V &#8211; 1 \u0410 (~) LP21 kontroliuoja vien\u0105 indukcin\u0119 kilp\u0105 ir turi vien\u0105 relin\u012f i\u0161\u0117jim\u0105. Var\u017ea: &lt; 8 Omai \u012etampa: 24V nepertraukiamos srov\u0117s +\/- 20% Santykin\u0117 dr\u0117gm\u0117: 95% Laido ilgis: maks. 200 m [&hellip;]<\/p>\n","protected":false},"featured_media":297,"comment_status":"closed","ping_status":"closed","template":"","meta":[],"product_brand":[],"product_cat":[99],"product_tag":[],"class_list":{"0":"post-2321","1":"product","2":"type-product","3":"status-publish","4":"has-post-thumbnail","6":"product_cat-indukcines-kilpos","8":"first","9":"instock","10":"shipping-taxable","11":"purchasable","12":"product-type-simple"},"jetpack_sharing_enabled":true,"_links":{"self":[{"href":"https:\/\/apsaugos.lt\/index.php?rest_route=\/wp\/v2\/product\/2321","targetHints":{"allow":["GET"]}}],"collection":[{"href":"https:\/\/apsaugos.lt\/index.php?rest_route=\/wp\/v2\/product"}],"about":[{"href":"https:\/\/apsaugos.lt\/index.php?rest_route=\/wp\/v2\/types\/product"}],"replies":[{"embeddable":true,"href":"https:\/\/apsaugos.lt\/index.php?rest_route=%2Fwp%2Fv2%2Fcomments&post=2321"}],"wp:featuredmedia":[{"embeddable":true,"href":"https:\/\/apsaugos.lt\/index.php?rest_route=\/wp\/v2\/media\/297"}],"wp:attachment":[{"href":"https:\/\/apsaugos.lt\/index.php?rest_route=%2Fwp%2Fv2%2Fmedia&parent=2321"}],"wp:term":[{"taxonomy":"product_brand","embeddable":true,"href":"https:\/\/apsaugos.lt\/index.php?rest_route=%2Fwp%2Fv2%2Fproduct_brand&post=2321"},{"taxonomy":"product_cat","embeddable":true,"href":"https:\/\/apsaugos.lt\/index.php?rest_route=%2Fwp%2Fv2%2Fproduct_cat&post=2321"},{"taxonomy":"product_tag","embeddable":true,"href":"https:\/\/apsaugos.lt\/index.php?rest_route=%2Fwp%2Fv2%2Fproduct_tag&post=2321"}],"curies":[{"name":"wp","href":"https:\/\/api.w.org\/{rel}","templated":true}]}}