{"id":2324,"date":"2021-02-22T12:24:41","date_gmt":"2021-02-22T10:24:41","guid":{"rendered":"http:\/\/apsaugos.lt\/?product=import-placeholder-for-3555"},"modified":"2021-02-22T12:24:44","modified_gmt":"2021-02-22T10:24:44","slug":"indukcinis-kilpos-detektorius-12-v-2-kilpu","status":"publish","type":"product","link":"https:\/\/apsaugos.lt\/?product=indukcinis-kilpos-detektorius-12-v-2-kilpu","title":{"rendered":"Indukcinis kilpos detektorius 12 V 2 kilp\u0173"},"content":{"rendered":"<p>Maitinimo \u012ftampa : 12V<br \/>\nKilp\u0173 skai\u010dius : 2<br \/>\nReliniu i\u0161\u0117jimu skai\u010dius : 2<br \/>\nDid\u017eiausiais kilpos ilgis m : 200<br \/>\nReagavimo laikas : 10 ms<br \/>\nDarbinis da\u017enis : nuo 20 Khz iki 170 Khz<br \/>\nKilpos induktyvumo ribos : nuo 50\u03bcH iki 300\u03bcH<br \/>\nJautrumo lygiai : 8<\/p>\n","protected":false},"excerpt":{"rendered":"<p>Maitinimo \u012ftampa : 12V Kilp\u0173 skai\u010dius : 2 Reliniu i\u0161\u0117jimu skai\u010dius : 2 Did\u017eiausiais kilpos ilgis m : 200 Reagavimo laikas : 10 ms Darbinis da\u017enis : nuo 20 Khz iki 170 Khz Kilpos induktyvumo ribos : nuo 50\u03bcH iki 300\u03bcH Jautrumo lygiai : 8<\/p>\n","protected":false},"featured_media":299,"comment_status":"closed","ping_status":"closed","template":"","meta":[],"product_brand":[],"product_cat":[99],"product_tag":[],"class_list":{"0":"post-2324","1":"product","2":"type-product","3":"status-publish","4":"has-post-thumbnail","6":"product_cat-indukcines-kilpos","8":"first","9":"instock","10":"shipping-taxable","11":"purchasable","12":"product-type-simple"},"jetpack_sharing_enabled":true,"_links":{"self":[{"href":"https:\/\/apsaugos.lt\/index.php?rest_route=\/wp\/v2\/product\/2324","targetHints":{"allow":["GET"]}}],"collection":[{"href":"https:\/\/apsaugos.lt\/index.php?rest_route=\/wp\/v2\/product"}],"about":[{"href":"https:\/\/apsaugos.lt\/index.php?rest_route=\/wp\/v2\/types\/product"}],"replies":[{"embeddable":true,"href":"https:\/\/apsaugos.lt\/index.php?rest_route=%2Fwp%2Fv2%2Fcomments&post=2324"}],"wp:featuredmedia":[{"embeddable":true,"href":"https:\/\/apsaugos.lt\/index.php?rest_route=\/wp\/v2\/media\/299"}],"wp:attachment":[{"href":"https:\/\/apsaugos.lt\/index.php?rest_route=%2Fwp%2Fv2%2Fmedia&parent=2324"}],"wp:term":[{"taxonomy":"product_brand","embeddable":true,"href":"https:\/\/apsaugos.lt\/index.php?rest_route=%2Fwp%2Fv2%2Fproduct_brand&post=2324"},{"taxonomy":"product_cat","embeddable":true,"href":"https:\/\/apsaugos.lt\/index.php?rest_route=%2Fwp%2Fv2%2Fproduct_cat&post=2324"},{"taxonomy":"product_tag","embeddable":true,"href":"https:\/\/apsaugos.lt\/index.php?rest_route=%2Fwp%2Fv2%2Fproduct_tag&post=2324"}],"curies":[{"name":"wp","href":"https:\/\/api.w.org\/{rel}","templated":true}]}}